{"id":557,"date":"2025-10-22T19:02:40","date_gmt":"2025-10-22T16:02:40","guid":{"rendered":"https:\/\/pipraveski.ee\/?post_type=product&#038;p=557"},"modified":"2026-04-17T11:32:25","modified_gmt":"2026-04-17T08:32:25","slug":"mirin-kaste-ayoko-150ml","status":"publish","type":"product","link":"https:\/\/pipraveski.ee\/en\/product\/mirin-kaste-ayoko-150ml\/","title":{"rendered":"Mirin sauce, Ayoko, 150ml"},"content":{"rendered":"<p>Ayuko mirin kaste: magus ja v\u00fcrtsikas mirin kaste, mis sobib suurep\u00e4raselt maitses\u00fcgavuse lisamiseks marinaadidele, glasuuridele ja kastmetele Jaapani k\u00f6\u00f6gis.<\/p>\n<p>Koostisosad:&nbsp;vesi, suhkur, jasmiini riis, sool, riis, alkohol<br \/>\nP\u00e4rast avamist hoida k\u00fclmkapis ja kasutada \u00e4ra 4 n\u00e4dala jooksul.<\/p>\n<p>Nutrition information per 100ml:&nbsp;<br \/>\nEnergia 623kJ \/ 147kcal<br \/>\nFat 0g<br \/>\nCarbohydrates 35g<br \/>\nmillest suhkrud 34g<br \/>\nSalt 2,2g<\/p>\n<p>Country of origin: Thailand<\/p>","protected":false},"excerpt":{"rendered":"<p>Ayuko mirin kaste: magus ja v\u00fcrtsikas mirin kaste, mis sobib suurep\u00e4raselt maitses\u00fcgavuse lisamiseks marinaadidele, glasuuridele ja kastmetele Jaapani k\u00f6\u00f6gis. Koostisosad:&nbsp;vesi, suhkur, jasmiini riis, sool, riis, alkohol P\u00e4rast avamist hoida k\u00fclmkapis ja kasutada \u00e4ra 4 n\u00e4dala jooksul. Toitumisalane teave 100ml kohta:&nbsp; Energia 623kJ \/ 147kcal Rasv 0g S\u00fcsivesikud 35g millest suhkrud 34g Sool 2,2g P\u00e4ritolumaa: Tai<\/p>","protected":false},"featured_media":587,"template":"","meta":[],"product_brand":[],"product_cat":[316],"product_tag":[],"class_list":{"0":"post-557","1":"product","2":"type-product","3":"status-publish","4":"has-post-thumbnail","6":"product_cat-aadikad","8":"first","9":"instock","10":"taxable","11":"shipping-taxable","12":"purchasable","13":"product-type-simple"},"_links":{"self":[{"href":"https:\/\/pipraveski.ee\/en\/wp-json\/wp\/v2\/product\/557","targetHints":{"allow":["GET"]}}],"collection":[{"href":"https:\/\/pipraveski.ee\/en\/wp-json\/wp\/v2\/product"}],"about":[{"href":"https:\/\/pipraveski.ee\/en\/wp-json\/wp\/v2\/types\/product"}],"wp:featuredmedia":[{"embeddable":true,"href":"https:\/\/pipraveski.ee\/en\/wp-json\/wp\/v2\/media\/587"}],"wp:attachment":[{"href":"https:\/\/pipraveski.ee\/en\/wp-json\/wp\/v2\/media?parent=557"}],"wp:term":[{"taxonomy":"product_brand","embeddable":true,"href":"https:\/\/pipraveski.ee\/en\/wp-json\/wp\/v2\/product_brand?post=557"},{"taxonomy":"product_cat","embeddable":true,"href":"https:\/\/pipraveski.ee\/en\/wp-json\/wp\/v2\/product_cat?post=557"},{"taxonomy":"product_tag","embeddable":true,"href":"https:\/\/pipraveski.ee\/en\/wp-json\/wp\/v2\/product_tag?post=557"}],"curies":[{"name":"wp","href":"https:\/\/api.w.org\/{rel}","templated":true}]}}