{"id":5563,"date":"2026-02-11T15:25:22","date_gmt":"2026-02-11T13:25:22","guid":{"rendered":"https:\/\/pipraveski.ee\/toode\/roosivesi-east-end-190ml\/"},"modified":"2026-04-17T11:32:35","modified_gmt":"2026-04-17T08:32:35","slug":"roosivesi-east-end-190ml","status":"publish","type":"product","link":"https:\/\/pipraveski.ee\/en\/product\/roosivesi-east-end-190ml\/","title":{"rendered":"Roosivesi, East End, 190ml"},"content":{"rendered":"<p>See on v\u00e4ga eriline toode t\u00f5elistele Aasia nautijatele: roosivesi on oluline vedelik, mida ekstraheeritakse roosist v\u00f5i roosi\u00f5li valmistamisel roosi kroonlehtedest.<br \/>\nSaadud roosivett \u2013 tuntud ka kui roosih\u00fcdrolaadi \u2013 kasutatakse n\u00e4iteks martsipani valmistamiseks, kuid seda kasutatakse ka erinevates Kaug-Ida k\u00f6\u00f6kides roogade viimistlemiseks.<br \/>\nPaljud tootjad asuvad T\u00fcrgis, Liibanonis v\u00f5i Marokos, kust see toode ka p\u00e4rineb.<br \/>\nPuhtalt kulinaarsest aspektist vaadatuna kasutatakse roosivett n\u00e4iteks India, Araabia, Iraani, T\u00fcrgi ja ka siin maal juba enam levinud Prantsuse k\u00f6\u00f6gis, et tuua roogadesse eksootiline, v\u00f5rreldamatu aroom. Sellel on armas kerge aroom, mis on kasulik nii soolastele kui ka magusatele toitudele.<br \/>\nRoosivett kasutatakse aga sageli jookide (nt kokteilide) v\u00f5i kosmeetikatoodete valmistamiseks, sest v\u00e4idetavalt avaldab see positiivset m\u00f5ju nahale, pooridele ja jumele.<br \/>\nKoostisosad: puhastatud allikavesi ja roosiessents.<\/p>\n<p>Toitumisalane teave (100 ml kohta)<br \/>\nEnergiasisaldus: 14 KJ \/ 3 kcal<br \/>\nRasvad: v\u00e4hem kui 0,5 g<br \/>\n&#8211; millest k\u00fcllastunud: 0 g<br \/>\nS\u00fcsivesikud: v\u00e4hem kui 0,1 g<br \/>\n&#8211; millest suhkrud: 0 g<br \/>\nValgud: v\u00e4hem kui 0,5 g<br \/>\nSool: 0,05 g<br \/>\n&nbsp;<\/p>","protected":false},"excerpt":{"rendered":"<p>Roosivesi on traditsiooniline India magustoidumaitseaine.<\/p>","protected":false},"featured_media":5562,"template":"","meta":[],"product_brand":[],"product_cat":[15],"product_tag":[],"class_list":{"0":"post-5563","1":"product","2":"type-product","3":"status-publish","4":"has-post-thumbnail","6":"product_cat-maaramata","8":"first","9":"instock","10":"taxable","11":"shipping-taxable","12":"purchasable","13":"product-type-simple"},"_links":{"self":[{"href":"https:\/\/pipraveski.ee\/en\/wp-json\/wp\/v2\/product\/5563","targetHints":{"allow":["GET"]}}],"collection":[{"href":"https:\/\/pipraveski.ee\/en\/wp-json\/wp\/v2\/product"}],"about":[{"href":"https:\/\/pipraveski.ee\/en\/wp-json\/wp\/v2\/types\/product"}],"wp:featuredmedia":[{"embeddable":true,"href":"https:\/\/pipraveski.ee\/en\/wp-json\/wp\/v2\/media\/5562"}],"wp:attachment":[{"href":"https:\/\/pipraveski.ee\/en\/wp-json\/wp\/v2\/media?parent=5563"}],"wp:term":[{"taxonomy":"product_brand","embeddable":true,"href":"https:\/\/pipraveski.ee\/en\/wp-json\/wp\/v2\/product_brand?post=5563"},{"taxonomy":"product_cat","embeddable":true,"href":"https:\/\/pipraveski.ee\/en\/wp-json\/wp\/v2\/product_cat?post=5563"},{"taxonomy":"product_tag","embeddable":true,"href":"https:\/\/pipraveski.ee\/en\/wp-json\/wp\/v2\/product_tag?post=5563"}],"curies":[{"name":"wp","href":"https:\/\/api.w.org\/{rel}","templated":true}]}}