{"id":5561,"date":"2026-02-11T13:55:21","date_gmt":"2026-02-11T11:55:21","guid":{"rendered":"https:\/\/pipraveski.ee\/toode\/mandlijahu-east-end-300g\/"},"modified":"2026-04-08T10:40:50","modified_gmt":"2026-04-08T07:40:50","slug":"mandlijahu-east-end-300g","status":"publish","type":"product","link":"https:\/\/pipraveski.ee\/en\/product\/mandlijahu-east-end-300g\/","title":{"rendered":"Mandlijahu, East End, 300g"},"content":{"rendered":"<p>Ground almonds can be used as a thickener in sauces, on top of casseroles, in almond milk, in baking biscuits and cakes, in almond butter.<br \/>\nAlmonds are very nutritious and contain healthy fatty acids. Almonds contain up to 20 percent protein and are a good source of potassium, magnesium, calcium, iron, zinc and vitamin E.<\/p>\n<p><strong>Ingredients<\/strong>: 100% jahvatatud mandlid.<br \/>\n<strong>Suitable for vegetarians.<\/strong><\/p>\n<p>Nutrition information per 100g<br \/>\nEnergiasisaldus 644kcal\/2661kj<br \/>\nRasvad 54,0g<br \/>\nmillest k\u00fcllastunud rasvhappeid 4,2g<br \/>\nCarbohydrates 10,0g&nbsp;<br \/>\nof which sugars 6,9g<br \/>\nFibre 10,6g<br \/>\nValgud 24,0g<br \/>\nSool 0.02g<\/p>\n<p><strong>P\u00e4ritolumaa:UK<\/strong><\/p>\n<p><strong>Storage:&nbsp;<\/strong>Store in a dry, cool place out of the sun.&nbsp;<\/p>","protected":false},"excerpt":{"rendered":"<p>Jahvatatud mandleid saab kasutada paksendajana kastmetes, vormiroogade peal, mandlipiima valmistamisel, k\u00fcpsiste ja kookide k\u00fcpsetamisel, mandliv\u00f5i valmistamisel. Mandlid on v\u00e4ga toitainerikkad ning sisaldavad tervislikke rasvhappeid. Mandlite koostises on kuni 20 protsenti valku, samuti on nad heaks kaaliumi, magneesiumi, kaltsiumi, raua, tsingi ja E-vitamiini allikaks. Koostisosad: 100% jahvatatud mandlid. Sobilik taimetoitlastele. Toitumisalane teave 100g kohta Energiasisaldus 644kcal\/2661kj [&hellip;]<\/p>\n","protected":false},"featured_media":5560,"template":"","meta":[],"product_brand":[],"product_cat":[15],"product_tag":[],"class_list":{"0":"post-5561","1":"product","2":"type-product","3":"status-publish","4":"has-post-thumbnail","6":"product_cat-maaramata","8":"first","9":"instock","10":"taxable","11":"shipping-taxable","12":"purchasable","13":"product-type-simple"},"_links":{"self":[{"href":"https:\/\/pipraveski.ee\/en\/wp-json\/wp\/v2\/product\/5561","targetHints":{"allow":["GET"]}}],"collection":[{"href":"https:\/\/pipraveski.ee\/en\/wp-json\/wp\/v2\/product"}],"about":[{"href":"https:\/\/pipraveski.ee\/en\/wp-json\/wp\/v2\/types\/product"}],"wp:featuredmedia":[{"embeddable":true,"href":"https:\/\/pipraveski.ee\/en\/wp-json\/wp\/v2\/media\/5560"}],"wp:attachment":[{"href":"https:\/\/pipraveski.ee\/en\/wp-json\/wp\/v2\/media?parent=5561"}],"wp:term":[{"taxonomy":"product_brand","embeddable":true,"href":"https:\/\/pipraveski.ee\/en\/wp-json\/wp\/v2\/product_brand?post=5561"},{"taxonomy":"product_cat","embeddable":true,"href":"https:\/\/pipraveski.ee\/en\/wp-json\/wp\/v2\/product_cat?post=5561"},{"taxonomy":"product_tag","embeddable":true,"href":"https:\/\/pipraveski.ee\/en\/wp-json\/wp\/v2\/product_tag?post=5561"}],"curies":[{"name":"wp","href":"https:\/\/api.w.org\/{rel}","templated":true}]}}