{"id":5559,"date":"2026-02-11T13:55:21","date_gmt":"2026-02-11T11:55:21","guid":{"rendered":"https:\/\/pipraveski.ee\/toode\/mandlioli-east-end-300ml\/"},"modified":"2026-04-17T11:32:59","modified_gmt":"2026-04-17T08:32:59","slug":"mandlioli-east-end-300ml","status":"publish","type":"product","link":"https:\/\/pipraveski.ee\/en\/product\/mandlioli-east-end-300ml\/","title":{"rendered":"Mandli\u00f5li, East End, 300ml"},"content":{"rendered":"<p>Mandli\u00f5li sobib ideaalselt juuksehoolduseks ja rahustavaks massaa\u017eiks. See imendub kiiresti, on neutraalne, l\u00f5hnatu, mist\u00f5ttu sobib ideaalselt nahahoolduseks.<br \/>\nSamuti saab mandli\u00f5li kasutada k\u00f6\u00f6gis. East Endi mandli\u00f5li on puhas ja t\u00e4iesti lisanditeta.<\/p>\n<p>Koostisosad: 100% mandli\u00f5li.<\/p>\n<p>Nutrition information per 100ml<br \/>\nEnergiat 3765 kJ \/900 kcal<br \/>\nRasvad 100,0 g<br \/>\nmillest k\u00fcllastunud rasvhappeid 8,2g<br \/>\nS\u00fcsivesikud 0 g<br \/>\nof which sugars 0g<br \/>\nValk 0,00g<br \/>\nSool 0,00g<\/p>\n<p>P\u00e4ritolumaa: Hispaania<br \/>\n&nbsp;<\/p>","protected":false},"excerpt":{"rendered":"<p>Mandli\u00f5li sobib ideaalselt juuksehoolduseks ja rahustavaks massaa\u017eiks. See imendub kiiresti, on neutraalne, l\u00f5hnatu, mist\u00f5ttu sobib ideaalselt nahahoolduseks. Samuti saab mandli\u00f5li kasutada k\u00f6\u00f6gis. East Endi mandli\u00f5li on puhas ja t\u00e4iesti lisanditeta. Koostisosad: 100% mandli\u00f5li. Toitumisalane teave 100ml kohta Energiat 3765 kJ \/900 kcal Rasvad 100,0 g millest k\u00fcllastunud rasvhappeid 8,2g S\u00fcsivesikud 0 g millest suhkrud 0g [&hellip;]<\/p>\n","protected":false},"featured_media":5558,"template":"","meta":[],"product_brand":[],"product_cat":[15],"product_tag":[],"class_list":{"0":"post-5559","1":"product","2":"type-product","3":"status-publish","4":"has-post-thumbnail","6":"product_cat-maaramata","8":"first","9":"instock","10":"taxable","11":"shipping-taxable","12":"purchasable","13":"product-type-simple"},"_links":{"self":[{"href":"https:\/\/pipraveski.ee\/en\/wp-json\/wp\/v2\/product\/5559","targetHints":{"allow":["GET"]}}],"collection":[{"href":"https:\/\/pipraveski.ee\/en\/wp-json\/wp\/v2\/product"}],"about":[{"href":"https:\/\/pipraveski.ee\/en\/wp-json\/wp\/v2\/types\/product"}],"wp:featuredmedia":[{"embeddable":true,"href":"https:\/\/pipraveski.ee\/en\/wp-json\/wp\/v2\/media\/5558"}],"wp:attachment":[{"href":"https:\/\/pipraveski.ee\/en\/wp-json\/wp\/v2\/media?parent=5559"}],"wp:term":[{"taxonomy":"product_brand","embeddable":true,"href":"https:\/\/pipraveski.ee\/en\/wp-json\/wp\/v2\/product_brand?post=5559"},{"taxonomy":"product_cat","embeddable":true,"href":"https:\/\/pipraveski.ee\/en\/wp-json\/wp\/v2\/product_cat?post=5559"},{"taxonomy":"product_tag","embeddable":true,"href":"https:\/\/pipraveski.ee\/en\/wp-json\/wp\/v2\/product_tag?post=5559"}],"curies":[{"name":"wp","href":"https:\/\/api.w.org\/{rel}","templated":true}]}}