{"id":555,"date":"2025-10-22T19:02:40","date_gmt":"2025-10-22T16:02:40","guid":{"rendered":"https:\/\/pipraveski.ee\/?post_type=product&#038;p=555"},"modified":"2026-04-17T11:32:37","modified_gmt":"2026-04-17T08:32:37","slug":"praeliha-vurtsisool-200g","status":"publish","type":"product","link":"https:\/\/pipraveski.ee\/en\/product\/praeliha-vurtsisool-200g\/","title":{"rendered":"Praeliha v\u00fcrtsisool, HELA, 200g"},"content":{"rendered":"<p>Grill- ja praelihale, linnulihale, kastmetele.<\/p>\n<p>Kulunorm: 20-25g 1kg kohta.<\/p>\n<p>Koostisosad: sool(62%), dekstroos, muskaatp\u00e4hkel, paprika, maitsetugevdaja E621, pipar, muskaat\u00f5is, k\u00f6\u00f6mned, v\u00fcrtsid ja maitseained.<br \/>\n<strong>Suuremat pakendit soovides ootame teie e-kirju aadressile myyk@pipraveski.ee<\/strong><\/p>","protected":false},"excerpt":{"rendered":"<p>Grill- ja praelihale, linnulihale, kastmetele. Kulunorm: 20-25g 1kg kohta. Koostisosad: sool(62%), dekstroos, muskaatp\u00e4hkel, paprika, maitsetugevdaja E621, pipar, muskaat\u00f5is, k\u00f6\u00f6mned, v\u00fcrtsid ja maitseained. Suuremat pakendit soovides ootame teie e-kirju aadressile myyk@pipraveski.ee<\/p>","protected":false},"featured_media":585,"template":"","meta":[],"product_brand":[244],"product_cat":[307],"product_tag":[],"class_list":{"0":"post-555","1":"product","2":"type-product","3":"status-publish","4":"has-post-thumbnail","6":"product_brand-hela","7":"product_cat-maitseainesegud","9":"first","10":"instock","11":"taxable","12":"shipping-taxable","13":"purchasable","14":"product-type-simple"},"_links":{"self":[{"href":"https:\/\/pipraveski.ee\/en\/wp-json\/wp\/v2\/product\/555","targetHints":{"allow":["GET"]}}],"collection":[{"href":"https:\/\/pipraveski.ee\/en\/wp-json\/wp\/v2\/product"}],"about":[{"href":"https:\/\/pipraveski.ee\/en\/wp-json\/wp\/v2\/types\/product"}],"wp:featuredmedia":[{"embeddable":true,"href":"https:\/\/pipraveski.ee\/en\/wp-json\/wp\/v2\/media\/585"}],"wp:attachment":[{"href":"https:\/\/pipraveski.ee\/en\/wp-json\/wp\/v2\/media?parent=555"}],"wp:term":[{"taxonomy":"product_brand","embeddable":true,"href":"https:\/\/pipraveski.ee\/en\/wp-json\/wp\/v2\/product_brand?post=555"},{"taxonomy":"product_cat","embeddable":true,"href":"https:\/\/pipraveski.ee\/en\/wp-json\/wp\/v2\/product_cat?post=555"},{"taxonomy":"product_tag","embeddable":true,"href":"https:\/\/pipraveski.ee\/en\/wp-json\/wp\/v2\/product_tag?post=555"}],"curies":[{"name":"wp","href":"https:\/\/api.w.org\/{rel}","templated":true}]}}