{"id":554,"date":"2025-10-22T19:02:40","date_gmt":"2025-10-22T16:02:40","guid":{"rendered":"https:\/\/pipraveski.ee\/?post_type=product&#038;p=554"},"modified":"2026-04-17T11:32:50","modified_gmt":"2026-04-17T08:32:50","slug":"veini-taaskaivitaja-restart","status":"publish","type":"product","link":"https:\/\/pipraveski.ee\/en\/product\/veini-taaskaivitaja-restart\/","title":{"rendered":"Wine restarter \/ Restart"},"content":{"rendered":"<p><span style=\"font-family: Lato, Arial, Helvetica, sans-serif;font-size: 14px\">25L wine if the wine does not ferment or has finished fermentation too early.<\/span><br \/>\nHow to use: mix the yeast with warm water (20-27 degrees) and add to the wine.<\/p>","protected":false},"excerpt":{"rendered":"<p>25L veinile, kui vein ei l\u00e4he k\u00e4ima v\u00f5i on l\u00f5petanud k\u00e4\u00e4rimise liiga vara. Kasutamine: Segada p\u00e4rm sooja veega (20-27kraadi) ning lisada veinin\u00f5usse.<\/p>","protected":false},"featured_media":584,"template":"","meta":[],"product_brand":[],"product_cat":[328],"product_tag":[],"class_list":{"0":"post-554","1":"product","2":"type-product","3":"status-publish","4":"has-post-thumbnail","6":"product_cat-veini-ja-olletarvikud","8":"first","9":"instock","10":"taxable","11":"shipping-taxable","12":"purchasable","13":"product-type-simple"},"_links":{"self":[{"href":"https:\/\/pipraveski.ee\/en\/wp-json\/wp\/v2\/product\/554","targetHints":{"allow":["GET"]}}],"collection":[{"href":"https:\/\/pipraveski.ee\/en\/wp-json\/wp\/v2\/product"}],"about":[{"href":"https:\/\/pipraveski.ee\/en\/wp-json\/wp\/v2\/types\/product"}],"wp:featuredmedia":[{"embeddable":true,"href":"https:\/\/pipraveski.ee\/en\/wp-json\/wp\/v2\/media\/584"}],"wp:attachment":[{"href":"https:\/\/pipraveski.ee\/en\/wp-json\/wp\/v2\/media?parent=554"}],"wp:term":[{"taxonomy":"product_brand","embeddable":true,"href":"https:\/\/pipraveski.ee\/en\/wp-json\/wp\/v2\/product_brand?post=554"},{"taxonomy":"product_cat","embeddable":true,"href":"https:\/\/pipraveski.ee\/en\/wp-json\/wp\/v2\/product_cat?post=554"},{"taxonomy":"product_tag","embeddable":true,"href":"https:\/\/pipraveski.ee\/en\/wp-json\/wp\/v2\/product_tag?post=554"}],"curies":[{"name":"wp","href":"https:\/\/api.w.org\/{rel}","templated":true}]}}