{"id":552,"date":"2025-10-22T19:02:40","date_gmt":"2025-10-22T16:02:40","guid":{"rendered":"https:\/\/pipraveski.ee\/?post_type=product&#038;p=552"},"modified":"2026-04-17T11:32:31","modified_gmt":"2026-04-17T08:32:31","slug":"puuviljamahlajook-guyabano-500ml","status":"publish","type":"product","link":"https:\/\/pipraveski.ee\/en\/product\/puuviljamahlajook-guyabano-500ml\/","title":{"rendered":"Fruit juice drink Guyabano, 500ml"},"content":{"rendered":"<p>Cool Taste Guyabano (Soursop) Mahl k\u00e4ep\u00e4rases pakendis on maitsev kosutus ja sobib suurep\u00e4raselt ka reisimisel.&nbsp;<\/p>\n<p>Koostisosad:&nbsp;vesi, suhkur, soursop p\u00fcree 10%, toiduhape: sidrunhape, antioks\u00fcdant: askorbiinhape, aroom<br \/>\nAllergeenivaba, maitsetugevdajavaba. Hea valik ka taimetoitlastele.<\/p>\n<p>Keskmine toitumisalane teave 100ml kohta<br \/>\nk\u00fcttev\u00e4\u00e4rtus 262 kJ \/ 63 kcal<br \/>\nFat 0,5g<br \/>\n&#8211; sellest: k\u00fcllastunud rasvhapped 0g<br \/>\ns\u00fcsivesikud 15g<br \/>\n&#8211; millest suhkur 14g<br \/>\nvalku 0g<br \/>\nSalt 0,01g<\/p>","protected":false},"excerpt":{"rendered":"<p>Cool Taste Guyabano (Soursop) Mahl k\u00e4ep\u00e4rases pakendis on maitsev kosutus ja sobib suurep\u00e4raselt ka reisimisel.&nbsp; Koostisosad:&nbsp;vesi, suhkur, soursop p\u00fcree 10%, toiduhape: sidrunhape, antioks\u00fcdant: askorbiinhape, aroom Allergeenivaba, maitsetugevdajavaba. Hea valik ka taimetoitlastele. Keskmine toitumisalane teave 100ml kohta k\u00fcttev\u00e4\u00e4rtus 262 kJ \/ 63 kcal Rasv 0,5g &#8211; sellest: k\u00fcllastunud rasvhapped 0g s\u00fcsivesikud 15g &#8211; millest suhkur 14g [&hellip;]<\/p>\n","protected":false},"featured_media":582,"template":"","meta":[],"product_brand":[],"product_cat":[326],"product_tag":[],"class_list":{"0":"post-552","1":"product","2":"type-product","3":"status-publish","4":"has-post-thumbnail","6":"product_cat-joogid","8":"first","9":"instock","10":"taxable","11":"shipping-taxable","12":"purchasable","13":"product-type-simple"},"_links":{"self":[{"href":"https:\/\/pipraveski.ee\/en\/wp-json\/wp\/v2\/product\/552","targetHints":{"allow":["GET"]}}],"collection":[{"href":"https:\/\/pipraveski.ee\/en\/wp-json\/wp\/v2\/product"}],"about":[{"href":"https:\/\/pipraveski.ee\/en\/wp-json\/wp\/v2\/types\/product"}],"wp:featuredmedia":[{"embeddable":true,"href":"https:\/\/pipraveski.ee\/en\/wp-json\/wp\/v2\/media\/582"}],"wp:attachment":[{"href":"https:\/\/pipraveski.ee\/en\/wp-json\/wp\/v2\/media?parent=552"}],"wp:term":[{"taxonomy":"product_brand","embeddable":true,"href":"https:\/\/pipraveski.ee\/en\/wp-json\/wp\/v2\/product_brand?post=552"},{"taxonomy":"product_cat","embeddable":true,"href":"https:\/\/pipraveski.ee\/en\/wp-json\/wp\/v2\/product_cat?post=552"},{"taxonomy":"product_tag","embeddable":true,"href":"https:\/\/pipraveski.ee\/en\/wp-json\/wp\/v2\/product_tag?post=552"}],"curies":[{"name":"wp","href":"https:\/\/api.w.org\/{rel}","templated":true}]}}