{"id":551,"date":"2025-10-22T19:02:40","date_gmt":"2025-10-22T16:02:40","guid":{"rendered":"https:\/\/pipraveski.ee\/?post_type=product&#038;p=551"},"modified":"2026-04-17T11:33:09","modified_gmt":"2026-04-17T08:33:09","slug":"tom-yum-maapahklid-140g","status":"publish","type":"product","link":"https:\/\/pipraveski.ee\/en\/product\/tom-yum-maapahklid-140g\/","title":{"rendered":"Tom Yum peanuts, 140g"},"content":{"rendered":"<p>Koostisosad: MAAP\u00c4HKLID 64%, NISUjahu, modifitseeritud maisit\u00e4rklis, roosuhkur, palmi\u00f5li, sool, paprikapulber, t\u0161illipulber, sidrunhein, oregano<\/p>\n<p><span style=\"font-size: 13px\">Nutrition information per 100g:<\/span><br style=\"font-size: 13px\" \/><br \/>\n<span style=\"font-size: 13px\">Energiasisaldus 2007 kJ \/ 480 kcal<\/span><br style=\"font-size: 13px\" \/><br \/>\n<span style=\"font-size: 13px\">Rasvad 23g<\/span><br style=\"font-size: 13px\" \/><br \/>\n<span style=\"font-size: 13px\">of which saturated fatty acids 6,1g<\/span><br style=\"font-size: 13px\" \/><br \/>\n<span style=\"font-size: 13px\">S\u00fcsivesikud 44 g<\/span><br style=\"font-size: 13px\" \/><br \/>\n<span style=\"font-size: 13px\">of which sugars 12 g<\/span><br style=\"font-size: 13px\" \/><br \/>\n<span style=\"font-size: 13px\">Protein 22 g<\/span><br style=\"font-size: 13px\" \/><br \/>\n<span style=\"font-size: 13px\">Salt 1,8 g<\/span><\/p>\n<p>Country of origin: China<br \/>\n&nbsp;<\/p>","protected":false},"excerpt":{"rendered":"<p>M\u00f5nusad, kr\u00f5mpsuvad Tom Yum kattega maap\u00e4hklid!<br \/>\nH\u00f5rguks v\u00fcrtsikaks maitseelamuseks!<\/p>","protected":false},"featured_media":581,"template":"","meta":[],"product_brand":[],"product_cat":[324],"product_tag":[],"class_list":{"0":"post-551","1":"product","2":"type-product","3":"status-publish","4":"has-post-thumbnail","6":"product_cat-maiustused-snakid","8":"first","9":"instock","10":"taxable","11":"shipping-taxable","12":"purchasable","13":"product-type-simple"},"_links":{"self":[{"href":"https:\/\/pipraveski.ee\/en\/wp-json\/wp\/v2\/product\/551","targetHints":{"allow":["GET"]}}],"collection":[{"href":"https:\/\/pipraveski.ee\/en\/wp-json\/wp\/v2\/product"}],"about":[{"href":"https:\/\/pipraveski.ee\/en\/wp-json\/wp\/v2\/types\/product"}],"wp:featuredmedia":[{"embeddable":true,"href":"https:\/\/pipraveski.ee\/en\/wp-json\/wp\/v2\/media\/581"}],"wp:attachment":[{"href":"https:\/\/pipraveski.ee\/en\/wp-json\/wp\/v2\/media?parent=551"}],"wp:term":[{"taxonomy":"product_brand","embeddable":true,"href":"https:\/\/pipraveski.ee\/en\/wp-json\/wp\/v2\/product_brand?post=551"},{"taxonomy":"product_cat","embeddable":true,"href":"https:\/\/pipraveski.ee\/en\/wp-json\/wp\/v2\/product_cat?post=551"},{"taxonomy":"product_tag","embeddable":true,"href":"https:\/\/pipraveski.ee\/en\/wp-json\/wp\/v2\/product_tag?post=551"}],"curies":[{"name":"wp","href":"https:\/\/api.w.org\/{rel}","templated":true}]}}