{"id":546,"date":"2025-10-22T19:02:39","date_gmt":"2025-10-22T16:02:39","guid":{"rendered":"https:\/\/pipraveski.ee\/?post_type=product&#038;p=546"},"modified":"2026-04-17T11:33:15","modified_gmt":"2026-04-17T08:33:15","slug":"tsilliseemned-cayenne-thick-chili-10tk","status":"publish","type":"product","link":"https:\/\/pipraveski.ee\/en\/product\/tsilliseemned-cayenne-thick-chili-10tk\/","title":{"rendered":"Chilli Seeds, Cayenne Thick Chilli, 10pcs"},"content":{"rendered":"<p>Cayenne Long Red Thick Chili on USA-st p\u00e4rit kuulsa Cayenne Chili aretus. Taimed on p\u00f5\u00f5sad ja kasvavad kuni u. 75 cm k\u00f5rgeks. Neis areneb v\u00e4lja erinevaid t\u00fc\u00fcpilisi looklevaid t\u0161illikaunu (umbes 2 x 14 cm), mis valmivad erkpunaseks ja on m\u00f5nev\u00f5rra lihavamad kui algsed Cayennes&#8217;id. Cayenne Long Red Thick t\u0161illid sobivad k\u00f5ige paremini igasuguste v\u00fcrtsikate roogade juurde. Need sobivad suurep\u00e4raselt ka kuivatamiseks ja marineerimiseks.<br \/>\n15.000 &#8211; 30.000 SHU<\/p>\n<p>Idanemistemperatuur on vahemikus 22\u201328\u00b0C (idanemisperiood 7\u201320 p\u00e4eva), seet\u00f5ttu on soovitatav kasutada kasvuhoonet ja k\u00fcttematti. Taimed vajavad v\u00e4rsket, h\u00e4sti v\u00e4etatud, vett l\u00e4bilaskvat mulda ega talu vettimist. Need tuleks istutada p\u00e4ikesepaistelisse, kaitstud kohta, kus on v\u00e4hemalt 6 tundi p\u00e4ikesevalgust \u2013 soovitavalt rohkem. Pane taimed \u00f5ue u. 2\u20133 n\u00e4dalat p\u00e4rast viimast k\u00fclma.<br \/>\n&nbsp;<\/p>","protected":false},"excerpt":{"rendered":"<p>Cayenne&#8217;i t\u0161illi on maailmas \u00fcks levinumaid t\u0161illi sorte ja t\u00f5eline v\u00fcrtside klassika.<\/p>","protected":false},"featured_media":576,"template":"","meta":[],"product_brand":[],"product_cat":[329],"product_tag":[],"class_list":{"0":"post-546","1":"product","2":"type-product","3":"status-publish","4":"has-post-thumbnail","6":"product_cat-tsillikasvatus","8":"first","9":"instock","10":"taxable","11":"shipping-taxable","12":"purchasable","13":"product-type-simple"},"_links":{"self":[{"href":"https:\/\/pipraveski.ee\/en\/wp-json\/wp\/v2\/product\/546","targetHints":{"allow":["GET"]}}],"collection":[{"href":"https:\/\/pipraveski.ee\/en\/wp-json\/wp\/v2\/product"}],"about":[{"href":"https:\/\/pipraveski.ee\/en\/wp-json\/wp\/v2\/types\/product"}],"wp:featuredmedia":[{"embeddable":true,"href":"https:\/\/pipraveski.ee\/en\/wp-json\/wp\/v2\/media\/576"}],"wp:attachment":[{"href":"https:\/\/pipraveski.ee\/en\/wp-json\/wp\/v2\/media?parent=546"}],"wp:term":[{"taxonomy":"product_brand","embeddable":true,"href":"https:\/\/pipraveski.ee\/en\/wp-json\/wp\/v2\/product_brand?post=546"},{"taxonomy":"product_cat","embeddable":true,"href":"https:\/\/pipraveski.ee\/en\/wp-json\/wp\/v2\/product_cat?post=546"},{"taxonomy":"product_tag","embeddable":true,"href":"https:\/\/pipraveski.ee\/en\/wp-json\/wp\/v2\/product_tag?post=546"}],"curies":[{"name":"wp","href":"https:\/\/api.w.org\/{rel}","templated":true}]}}