{"id":514,"date":"2025-10-22T19:02:28","date_gmt":"2025-10-22T16:02:28","guid":{"rendered":"https:\/\/pipraveski.ee\/?post_type=product&#038;p=514"},"modified":"2026-04-17T11:32:22","modified_gmt":"2026-04-17T08:32:22","slug":"sidrunhein-kulmkuivatatud-10g","status":"publish","type":"product","link":"https:\/\/pipraveski.ee\/en\/product\/sidrunhein-kulmkuivatatud-10g\/","title":{"rendered":"Lemongrass, freeze-dried, HELA, 10g"},"content":{"rendered":"<p>Sidrunhein on troopilisel saarel kasvav taim\/\u00fcrt. Sidrunheina kasvatatakse tavaliselt kulinaarsetel ja meditsiinilistel eesm\u00e4rkidel, eriti selle l\u00f5hna t\u00f5ttu, mis sarnaneb sidruniga. S\u00e4ilitage sidrunheina jahedas, pimedas ja \u00f5hukindlas anumas.<br \/>\n<span style=\"font-size:14px\"><span style=\", Arial, Helvetica, sans-serif\">Kasutatakse marinaadide, suppide, \u00fchepajatoitude, vokiroogade ja kala maitsestamiseks, aga ka mahedalt hapuka maitsega kuuma tee valmistamiseks.<\/span><\/span><\/p>","protected":false},"excerpt":{"rendered":"<p>Sidrunhein on troopilisel saarel kasvav taim\/\u00fcrt. Sidrunheina kasvatatakse tavaliselt kulinaarsetel ja meditsiinilistel eesm\u00e4rkidel, eriti selle l\u00f5hna t\u00f5ttu, mis sarnaneb sidruniga. S\u00e4ilitage sidrunheina jahedas, pimedas ja \u00f5hukindlas anumas. Kasutatakse marinaadide, suppide, \u00fchepajatoitude, vokiroogade ja kala maitsestamiseks, aga ka mahedalt hapuka maitsega kuuma tee valmistamiseks.<\/p>","protected":false},"featured_media":543,"template":"","meta":[],"product_brand":[244],"product_cat":[305],"product_tag":[],"class_list":{"0":"post-514","1":"product","2":"type-product","3":"status-publish","4":"has-post-thumbnail","6":"product_brand-hela","7":"product_cat-urdid-kulmkuivatatud-urdid","9":"first","10":"instock","11":"taxable","12":"shipping-taxable","13":"purchasable","14":"product-type-simple"},"_links":{"self":[{"href":"https:\/\/pipraveski.ee\/en\/wp-json\/wp\/v2\/product\/514","targetHints":{"allow":["GET"]}}],"collection":[{"href":"https:\/\/pipraveski.ee\/en\/wp-json\/wp\/v2\/product"}],"about":[{"href":"https:\/\/pipraveski.ee\/en\/wp-json\/wp\/v2\/types\/product"}],"wp:featuredmedia":[{"embeddable":true,"href":"https:\/\/pipraveski.ee\/en\/wp-json\/wp\/v2\/media\/543"}],"wp:attachment":[{"href":"https:\/\/pipraveski.ee\/en\/wp-json\/wp\/v2\/media?parent=514"}],"wp:term":[{"taxonomy":"product_brand","embeddable":true,"href":"https:\/\/pipraveski.ee\/en\/wp-json\/wp\/v2\/product_brand?post=514"},{"taxonomy":"product_cat","embeddable":true,"href":"https:\/\/pipraveski.ee\/en\/wp-json\/wp\/v2\/product_cat?post=514"},{"taxonomy":"product_tag","embeddable":true,"href":"https:\/\/pipraveski.ee\/en\/wp-json\/wp\/v2\/product_tag?post=514"}],"curies":[{"name":"wp","href":"https:\/\/api.w.org\/{rel}","templated":true}]}}