{"id":513,"date":"2025-10-22T19:02:28","date_gmt":"2025-10-22T16:02:28","guid":{"rendered":"https:\/\/pipraveski.ee\/?post_type=product&#038;p=513"},"modified":"2026-04-17T11:32:08","modified_gmt":"2026-04-17T08:32:08","slug":"safloor-varvohakas-150g","status":"publish","type":"product","link":"https:\/\/pipraveski.ee\/en\/product\/safloor-varvohakas-150g\/","title":{"rendered":"Safflower (colourless), HELA, 150g"},"content":{"rendered":"<p>Safloor ehk v\u00e4rvohakas.<\/p>\n<p>Safloori kasutakse vahel k\u00fcpsetamisel safrani asendusena.<br \/>\nTa lisb toidule oran\u017e\/kollase v\u00e4rvuse.<br \/>\nSamuti juuakse teena 2-3g p\u00e4evas ning lisatakse dekoorv\u00fcrtsina nii kuumadele kui k\u00fclmadele roogadele.<\/p>\n<p>Safloor sobib v\u00e4rvi andmiseks ka tekstiilile.<\/p>","protected":false},"excerpt":{"rendered":"<p>Safloor ehk v\u00e4rvohakas<\/p>","protected":false},"featured_media":542,"template":"","meta":[],"product_brand":[244],"product_cat":[306],"product_tag":[],"class_list":{"0":"post-513","1":"product","2":"type-product","3":"status-publish","4":"has-post-thumbnail","6":"product_brand-hela","7":"product_cat-dekoor","9":"first","10":"instock","11":"taxable","12":"shipping-taxable","13":"purchasable","14":"product-type-simple"},"_links":{"self":[{"href":"https:\/\/pipraveski.ee\/en\/wp-json\/wp\/v2\/product\/513","targetHints":{"allow":["GET"]}}],"collection":[{"href":"https:\/\/pipraveski.ee\/en\/wp-json\/wp\/v2\/product"}],"about":[{"href":"https:\/\/pipraveski.ee\/en\/wp-json\/wp\/v2\/types\/product"}],"wp:featuredmedia":[{"embeddable":true,"href":"https:\/\/pipraveski.ee\/en\/wp-json\/wp\/v2\/media\/542"}],"wp:attachment":[{"href":"https:\/\/pipraveski.ee\/en\/wp-json\/wp\/v2\/media?parent=513"}],"wp:term":[{"taxonomy":"product_brand","embeddable":true,"href":"https:\/\/pipraveski.ee\/en\/wp-json\/wp\/v2\/product_brand?post=513"},{"taxonomy":"product_cat","embeddable":true,"href":"https:\/\/pipraveski.ee\/en\/wp-json\/wp\/v2\/product_cat?post=513"},{"taxonomy":"product_tag","embeddable":true,"href":"https:\/\/pipraveski.ee\/en\/wp-json\/wp\/v2\/product_tag?post=513"}],"curies":[{"name":"wp","href":"https:\/\/api.w.org\/{rel}","templated":true}]}}