{"id":510,"date":"2025-10-22T19:02:28","date_gmt":"2025-10-22T16:02:28","guid":{"rendered":"https:\/\/pipraveski.ee\/?post_type=product&#038;p=510"},"modified":"2026-04-17T11:32:17","modified_gmt":"2026-04-17T08:32:17","slug":"mango-chutney-pasco-320g","status":"publish","type":"product","link":"https:\/\/pipraveski.ee\/en\/product\/mango-chutney-pasco-320g\/","title":{"rendered":"Mango Chutney, Pasco, 320g"},"content":{"rendered":"<p>An authentic Indian chutney made with specially selected mangoes and highly aromatic spices.<br \/>\nTraditionally served as a sauce for naan bread and popcorn or as a side dish to curries.<br \/>\nSuggestions for use: use Mango Chutney with rice dishes or as a dipping sauce with naan or papadum.<\/p>\n<p>Ingredients:Sugar 48%, mangoes 45%, salt, chilli powder, ginger powder, acetic acid.<br \/>\nAllergens: May contain traces of nuts, peanuts, milk, mustard, celery and egg.<br \/>\nStorage: keep in a dry and cool place, out of sunlight. After opening, consume within 2 months.<\/p>\n<p>Nutrition information per 100 g<br \/>\nEnergy content 810kJ \/ 190 kcal<br \/>\nFats 0,1<br \/>\nof which saturated fats 0g<br \/>\nCarbohydrates 45,9g<br \/>\nof which sugars 43,5g<br \/>\nProtein 0,7g<br \/>\nSalt 3,3 g<\/p>\n<p>Country of origin: United Kingdom<\/p>","protected":false},"excerpt":{"rendered":"<p>Ehtne India chutney, mis on valmistatud spetsiaalselt valitud mangodest ja v\u00e4ga aromaatsetest v\u00fcrtsidest. Traditsiooniliselt serveeritakse naanileiva ja poppadumi kastmena v\u00f5i karriroa lisandina. Kasutussoovitused: Kasutage Mango Chutneyt koos riisiroogadega v\u00f5i dipikastmena naani v\u00f5i pappadumiga. Koostisosad: Suhkur 48%, mangod 45%, sool, t\u0161illipulber, ingveripulber, \u00e4\u00e4dikhape. Allergeenid: V\u00f5ib sisaldada p\u00e4hklite, maap\u00e4hklite, piima, sinepi, selleri ja muna j\u00e4lgi. Hoiustamine: Hoida [&hellip;]<\/p>\n","protected":false},"featured_media":539,"template":"","meta":[],"product_brand":[],"product_cat":[317],"product_tag":[],"class_list":{"0":"post-510","1":"product","2":"type-product","3":"status-publish","4":"has-post-thumbnail","6":"product_cat-kastmed-sinepid-tsatnid","8":"first","9":"outofstock","10":"taxable","11":"shipping-taxable","12":"purchasable","13":"product-type-simple"},"_links":{"self":[{"href":"https:\/\/pipraveski.ee\/en\/wp-json\/wp\/v2\/product\/510","targetHints":{"allow":["GET"]}}],"collection":[{"href":"https:\/\/pipraveski.ee\/en\/wp-json\/wp\/v2\/product"}],"about":[{"href":"https:\/\/pipraveski.ee\/en\/wp-json\/wp\/v2\/types\/product"}],"wp:featuredmedia":[{"embeddable":true,"href":"https:\/\/pipraveski.ee\/en\/wp-json\/wp\/v2\/media\/539"}],"wp:attachment":[{"href":"https:\/\/pipraveski.ee\/en\/wp-json\/wp\/v2\/media?parent=510"}],"wp:term":[{"taxonomy":"product_brand","embeddable":true,"href":"https:\/\/pipraveski.ee\/en\/wp-json\/wp\/v2\/product_brand?post=510"},{"taxonomy":"product_cat","embeddable":true,"href":"https:\/\/pipraveski.ee\/en\/wp-json\/wp\/v2\/product_cat?post=510"},{"taxonomy":"product_tag","embeddable":true,"href":"https:\/\/pipraveski.ee\/en\/wp-json\/wp\/v2\/product_tag?post=510"}],"curies":[{"name":"wp","href":"https:\/\/api.w.org\/{rel}","templated":true}]}}