{"id":508,"date":"2025-10-22T19:02:28","date_gmt":"2025-10-22T16:02:28","guid":{"rendered":"https:\/\/pipraveski.ee\/?post_type=product&#038;p=508"},"modified":"2026-04-17T11:32:59","modified_gmt":"2026-04-17T08:32:59","slug":"roheline-tee-sencha-varakevadise-vaarika-aroomiga-30g","status":"publish","type":"product","link":"https:\/\/pipraveski.ee\/en\/product\/roheline-tee-sencha-varakevadise-vaarika-aroomiga-30g\/","title":{"rendered":"Green tea, Sencha, with raspberry fragrance, 30g"},"content":{"rendered":"<p>Igal aastal ootame kevade saabumist lootuse ja ootusega s\u00fcdames! Selle v\u00e4rskendava seguga saate n\u00fc\u00fcd aastaringselt nautida esimeste soojade p\u00e4ikesekiirte puudutust. Sellest teest piisab, et anda teile lootust: eredad roosinupud koos mitmev\u00e4rviliste kroonlehtedega v\u00f5luvad teid naeratama. Andke oma maitsemeeltele kreemja vanilje ja v\u00e4rskete teravate puuviljade maiuspala. Lihtsalt imeline!<br \/>\n<br style=\"font-size: 13px\" \/><br \/>\n<span style=\"font-size: 13px\">Ingredients:&nbsp;<\/span><span style=\"font-size: 13px\">roheline tee (89%), l\u00f5hna- ja maitseaine, k\u00fclmkuivatatud maasikat\u00fckid, roosad roosinupud, kollased roosinupud, malva \u00f5ied, p\u00e4evalille\u00f5ied<\/span><\/p>\n<div style=\"margin-right: 5px;display: inline-block;font-size: 0.75em\">&nbsp;<\/p>\n<div style=\"margin-right: 5px;display: inline-block;font-size: 0.75em\"><span style=\"font-size: 14px\"><img decoding=\"async\" src=\"https:\/\/www.dethlefsen-balk.de\/images\/property\/Zeit.jpg\" style=\"max-width: 100%;height: auto;vertical-align: middle;border-style: none\" \/>&nbsp;2-3 min t\u00f5mbeaeg<\/span><\/div>\n<div style=\"margin-right: 5px;display: inline-block;font-size: 0.75em\"><span style=\"font-size: 14px\"><img decoding=\"async\" src=\"https:\/\/www.dethlefsen-balk.de\/images\/property\/temp.jpg\" style=\"max-width: 100%;height: auto;vertical-align: middle;border-style: none\" \/>&nbsp;75\u00b0 &#8211; 80 \u00b0C vee temperatuur<\/span><\/div>\n<div style=\"display: inline-block;font-size: 0.75em\"><span style=\"font-size: 14px\"><img decoding=\"async\" src=\"https:\/\/www.dethlefsen-balk.de\/images\/property\/loef.jpg\" style=\"max-width: 100%;height: auto;vertical-align: middle;border-style: none\" \/>&nbsp;4-5 tl\/L<\/span><\/div>\n<\/div>","protected":false},"excerpt":{"rendered":"<p>Igal aastal ootame kevade saabumist lootuse ja ootusega s\u00fcdames! Selle v\u00e4rskendava seguga saate n\u00fc\u00fcd aastaringselt nautida esimeste soojade p\u00e4ikesekiirte puudutust. Sellest teest piisab, et anda teile lootust: eredad roosinupud koos mitmev\u00e4rviliste kroonlehtedega v\u00f5luvad teid naeratama. Andke oma maitsemeeltele kreemja vanilje ja v\u00e4rskete teravate puuviljade maiuspala. Lihtsalt imeline! Koostisained:&nbsp;roheline tee (89%), l\u00f5hna- ja maitseaine, k\u00fclmkuivatatud maasikat\u00fckid, [&hellip;]<\/p>\n","protected":false},"featured_media":537,"template":"","meta":[],"product_brand":[],"product_cat":[327],"product_tag":[],"class_list":{"0":"post-508","1":"product","2":"type-product","3":"status-publish","4":"has-post-thumbnail","6":"product_cat-kohv-tee","8":"first","9":"outofstock","10":"taxable","11":"shipping-taxable","12":"purchasable","13":"product-type-simple"},"_links":{"self":[{"href":"https:\/\/pipraveski.ee\/en\/wp-json\/wp\/v2\/product\/508","targetHints":{"allow":["GET"]}}],"collection":[{"href":"https:\/\/pipraveski.ee\/en\/wp-json\/wp\/v2\/product"}],"about":[{"href":"https:\/\/pipraveski.ee\/en\/wp-json\/wp\/v2\/types\/product"}],"wp:featuredmedia":[{"embeddable":true,"href":"https:\/\/pipraveski.ee\/en\/wp-json\/wp\/v2\/media\/537"}],"wp:attachment":[{"href":"https:\/\/pipraveski.ee\/en\/wp-json\/wp\/v2\/media?parent=508"}],"wp:term":[{"taxonomy":"product_brand","embeddable":true,"href":"https:\/\/pipraveski.ee\/en\/wp-json\/wp\/v2\/product_brand?post=508"},{"taxonomy":"product_cat","embeddable":true,"href":"https:\/\/pipraveski.ee\/en\/wp-json\/wp\/v2\/product_cat?post=508"},{"taxonomy":"product_tag","embeddable":true,"href":"https:\/\/pipraveski.ee\/en\/wp-json\/wp\/v2\/product_tag?post=508"}],"curies":[{"name":"wp","href":"https:\/\/api.w.org\/{rel}","templated":true}]}}