{"id":501,"date":"2025-10-22T19:02:27","date_gmt":"2025-10-22T16:02:27","guid":{"rendered":"https:\/\/pipraveski.ee\/?post_type=product&#038;p=501"},"modified":"2026-04-17T11:32:13","modified_gmt":"2026-04-17T08:32:13","slug":"paprikapulber-heera-1kg","status":"publish","type":"product","link":"https:\/\/pipraveski.ee\/en\/product\/paprikapulber-heera-1kg\/","title":{"rendered":"Paprikapulber, Heera, 1kg"},"content":{"rendered":"<p class=\"gt-block\" style=\"margin-bottom: 1.3em;margin-top: 0px;font-family: Roboto, sans-serif;font-size: 16px\"><span style=\"font-size: 13px\">Koostisosad: Paprika.<\/span><\/p>\n<p><strong>Teave allergeenide kohta<\/strong>: V\u00f5ib sisaldada maap\u00e4hklite, p\u00e4hklite, seesami, soja, nisu (gluteeni), piima ja sinepi j\u00e4\u00e4ke.<\/p>\n<p>&nbsp;P\u00e4rast avamist soovitame panna toode \u00f5hukindlasse anumasse. Hoida jahedas ja kuivas kohas.<\/p>\n<p><span style=\"font-size: 13px\">Nutrition information per 100g:<\/span><br style=\"font-size: 13px\" \/><br \/>\n<span style=\"font-size: 13px\">Energiasisaldus 1209 kJ \/ 289 kcal<\/span><br style=\"font-size: 13px\" \/><br \/>\n<span style=\"font-size: 13px\">Fats 13g<\/span><br style=\"font-size: 13px\" \/><br \/>\n<span style=\"font-size: 13px\">millest k\u00fcllastunud rasvhapped 2,1g<\/span><br style=\"font-size: 13px\" \/><br \/>\n<span style=\"font-size: 13px\">S\u00fcsivesikud 55,7 g<\/span><br style=\"font-size: 13px\" \/><br \/>\n<span style=\"font-size: 13px\">millest suhkrud 10 g<\/span><br style=\"font-size: 13px\" \/><br \/>\n<span style=\"font-size: 13px\">Valgud 14,8 g<\/span><br style=\"font-size: 13px\" \/><br \/>\n<span style=\"font-size: 13px\">Sool 0,08 g<\/span><\/p>\n<p>P\u00e4ritoluriik: Mitme riigi toode. Pakitud Suurbritannias.<\/p>","protected":false},"excerpt":{"rendered":"<p>Heera paprikapulber on ideaalne t\u00e4iendus teie toidule! See kvaliteetne toode annab rikkaliku maal\u00e4hedase maitse, mis lisab igale roale t\u00e4pselt paraja koguse mahedat v\u00fcrtsi<\/p>","protected":false},"featured_media":531,"template":"","meta":[],"product_brand":[],"product_cat":[338],"product_tag":[],"class_list":{"0":"post-501","1":"product","2":"type-product","3":"status-publish","4":"has-post-thumbnail","6":"product_cat-puhtad-maitsed","8":"first","9":"instock","10":"taxable","11":"shipping-taxable","12":"purchasable","13":"product-type-simple"},"_links":{"self":[{"href":"https:\/\/pipraveski.ee\/en\/wp-json\/wp\/v2\/product\/501","targetHints":{"allow":["GET"]}}],"collection":[{"href":"https:\/\/pipraveski.ee\/en\/wp-json\/wp\/v2\/product"}],"about":[{"href":"https:\/\/pipraveski.ee\/en\/wp-json\/wp\/v2\/types\/product"}],"wp:featuredmedia":[{"embeddable":true,"href":"https:\/\/pipraveski.ee\/en\/wp-json\/wp\/v2\/media\/531"}],"wp:attachment":[{"href":"https:\/\/pipraveski.ee\/en\/wp-json\/wp\/v2\/media?parent=501"}],"wp:term":[{"taxonomy":"product_brand","embeddable":true,"href":"https:\/\/pipraveski.ee\/en\/wp-json\/wp\/v2\/product_brand?post=501"},{"taxonomy":"product_cat","embeddable":true,"href":"https:\/\/pipraveski.ee\/en\/wp-json\/wp\/v2\/product_cat?post=501"},{"taxonomy":"product_tag","embeddable":true,"href":"https:\/\/pipraveski.ee\/en\/wp-json\/wp\/v2\/product_tag?post=501"}],"curies":[{"name":"wp","href":"https:\/\/api.w.org\/{rel}","templated":true}]}}