{"id":500,"date":"2025-10-22T19:02:27","date_gmt":"2025-10-22T16:02:27","guid":{"rendered":"https:\/\/pipraveski.ee\/?post_type=product&#038;p=500"},"modified":"2026-04-17T15:45:31","modified_gmt":"2026-04-17T12:45:31","slug":"pizza-roma-100g","status":"publish","type":"product","link":"https:\/\/pipraveski.ee\/en\/product\/pizza-roma-100g\/","title":{"rendered":"Pizza Roma, HELA, 100g"},"content":{"rendered":"<p>Kasutamine: pizzad, pasta- ja tomatiroad, raguud, supid, salatid.<br \/>\nKulunorm: 15g 1kg kohta.<\/p>\n<p>Koostisosad: suhkur, oregano, sibul, majoraan, paprika, sool (9%), basiilik, k\u00fc\u00fcslauk, rosmariin, t\u00fc\u00fcmian, pipar.<br \/>\n<strong>Suuremat pakendit soovides ootame teie e-kirju aadressile myyk@pipraveski.ee<\/strong><\/p>","protected":false},"excerpt":{"rendered":"<p>Kasutamine: pizzad, pasta- ja tomatiroad, raguud, supid, salatid. Kulunorm: 15g 1kg kohta. Koostisosad: suhkur, oregano, sibul, majoraan, paprika, sool (9%), basiilik, k\u00fc\u00fcslauk, rosmariin, t\u00fc\u00fcmian, pipar. Suuremat pakendit soovides ootame teie e-kirju aadressile myyk@pipraveski.ee<\/p>","protected":false},"featured_media":530,"template":"","meta":[],"product_brand":[244],"product_cat":[307],"product_tag":[],"class_list":{"0":"post-500","1":"product","2":"type-product","3":"status-publish","4":"has-post-thumbnail","6":"product_brand-hela","7":"product_cat-maitseainesegud","9":"first","10":"instock","11":"sale","12":"taxable","13":"shipping-taxable","14":"purchasable","15":"product-type-simple"},"_links":{"self":[{"href":"https:\/\/pipraveski.ee\/en\/wp-json\/wp\/v2\/product\/500","targetHints":{"allow":["GET"]}}],"collection":[{"href":"https:\/\/pipraveski.ee\/en\/wp-json\/wp\/v2\/product"}],"about":[{"href":"https:\/\/pipraveski.ee\/en\/wp-json\/wp\/v2\/types\/product"}],"wp:featuredmedia":[{"embeddable":true,"href":"https:\/\/pipraveski.ee\/en\/wp-json\/wp\/v2\/media\/530"}],"wp:attachment":[{"href":"https:\/\/pipraveski.ee\/en\/wp-json\/wp\/v2\/media?parent=500"}],"wp:term":[{"taxonomy":"product_brand","embeddable":true,"href":"https:\/\/pipraveski.ee\/en\/wp-json\/wp\/v2\/product_brand?post=500"},{"taxonomy":"product_cat","embeddable":true,"href":"https:\/\/pipraveski.ee\/en\/wp-json\/wp\/v2\/product_cat?post=500"},{"taxonomy":"product_tag","embeddable":true,"href":"https:\/\/pipraveski.ee\/en\/wp-json\/wp\/v2\/product_tag?post=500"}],"curies":[{"name":"wp","href":"https:\/\/api.w.org\/{rel}","templated":true}]}}