{"id":499,"date":"2025-10-22T19:02:27","date_gmt":"2025-10-22T16:02:27","guid":{"rendered":"https:\/\/pipraveski.ee\/?post_type=product&#038;p=499"},"modified":"2026-04-17T11:32:57","modified_gmt":"2026-04-17T08:32:57","slug":"hudromeeter-suhkrumootja","status":"publish","type":"product","link":"https:\/\/pipraveski.ee\/en\/product\/hudromeeter-suhkrumootja\/","title":{"rendered":"Hydrometer, sugar meter"},"content":{"rendered":"<p>H\u00fcdromeeter on veini v\u00f5i \u00f5lle suhkrusisalduse m\u00f5\u00f5tmiseks.<br \/>\nKasutamine: Laske h\u00fcdromeeter aeglaselt vedelikku ja oodake kuni see j\u00e4\u00e4b vedeliku peale vabalt ujuma. Alles siis saate m\u00e4\u00e4rata h\u00fcdromeetri n\u00e4itu.<br \/>\nH\u00fcdromeetri valget osa t\u00e4histatakse + m\u00e4rgiga ja musta osa \u2013 m\u00e4rgiga. Kui n\u00e4iteks vein on k\u00e4\u00e4rinud \u2013 5-ni ja tundub, et on liiga kuiv v\u00f5ib veinile suhkrut juurde lisada.<br \/>\nLisades 1 liitrile vedelikule 2,5 g suhkrut t\u00f5useb h\u00fcdromeetri n\u00e4it \u00fche astme v\u00f5rra.<br \/>\nSoovides, et \u2013 5-ni k\u00e4inud vein oleks magusam ja h\u00fcdromeetri n\u00e4it oleks + 5 juures tuleb 1 liitri kohta lisada 25 g suhkrut.<br \/>\nSuhkrut v\u00f5ib lisada ainult siis kui on kasutatud veini valmistamise retseptpakki, mis ei lase veinil enam k\u00e4\u00e4rima minna.<\/p>\n<p>Alkoholi sisaldust m\u00f5\u00f5detakse j\u00e4rgmiselt: N\u00e4iteks punase veini suhkrusisaldus enne k\u00e4\u00e4rima panemist on +80, p\u00e4rast k\u00e4\u00e4rimist -5. Alkoholi sisalduse valem on 85:7,5=11,33%.<\/p>","protected":false},"excerpt":{"rendered":"<p>\u200bSuhkrusisalduse m\u00f5\u00f5tmiseks veinis.<\/p>","protected":false},"featured_media":529,"template":"","meta":[],"product_brand":[],"product_cat":[328],"product_tag":[],"class_list":{"0":"post-499","1":"product","2":"type-product","3":"status-publish","4":"has-post-thumbnail","6":"product_cat-veini-ja-olletarvikud","8":"first","9":"instock","10":"taxable","11":"shipping-taxable","12":"purchasable","13":"product-type-simple"},"_links":{"self":[{"href":"https:\/\/pipraveski.ee\/en\/wp-json\/wp\/v2\/product\/499","targetHints":{"allow":["GET"]}}],"collection":[{"href":"https:\/\/pipraveski.ee\/en\/wp-json\/wp\/v2\/product"}],"about":[{"href":"https:\/\/pipraveski.ee\/en\/wp-json\/wp\/v2\/types\/product"}],"wp:featuredmedia":[{"embeddable":true,"href":"https:\/\/pipraveski.ee\/en\/wp-json\/wp\/v2\/media\/529"}],"wp:attachment":[{"href":"https:\/\/pipraveski.ee\/en\/wp-json\/wp\/v2\/media?parent=499"}],"wp:term":[{"taxonomy":"product_brand","embeddable":true,"href":"https:\/\/pipraveski.ee\/en\/wp-json\/wp\/v2\/product_brand?post=499"},{"taxonomy":"product_cat","embeddable":true,"href":"https:\/\/pipraveski.ee\/en\/wp-json\/wp\/v2\/product_cat?post=499"},{"taxonomy":"product_tag","embeddable":true,"href":"https:\/\/pipraveski.ee\/en\/wp-json\/wp\/v2\/product_tag?post=499"}],"curies":[{"name":"wp","href":"https:\/\/api.w.org\/{rel}","templated":true}]}}