{"id":494,"date":"2025-10-22T19:02:27","date_gmt":"2025-10-22T16:02:27","guid":{"rendered":"https:\/\/pipraveski.ee\/?post_type=product&#038;p=494"},"modified":"2026-04-17T11:32:50","modified_gmt":"2026-04-17T08:32:50","slug":"tellicherry-pipar-suitsutatud-20g","status":"publish","type":"product","link":"https:\/\/pipraveski.ee\/en\/product\/tellicherry-pipar-suitsutatud-20g\/","title":{"rendered":"Tellicherry pipar, suitsutatud, 20g"},"content":{"rendered":"<p>P\u00f6\u00f6gipuuga suitsutatud tellicherry pipar lisab suurep\u00e4rase maitse. Sellele tootele iseloomulike tsitrusviljade nootidega sobib see muu hulgas h\u00e4sti kala ja homaariga. Samuti t\u00e4iustab see kerget liha ja linnuliha, kuid sobib h\u00e4sti ka puuviljade, tonka ubade ja \u0161okolaadiga.<\/p>\n<p><strong>Ingredients:<\/strong>&nbsp;Suitsutatud Tellicherry pipar.<br \/>\nCountry of origin: India<\/p>\n<p>Nutrition information per 100g:<br \/>\nEnergeetiline v\u00e4\u00e4rtus, 255kj<br \/>\nEnergeetiline v\u00e4\u00e4rtus, 1068kcal<br \/>\nRasv, 3,3g<br \/>\nMillest k\u00fcllastunud rasv, 1g<br \/>\nS\u00fcsivesikud, 64,8g<br \/>\nMillest suhkrud, 0,6g<br \/>\nValgud, 11g<br \/>\nSool, 0g<br \/>\n&nbsp;<\/p>","protected":false},"excerpt":{"rendered":"<p>P\u00f6\u00f6gipuuga suitsutatud tellicherry pipar lisab suurep\u00e4rase maitse. Sellele tootele iseloomulike tsitrusviljade nootidega sobib see muu hulgas h\u00e4sti kala ja homaariga. Samuti t\u00e4iustab see kerget liha ja linnuliha, kuid sobib h\u00e4sti ka puuviljade, tonka ubade ja \u0161okolaadiga. Koostisosad:&nbsp;Suitsutatud Tellicherry pipar. P\u00e4ritolumaa: India Toitumisalane teave 100g kohta: Energeetiline v\u00e4\u00e4rtus, 255kj Energeetiline v\u00e4\u00e4rtus, 1068kcal Rasv, 3,3g Millest k\u00fcllastunud [&hellip;]<\/p>\n","protected":false},"featured_media":524,"template":"","meta":[],"product_brand":[],"product_cat":[338],"product_tag":[],"class_list":{"0":"post-494","1":"product","2":"type-product","3":"status-publish","4":"has-post-thumbnail","6":"product_cat-puhtad-maitsed","8":"first","9":"instock","10":"sale","11":"taxable","12":"shipping-taxable","13":"purchasable","14":"product-type-simple"},"_links":{"self":[{"href":"https:\/\/pipraveski.ee\/en\/wp-json\/wp\/v2\/product\/494","targetHints":{"allow":["GET"]}}],"collection":[{"href":"https:\/\/pipraveski.ee\/en\/wp-json\/wp\/v2\/product"}],"about":[{"href":"https:\/\/pipraveski.ee\/en\/wp-json\/wp\/v2\/types\/product"}],"wp:featuredmedia":[{"embeddable":true,"href":"https:\/\/pipraveski.ee\/en\/wp-json\/wp\/v2\/media\/524"}],"wp:attachment":[{"href":"https:\/\/pipraveski.ee\/en\/wp-json\/wp\/v2\/media?parent=494"}],"wp:term":[{"taxonomy":"product_brand","embeddable":true,"href":"https:\/\/pipraveski.ee\/en\/wp-json\/wp\/v2\/product_brand?post=494"},{"taxonomy":"product_cat","embeddable":true,"href":"https:\/\/pipraveski.ee\/en\/wp-json\/wp\/v2\/product_cat?post=494"},{"taxonomy":"product_tag","embeddable":true,"href":"https:\/\/pipraveski.ee\/en\/wp-json\/wp\/v2\/product_tag?post=494"}],"curies":[{"name":"wp","href":"https:\/\/api.w.org\/{rel}","templated":true}]}}