{"id":490,"date":"2025-10-22T19:02:27","date_gmt":"2025-10-22T16:02:27","guid":{"rendered":"https:\/\/pipraveski.ee\/?post_type=product&#038;p=490"},"modified":"2026-04-17T11:32:36","modified_gmt":"2026-04-17T08:32:36","slug":"kuuslaugugraanulid-50g","status":"publish","type":"product","link":"https:\/\/pipraveski.ee\/en\/product\/kuuslaugugraanulid-50g\/","title":{"rendered":"K\u00fc\u00fcslaugugraanulid, HELA, 50g"},"content":{"rendered":"<p><span style=\", Verdana, Geneva, sans-serif\">Garlic granules are suitable for seasoning a variety of vegetable and meat dishes.<\/span><br style=\", Verdana, Geneva, sans-serif\" \/><br \/>\n<span style=\", Verdana, Geneva, sans-serif\">Use: in salads, soups, sauces, meat, side dishes and egg dishes.<\/span><br style=\", Verdana, Geneva, sans-serif\" \/><br \/>\n<br style=\", Verdana, Geneva, sans-serif\" \/><br \/>\n<span style=\", Verdana, Geneva, sans-serif\">Ingredients: garlic.&nbsp;<\/span><\/p>\n<p>Country of origin: China<\/p>\n<p>&nbsp;<\/p>","protected":false},"excerpt":{"rendered":"<p>K\u00fc\u00fcslaugugraanulid sobivad&nbsp;erinevate taime- ja lihatoitude maitsestamiseks. Kasutamine: salatite, suppide, kastmete, liha, lisandite ja munaroogade valmistamiseks. Koostisosad: k\u00fc\u00fcslauk.&nbsp; P\u00e4ritolumaa: Hiina &nbsp;<\/p>","protected":false},"featured_media":520,"template":"","meta":[],"product_brand":[244],"product_cat":[338],"product_tag":[],"class_list":{"0":"post-490","1":"product","2":"type-product","3":"status-publish","4":"has-post-thumbnail","6":"product_brand-hela","7":"product_cat-puhtad-maitsed","9":"first","10":"instock","11":"taxable","12":"shipping-taxable","13":"purchasable","14":"product-type-simple"},"_links":{"self":[{"href":"https:\/\/pipraveski.ee\/en\/wp-json\/wp\/v2\/product\/490","targetHints":{"allow":["GET"]}}],"collection":[{"href":"https:\/\/pipraveski.ee\/en\/wp-json\/wp\/v2\/product"}],"about":[{"href":"https:\/\/pipraveski.ee\/en\/wp-json\/wp\/v2\/types\/product"}],"wp:featuredmedia":[{"embeddable":true,"href":"https:\/\/pipraveski.ee\/en\/wp-json\/wp\/v2\/media\/520"}],"wp:attachment":[{"href":"https:\/\/pipraveski.ee\/en\/wp-json\/wp\/v2\/media?parent=490"}],"wp:term":[{"taxonomy":"product_brand","embeddable":true,"href":"https:\/\/pipraveski.ee\/en\/wp-json\/wp\/v2\/product_brand?post=490"},{"taxonomy":"product_cat","embeddable":true,"href":"https:\/\/pipraveski.ee\/en\/wp-json\/wp\/v2\/product_cat?post=490"},{"taxonomy":"product_tag","embeddable":true,"href":"https:\/\/pipraveski.ee\/en\/wp-json\/wp\/v2\/product_tag?post=490"}],"curies":[{"name":"wp","href":"https:\/\/api.w.org\/{rel}","templated":true}]}}