{"id":487,"date":"2025-10-22T19:02:27","date_gmt":"2025-10-22T16:02:27","guid":{"rendered":"https:\/\/pipraveski.ee\/?post_type=product&#038;p=487"},"modified":"2026-04-17T11:32:49","modified_gmt":"2026-04-17T08:32:49","slug":"tsilliseemned-habanero-hot-lemon-10tk","status":"publish","type":"product","link":"https:\/\/pipraveski.ee\/en\/product\/tsilliseemned-habanero-hot-lemon-10tk\/","title":{"rendered":"Chilli seeds, Habanero Hot Lemon, 10pcs"},"content":{"rendered":"<p>P\u00f5\u00f5sastunud taimedel kasvavad intensiivselt v\u00fcrtsikad, erekollased viljad, mis on tugevalt ribilised ja \u2013 Habanerose puhul ebatavaliselt \u2013 teravatipulised. Need sobivad suurep\u00e4raselt v\u00e4rskeks t\u00f6\u00f6tlemiseks ning puuviljaste kastmete ja salsade valmistamiseks. Kuna neil on v\u00e4ga \u00f5hukesed viljaseinad, sobivad need kuivatamiseks ja erkkollaseks t\u0161illipulbriks tegemiseks.<\/p>\n<p>Hooldus: Idanemistemperatuur on vahemikus 22\u201328\u00b0C (idanemisperiood 8\u201321 p\u00e4eva), seet\u00f5ttu on soovitatav kasutada kasvuhoonet ja k\u00fcttematti. Taimed vajavad v\u00e4rsket, h\u00e4sti v\u00e4etatud, vett l\u00e4bilaskvat mulda ega talu vettimist. Need tuleks istutada p\u00e4ikesepaistelisse, kaitstud kohta, kus on v\u00e4hemalt 6 tundi p\u00e4ikesevalgust \u2013 soovitavalt rohkem. Pane taimed \u00f5ue u. 2\u20133 n\u00e4dalat p\u00e4rast viimast k\u00fclma. P\u00e4rast saagikoristust \u00fcletalve s\u00e4ilitamiseks l\u00f5igake 20 cm v\u00f5rra tagasi ja asetage need valgusk\u00fcllasesse kohta, mille temperatuur on v\u00e4hemalt 15 \u00b0C.<\/p>","protected":false},"excerpt":{"rendered":"<p>Habanero Hot Lemon Chili on spetsiaalne Habanero sort, mis toodab sidrunil\u00f5hnalist t\u0161illit. <\/p>","protected":false},"featured_media":517,"template":"","meta":[],"product_brand":[],"product_cat":[329],"product_tag":[],"class_list":{"0":"post-487","1":"product","2":"type-product","3":"status-publish","4":"has-post-thumbnail","6":"product_cat-tsillikasvatus","8":"first","9":"instock","10":"taxable","11":"shipping-taxable","12":"purchasable","13":"product-type-simple"},"_links":{"self":[{"href":"https:\/\/pipraveski.ee\/en\/wp-json\/wp\/v2\/product\/487","targetHints":{"allow":["GET"]}}],"collection":[{"href":"https:\/\/pipraveski.ee\/en\/wp-json\/wp\/v2\/product"}],"about":[{"href":"https:\/\/pipraveski.ee\/en\/wp-json\/wp\/v2\/types\/product"}],"wp:featuredmedia":[{"embeddable":true,"href":"https:\/\/pipraveski.ee\/en\/wp-json\/wp\/v2\/media\/517"}],"wp:attachment":[{"href":"https:\/\/pipraveski.ee\/en\/wp-json\/wp\/v2\/media?parent=487"}],"wp:term":[{"taxonomy":"product_brand","embeddable":true,"href":"https:\/\/pipraveski.ee\/en\/wp-json\/wp\/v2\/product_brand?post=487"},{"taxonomy":"product_cat","embeddable":true,"href":"https:\/\/pipraveski.ee\/en\/wp-json\/wp\/v2\/product_cat?post=487"},{"taxonomy":"product_tag","embeddable":true,"href":"https:\/\/pipraveski.ee\/en\/wp-json\/wp\/v2\/product_tag?post=487"}],"curies":[{"name":"wp","href":"https:\/\/api.w.org\/{rel}","templated":true}]}}