{"id":486,"date":"2025-10-22T19:02:27","date_gmt":"2025-10-22T16:02:27","guid":{"rendered":"https:\/\/pipraveski.ee\/?post_type=product&#038;p=486"},"modified":"2026-04-17T11:32:43","modified_gmt":"2026-04-17T08:32:43","slug":"tai-sukiyaki-kaste-thaidancer-300ml","status":"publish","type":"product","link":"https:\/\/pipraveski.ee\/en\/product\/tai-sukiyaki-kaste-thaidancer-300ml\/","title":{"rendered":"Tai Sukiyaki sauce, ThaiDancer, 300ml"},"content":{"rendered":"<p>Soja baasil taip\u00e4rane sukiyaki kaste.<br \/>\nSukiyaki on traditsiooniline Jaapani roog veiselihast, tofust, shirataki nuudlitest, hiina kapsast ja seentest. Sukiyaki kastet saab otse roale lisada k\u00fcpsetamise ajal v\u00f5i kasutada seda dipikastmena. Kaste on kergelt tuline.<\/p>\n<p>Koostisosad: SOJAoad 29%, vesi, k\u00fc\u00fcslauk, suhkur, punane t\u0161illi, destilleeritud \u00e4\u00e4dikas, sool, pruun riis, SOJA\u00f5li 1% (SOJAoad, NISU jahu, sool, vesi), paksendaja: E1422, maitsetugevdaja: E621.<br \/>\nStore in the refrigerator after opening.<\/p>\n<p>Nutrition information per 100ml:<br \/>\nEnergiasisaldus 1079kJ\/258kcal<br \/>\nRasvad 19g<br \/>\nmillest k\u00fcllastunud rasvhapped 3,1g<br \/>\nCarbohydrates 19g<br \/>\nmillest suhkrud17g<br \/>\nValgud 3,2g<br \/>\nSool 3,5g<\/p>","protected":false},"excerpt":{"rendered":"<p>Soja baasil taip\u00e4rane Sukiyaki kaste<\/p>","protected":false},"featured_media":516,"template":"","meta":[],"product_brand":[],"product_cat":[317],"product_tag":[],"class_list":{"0":"post-486","1":"product","2":"type-product","3":"status-publish","4":"has-post-thumbnail","6":"product_cat-kastmed-sinepid-tsatnid","8":"first","9":"instock","10":"taxable","11":"shipping-taxable","12":"purchasable","13":"product-type-simple"},"_links":{"self":[{"href":"https:\/\/pipraveski.ee\/en\/wp-json\/wp\/v2\/product\/486","targetHints":{"allow":["GET"]}}],"collection":[{"href":"https:\/\/pipraveski.ee\/en\/wp-json\/wp\/v2\/product"}],"about":[{"href":"https:\/\/pipraveski.ee\/en\/wp-json\/wp\/v2\/types\/product"}],"wp:featuredmedia":[{"embeddable":true,"href":"https:\/\/pipraveski.ee\/en\/wp-json\/wp\/v2\/media\/516"}],"wp:attachment":[{"href":"https:\/\/pipraveski.ee\/en\/wp-json\/wp\/v2\/media?parent=486"}],"wp:term":[{"taxonomy":"product_brand","embeddable":true,"href":"https:\/\/pipraveski.ee\/en\/wp-json\/wp\/v2\/product_brand?post=486"},{"taxonomy":"product_cat","embeddable":true,"href":"https:\/\/pipraveski.ee\/en\/wp-json\/wp\/v2\/product_cat?post=486"},{"taxonomy":"product_tag","embeddable":true,"href":"https:\/\/pipraveski.ee\/en\/wp-json\/wp\/v2\/product_tag?post=486"}],"curies":[{"name":"wp","href":"https:\/\/api.w.org\/{rel}","templated":true}]}}