{"id":4541,"date":"2025-12-27T14:49:30","date_gmt":"2025-12-27T12:49:30","guid":{"rendered":"https:\/\/pipraveski.ee\/toode\/aapteegitilli-seemned-alibaba-100g\/"},"modified":"2026-04-17T11:32:27","modified_gmt":"2026-04-17T08:32:27","slug":"aapteegitilli-seemned-alibaba-100g","status":"publish","type":"product","link":"https:\/\/pipraveski.ee\/en\/product\/aapteegitilli-seemned-alibaba-100g\/","title":{"rendered":"Aapteegitilli seemned, AliBaba, 100g"},"content":{"rendered":"<p>Apteegitilli seemneid asutatakse tavaliselt karrides, marineeritud kurkides ja v\u00fcrtsisegudes, pakkudes magusat, lagritsalaadset maitset, mis v\u00f5ib nii soolaseid kui ka magusaid roogasid paremaks muuta.&nbsp;Sobivad ka suurep\u00e4raselt maitsvaks lisandiks k\u00fcpsetistele, n\u00e4iteks leivale ja k\u00fcpsistele.<\/p>\n<p>Apteegitilli seemned on rikkad antioks\u00fcdantide ja eeterlike \u00f5lide poolest, mis soodustavad seedimist, v\u00e4hendavad puhitust ja v\u00f5ivad isegi p\u00e4rast s\u00f6\u00f6ki hinge\u00f5hku v\u00e4rskendada. Lisage neid teesegudesse rahustava \u00fcrdjoogi saamiseks v\u00f5i puistake salatitele ja r\u00f6stitud k\u00f6\u00f6giviljadele, et lisada kr\u00f5mpsu ja maitset.<\/p>\n<p>Koostisosad: Apteegitilli seemned.<\/p>\n<p>Nutrition information per 100g<br \/>\nEnergiasisaldus 1152 kJ \/ 275 kcal<br \/>\nRasvad 14,9 g<br \/>\nK\u00fcllastunud rasvad 1,2 g<br \/>\nS\u00fcsivesikud 49,5 g<br \/>\nSuhkrud 16,0 g<br \/>\nKiudained 39,8 g<br \/>\nValgud 15,8 g<br \/>\nSool 0,03 g<\/p>","protected":false},"excerpt":{"rendered":"<p>Pisut magusa, lagritsat ja aniisi meenutava maitsega apteegitillil on mitu nime &#8211; fennel, fenkol, sanuf.<\/p>","protected":false},"featured_media":4678,"template":"","meta":[],"product_brand":[],"product_cat":[15],"product_tag":[],"class_list":{"0":"post-4541","1":"product","2":"type-product","3":"status-publish","4":"has-post-thumbnail","6":"product_cat-maaramata","8":"first","9":"outofstock","10":"taxable","11":"shipping-taxable","12":"purchasable","13":"product-type-simple"},"_links":{"self":[{"href":"https:\/\/pipraveski.ee\/en\/wp-json\/wp\/v2\/product\/4541","targetHints":{"allow":["GET"]}}],"collection":[{"href":"https:\/\/pipraveski.ee\/en\/wp-json\/wp\/v2\/product"}],"about":[{"href":"https:\/\/pipraveski.ee\/en\/wp-json\/wp\/v2\/types\/product"}],"wp:featuredmedia":[{"embeddable":true,"href":"https:\/\/pipraveski.ee\/en\/wp-json\/wp\/v2\/media\/4678"}],"wp:attachment":[{"href":"https:\/\/pipraveski.ee\/en\/wp-json\/wp\/v2\/media?parent=4541"}],"wp:term":[{"taxonomy":"product_brand","embeddable":true,"href":"https:\/\/pipraveski.ee\/en\/wp-json\/wp\/v2\/product_brand?post=4541"},{"taxonomy":"product_cat","embeddable":true,"href":"https:\/\/pipraveski.ee\/en\/wp-json\/wp\/v2\/product_cat?post=4541"},{"taxonomy":"product_tag","embeddable":true,"href":"https:\/\/pipraveski.ee\/en\/wp-json\/wp\/v2\/product_tag?post=4541"}],"curies":[{"name":"wp","href":"https:\/\/api.w.org\/{rel}","templated":true}]}}