{"id":453,"date":"2025-10-22T19:02:15","date_gmt":"2025-10-22T16:02:15","guid":{"rendered":"https:\/\/pipraveski.ee\/?post_type=product&#038;p=453"},"modified":"2026-04-17T11:31:39","modified_gmt":"2026-04-17T08:31:39","slug":"pizza-roma-50g","status":"publish","type":"product","link":"https:\/\/pipraveski.ee\/en\/product\/pizza-roma-50g\/","title":{"rendered":"Pizza Roma, HELA, 50g"},"content":{"rendered":"<p>Kasutamine: pizzad, pasta- ja tomatiroad, raguud, supid, salatid.<br \/>\nKulunorm: 15g 1kg kohta.<\/p>\n<p>Koostisosad: suhkur, oregano, sibul, majoraan, paprika, sool (9%), basiilik, k\u00fc\u00fcslauk, rosmariin, t\u00fc\u00fcmian, pipar.<\/p>","protected":false},"excerpt":{"rendered":"<p>Kasutamine: pizzad, pasta- ja tomatiroad, raguud, supid, salatid. Kulunorm: 15g 1kg kohta. Koostisosad: suhkur, oregano, sibul, majoraan, paprika, sool (9%), basiilik, k\u00fc\u00fcslauk, rosmariin, t\u00fc\u00fcmian, pipar.<\/p>","protected":false},"featured_media":483,"template":"","meta":[],"product_brand":[244],"product_cat":[307],"product_tag":[],"class_list":{"0":"post-453","1":"product","2":"type-product","3":"status-publish","4":"has-post-thumbnail","6":"product_brand-hela","7":"product_cat-maitseainesegud","9":"first","10":"instock","11":"sale","12":"taxable","13":"shipping-taxable","14":"purchasable","15":"product-type-simple"},"_links":{"self":[{"href":"https:\/\/pipraveski.ee\/en\/wp-json\/wp\/v2\/product\/453","targetHints":{"allow":["GET"]}}],"collection":[{"href":"https:\/\/pipraveski.ee\/en\/wp-json\/wp\/v2\/product"}],"about":[{"href":"https:\/\/pipraveski.ee\/en\/wp-json\/wp\/v2\/types\/product"}],"wp:featuredmedia":[{"embeddable":true,"href":"https:\/\/pipraveski.ee\/en\/wp-json\/wp\/v2\/media\/483"}],"wp:attachment":[{"href":"https:\/\/pipraveski.ee\/en\/wp-json\/wp\/v2\/media?parent=453"}],"wp:term":[{"taxonomy":"product_brand","embeddable":true,"href":"https:\/\/pipraveski.ee\/en\/wp-json\/wp\/v2\/product_brand?post=453"},{"taxonomy":"product_cat","embeddable":true,"href":"https:\/\/pipraveski.ee\/en\/wp-json\/wp\/v2\/product_cat?post=453"},{"taxonomy":"product_tag","embeddable":true,"href":"https:\/\/pipraveski.ee\/en\/wp-json\/wp\/v2\/product_tag?post=453"}],"curies":[{"name":"wp","href":"https:\/\/api.w.org\/{rel}","templated":true}]}}