{"id":451,"date":"2025-10-22T19:02:15","date_gmt":"2025-10-22T16:02:15","guid":{"rendered":"https:\/\/pipraveski.ee\/?post_type=product&#038;p=451"},"modified":"2026-04-17T11:33:06","modified_gmt":"2026-04-17T08:33:06","slug":"kaste-melindas-creamy-style-ghost-wing-piprakaste-355ml","status":"publish","type":"product","link":"https:\/\/pipraveski.ee\/en\/product\/kaste-melindas-creamy-style-ghost-wing-piprakaste-355ml\/","title":{"rendered":"Sauce, Melinda`s Creamy Style Ghost Wing pepper sauce, 355ml"},"content":{"rendered":"<p>Melinda filosoofia on lihtne &#8211; kuumus ja maitse t\u00e4hendavad k\u00f5ike.&nbsp; Segame cayenne&#8217;i, habanero ja kanatiivale. Ghost Pepper Wing kaste ja maitseaine on loodud lauakastmeks ja katteks k\u00f5ikidele kummituspaprikatele, et saada k\u00f5ige vastupandamatult v\u00fcrtsikam ja teravam kaste, mida olete kunagi kanatiivale valanud.<\/p>\n<p>KASUTUS: Suurep\u00e4rane praetud v\u00f5i k\u00fcpsetatud kanatiibade, kondita kana, krevettide, salatite, wrappide, v\u00f5ileibade ja pitsa jaoks.<br \/>\nTeravuseaste on&nbsp; 5&nbsp; 5-st: nendele kes ihkavad tuliseid tiibu ja maitseid.<\/p>\n<p>Allergiaalane teave: V\u00f5ib sisaldada p\u00e4hklij\u00e4\u00e4ke (kookosp\u00e4hkel), samuti antud toode on valmistatud tehases, kus t\u00f6\u00f6deldakse: muna, sojauba, nisu.<br \/>\nKoostisosad: Vesi, \u00c4\u00e4dikas, Habanero t\u0161illip\u00fcree, Cayenne t\u0161illip\u00fcree, Porgand, Bhut Jolokia t\u0161illip\u00fcree (Ghost piprap\u00fcree), Rapsi\u00f5li, Sibul, Laimimahl, Sool, K\u00fc\u00fcslauk, Xanthan, looduslik aroom (v\u00f5i).<\/p>\n<p>Nutrition information per 100g:<br \/>\nEnergiasisaldus 186,6 kJ \/ 44,6 kcal<br \/>\nFats 0,0g<br \/>\nof which saturated fatty acids 0g<br \/>\n<span style=\"font-size: 13px\">S\u00fcsivesikud 8,3 g<\/span><br style=\"font-size: 13px\" \/><br \/>\n<span style=\"font-size: 13px\">of which sugars 0 g<\/span><br \/>\nValgud 1,0 g<br \/>\nSalt 1,8 g<\/p>","protected":false},"excerpt":{"rendered":"<p>Melinda kreemjas stiilis Ghost Wing Sauce: maitsev segu Ghost, Cayenne ja Habanero paprikatest.<\/p>","protected":false},"featured_media":481,"template":"","meta":[],"product_brand":[238],"product_cat":[317],"product_tag":[],"class_list":{"0":"post-451","1":"product","2":"type-product","3":"status-publish","4":"has-post-thumbnail","6":"product_brand-chili-food","7":"product_cat-kastmed-sinepid-tsatnid","9":"first","10":"instock","11":"taxable","12":"shipping-taxable","13":"purchasable","14":"product-type-simple"},"_links":{"self":[{"href":"https:\/\/pipraveski.ee\/en\/wp-json\/wp\/v2\/product\/451","targetHints":{"allow":["GET"]}}],"collection":[{"href":"https:\/\/pipraveski.ee\/en\/wp-json\/wp\/v2\/product"}],"about":[{"href":"https:\/\/pipraveski.ee\/en\/wp-json\/wp\/v2\/types\/product"}],"wp:featuredmedia":[{"embeddable":true,"href":"https:\/\/pipraveski.ee\/en\/wp-json\/wp\/v2\/media\/481"}],"wp:attachment":[{"href":"https:\/\/pipraveski.ee\/en\/wp-json\/wp\/v2\/media?parent=451"}],"wp:term":[{"taxonomy":"product_brand","embeddable":true,"href":"https:\/\/pipraveski.ee\/en\/wp-json\/wp\/v2\/product_brand?post=451"},{"taxonomy":"product_cat","embeddable":true,"href":"https:\/\/pipraveski.ee\/en\/wp-json\/wp\/v2\/product_cat?post=451"},{"taxonomy":"product_tag","embeddable":true,"href":"https:\/\/pipraveski.ee\/en\/wp-json\/wp\/v2\/product_tag?post=451"}],"curies":[{"name":"wp","href":"https:\/\/api.w.org\/{rel}","templated":true}]}}