{"id":448,"date":"2025-10-22T19:02:15","date_gmt":"2025-10-22T16:02:15","guid":{"rendered":"https:\/\/pipraveski.ee\/?post_type=product&#038;p=448"},"modified":"2026-04-17T11:31:59","modified_gmt":"2026-04-17T08:31:59","slug":"tom-yum-supipasta-flying-goose-195g","status":"publish","type":"product","link":"https:\/\/pipraveski.ee\/en\/product\/tom-yum-supipasta-flying-goose-195g\/","title":{"rendered":"Tom Yum soup paste, Flying Goose, 195g"},"content":{"rendered":"<p>See supipasta sisaldab ainult looduslikke koostisosi nagu sidrunhein ja galangal ning toob teie koju autentse Tai kulinaarse elamuse.<br \/>\nLisage kana, k\u00f6\u00f6givilju v\u00f5i mereande ja nautige Tom Yum supi klassikalist maitset.<\/p>\n<p>Koostisosad:&nbsp;T\u0161illipasta (SOJA\u00f5li, t\u0161illi, \u0161alottsibul, suhkur, sool), sidrunhein, \u0161alottsibul, tamarindipasta, galangal, sool, SOJA\u00f5li, kaffirlaimilehed, happesuse regulaator: E330<\/p>\n<p><span style=\"font-size: 13px\">Nutrition information per 100g:<\/span><br style=\"font-size: 13px\" \/><br \/>\n<span style=\"font-size: 13px\">Energiasisaldus 834 kJ \/ 202 kcal<\/span><br style=\"font-size: 13px\" \/><br \/>\n<span style=\"font-size: 13px\">Fats 16g<\/span><br style=\"font-size: 13px\" \/><br \/>\n<span style=\"font-size: 13px\">millest k\u00fcllastunud rasvhapped 2,6g<\/span><br style=\"font-size: 13px\" \/><br \/>\n<span style=\"font-size: 13px\">Carbohydrates 10g<\/span><br style=\"font-size: 13px\" \/><br \/>\n<span style=\"font-size: 13px\">millest suhkrud 7,6g<\/span><br style=\"font-size: 13px\" \/><br \/>\n<span style=\"font-size: 13px\">Valgud 1,3g<\/span><br style=\"font-size: 13px\" \/><br \/>\n<span style=\"font-size: 13px\">Sool 7g<\/span><\/p>\n<p>Country of origin: Thailand<\/p>","protected":false},"excerpt":{"rendered":"<p>Tom Yum on \u00fcks Tai, Laose ja Indoneesia populaarsemaid suppe. <\/p>","protected":false},"featured_media":478,"template":"","meta":[],"product_brand":[],"product_cat":[308],"product_tag":[],"class_list":{"0":"post-448","1":"product","2":"type-product","3":"status-publish","4":"has-post-thumbnail","6":"product_cat-maitseaine-pastad-kastmed","8":"first","9":"instock","10":"taxable","11":"shipping-taxable","12":"purchasable","13":"product-type-simple"},"_links":{"self":[{"href":"https:\/\/pipraveski.ee\/en\/wp-json\/wp\/v2\/product\/448","targetHints":{"allow":["GET"]}}],"collection":[{"href":"https:\/\/pipraveski.ee\/en\/wp-json\/wp\/v2\/product"}],"about":[{"href":"https:\/\/pipraveski.ee\/en\/wp-json\/wp\/v2\/types\/product"}],"wp:featuredmedia":[{"embeddable":true,"href":"https:\/\/pipraveski.ee\/en\/wp-json\/wp\/v2\/media\/478"}],"wp:attachment":[{"href":"https:\/\/pipraveski.ee\/en\/wp-json\/wp\/v2\/media?parent=448"}],"wp:term":[{"taxonomy":"product_brand","embeddable":true,"href":"https:\/\/pipraveski.ee\/en\/wp-json\/wp\/v2\/product_brand?post=448"},{"taxonomy":"product_cat","embeddable":true,"href":"https:\/\/pipraveski.ee\/en\/wp-json\/wp\/v2\/product_cat?post=448"},{"taxonomy":"product_tag","embeddable":true,"href":"https:\/\/pipraveski.ee\/en\/wp-json\/wp\/v2\/product_tag?post=448"}],"curies":[{"name":"wp","href":"https:\/\/api.w.org\/{rel}","templated":true}]}}