{"id":446,"date":"2025-10-22T19:02:15","date_gmt":"2025-10-22T16:02:15","guid":{"rendered":"https:\/\/pipraveski.ee\/?post_type=product&#038;p=446"},"modified":"2026-04-17T11:33:01","modified_gmt":"2026-04-17T08:33:01","slug":"guarkummi-paksendaja-1kg","status":"publish","type":"product","link":"https:\/\/pipraveski.ee\/en\/product\/guarkummi-paksendaja-1kg\/","title":{"rendered":"Guar gum (thickener), 1kg"},"content":{"rendered":"<p>Guarkummit kasutatakse k\u00fclmade ja kuumade vedelike paksendamisel, kuumade tarretiste, kergete vahtude valmistamisel, n\u00e4iteks: j\u00e4\u00e4tised, mahlad, kissellid, kodujuust, marmelaadid, supid, kastmed jmt, gluteenivabades k\u00fcpsetistes kasutatakse taigna sitkuse\/tiheduse parandamiseks ja pehmuse s\u00e4ilitamiseks.<\/p>\n<p>Tekstuur: valmismass guarkummiga on tihe, kleepuv pasta, l\u00e4bipaistmatu, stabiilne PH 4-10 skaalal, alkoholiga ei pruugi h\u00e4sti siduda.<br \/>\nKoos alginaadi, ksantaankummiga saab moodustada eriti tugevaid tarretisi.<\/p>\n<p>Kergeks paksendamiseks vedelikega mis ei ole selged (n\u00e4iteks piim), kasutada 0,35% guarkummi.<\/p>\n<p>Tugevama tekstuuri saamiseks kasutada 0,5 % guarkummit ja 0,35% ksantaankummit (soojad supid, kastmed).<\/p>\n<p>Kuumade geelide jaoks, nagu n\u00e4iteks terriinid mida saab l\u00f5igata, kasutada 0,2% guarkummi ja 0,4% agar agarit.<\/p>\n<p>Koostisosad: guarkummi E412<\/p>","protected":false},"excerpt":{"rendered":"<p>T\u00e4rklisest valmistatud paksendaja, stabilisaator.<\/p>","protected":false},"featured_media":476,"template":"","meta":[],"product_brand":[],"product_cat":[311],"product_tag":[],"class_list":{"0":"post-446","1":"product","2":"type-product","3":"status-publish","4":"has-post-thumbnail","6":"product_cat-tekstuuriparandajad","8":"first","9":"instock","10":"taxable","11":"shipping-taxable","12":"purchasable","13":"product-type-simple"},"_links":{"self":[{"href":"https:\/\/pipraveski.ee\/en\/wp-json\/wp\/v2\/product\/446","targetHints":{"allow":["GET"]}}],"collection":[{"href":"https:\/\/pipraveski.ee\/en\/wp-json\/wp\/v2\/product"}],"about":[{"href":"https:\/\/pipraveski.ee\/en\/wp-json\/wp\/v2\/types\/product"}],"wp:featuredmedia":[{"embeddable":true,"href":"https:\/\/pipraveski.ee\/en\/wp-json\/wp\/v2\/media\/476"}],"wp:attachment":[{"href":"https:\/\/pipraveski.ee\/en\/wp-json\/wp\/v2\/media?parent=446"}],"wp:term":[{"taxonomy":"product_brand","embeddable":true,"href":"https:\/\/pipraveski.ee\/en\/wp-json\/wp\/v2\/product_brand?post=446"},{"taxonomy":"product_cat","embeddable":true,"href":"https:\/\/pipraveski.ee\/en\/wp-json\/wp\/v2\/product_cat?post=446"},{"taxonomy":"product_tag","embeddable":true,"href":"https:\/\/pipraveski.ee\/en\/wp-json\/wp\/v2\/product_tag?post=446"}],"curies":[{"name":"wp","href":"https:\/\/api.w.org\/{rel}","templated":true}]}}