{"id":442,"date":"2025-10-22T19:02:15","date_gmt":"2025-10-22T16:02:15","guid":{"rendered":"https:\/\/pipraveski.ee\/?post_type=product&#038;p=442"},"modified":"2026-04-17T11:32:35","modified_gmt":"2026-04-17T08:32:35","slug":"tsillioli-lkk-207ml","status":"publish","type":"product","link":"https:\/\/pipraveski.ee\/en\/product\/tsillioli-lkk-207ml\/","title":{"rendered":"Chilli oil, LKK, 207ml"},"content":{"rendered":"<p>Terav t\u0161illi\u00f5li sobib v\u00fcrtsikuse lisamiseks igale kastmele, majoneesile jms.<br \/>\nLisab \u00f5rna oran\u017ei tooni.<\/p>\n<p>Valmistatud soja\u00f5li baasil, kuhu lisatud k\u00fcpsed punased t\u0161illikaunad.<\/p>\n<p>Koostisosad: SOJA\u00f5li, punased t\u0161illikaunad 10%.<\/p>\n<p>Energiasisaldus 2782 kJ\/&nbsp;<span style=\"font-size: 13px\">676 kcal<\/span><br \/>\nRasvad 70 g<br \/>\nmillest k\u00fcllastunud rasvhapped 12 g<br \/>\nS\u00fcsivesikud&nbsp; 5 g<br \/>\nmillest suhkrud 2,1 g<br \/>\nValgud &#8211; 3,3 g<br \/>\nSool &#8211; 6,9 g<\/p>\n<p>Country of origin China<\/p>","protected":false},"excerpt":{"rendered":"<p>T\u0161illi\u00f5li<\/p>","protected":false},"featured_media":472,"template":"","meta":[],"product_brand":[242],"product_cat":[315],"product_tag":[],"class_list":{"0":"post-442","1":"product","2":"type-product","3":"status-publish","4":"has-post-thumbnail","6":"product_brand-lee-kum-kee","7":"product_cat-olid-rasvad","9":"first","10":"instock","11":"taxable","12":"shipping-taxable","13":"purchasable","14":"product-type-simple"},"_links":{"self":[{"href":"https:\/\/pipraveski.ee\/en\/wp-json\/wp\/v2\/product\/442","targetHints":{"allow":["GET"]}}],"collection":[{"href":"https:\/\/pipraveski.ee\/en\/wp-json\/wp\/v2\/product"}],"about":[{"href":"https:\/\/pipraveski.ee\/en\/wp-json\/wp\/v2\/types\/product"}],"wp:featuredmedia":[{"embeddable":true,"href":"https:\/\/pipraveski.ee\/en\/wp-json\/wp\/v2\/media\/472"}],"wp:attachment":[{"href":"https:\/\/pipraveski.ee\/en\/wp-json\/wp\/v2\/media?parent=442"}],"wp:term":[{"taxonomy":"product_brand","embeddable":true,"href":"https:\/\/pipraveski.ee\/en\/wp-json\/wp\/v2\/product_brand?post=442"},{"taxonomy":"product_cat","embeddable":true,"href":"https:\/\/pipraveski.ee\/en\/wp-json\/wp\/v2\/product_cat?post=442"},{"taxonomy":"product_tag","embeddable":true,"href":"https:\/\/pipraveski.ee\/en\/wp-json\/wp\/v2\/product_tag?post=442"}],"curies":[{"name":"wp","href":"https:\/\/api.w.org\/{rel}","templated":true}]}}