{"id":441,"date":"2025-10-22T19:02:15","date_gmt":"2025-10-22T16:02:15","guid":{"rendered":"https:\/\/pipraveski.ee\/?post_type=product&#038;p=441"},"modified":"2026-04-17T11:32:57","modified_gmt":"2026-04-17T08:32:57","slug":"sidrunikaste-kanale-ahg-60g","status":"publish","type":"product","link":"https:\/\/pipraveski.ee\/en\/product\/sidrunikaste-kanale-ahg-60g\/","title":{"rendered":"Lemonade Chicken, AHG, 60g"},"content":{"rendered":"<p>Kantoni piirkonnast p\u00e4ris sidrunikastme segu kanale.<\/p>\n<p>Retsept (3 inimesele):<br \/>\nVaja l\u00e4heb: 1 pakk sidrunikastet, 2spl vett, 450g kana rinnafileed, kondita, 1 muna, lahtiklopitud, 1\/2 tassi maisijahu, \u00f5li praadimiseks, 3 \u00f5hukest viilu sidrunit v\u00f5i laimi.<br \/>\nValmistamine: Kasta kana t\u00fckid munasse ja aseta kilekotti. Lisa juurde maisijahu, raputa segamini. Pruunista kana pannil v\u00f5i friteeri ning aseta k\u00f5rvale.<br \/>\nSega paki sisu vee ja sidruni\/laimiga. Kalla saadud kaste kanale, sega korralikult ja serveeri.<\/p>\n<p>Koostisosad: vesi, suhkur, gl\u00fckoossiirup, LAKTOOS, pruun suhkur, marineeritud sidrun 5% (sidrun, \u00e4\u00e4dikas), paksendaja: modifitseeritud tapiokit\u00e4rklis, happesuse regulaator: \u00f5unhape, sool.<\/p>\n<p>Gluten-free.<br \/>\nEi sisalda MSG&#8217;d, s\u00e4ilitusaaineid ja kunstlike v\u00e4rvaineid.<\/p>\n<p>Nutrition information per 100g:<br \/>\nEnergiasisaldus 1310kJ\/313kcal<br \/>\nFats &lt;0,5g<br \/>\nof which saturated fatty acids 0,4g<br \/>\nCarbohydrates 76g<br \/>\nmillest suhkrud 59g<br \/>\nValgud &lt;0,5g<br \/>\nSalt 1,2g<\/p>\n<p>Country of origin: Thailand<\/p>","protected":false},"excerpt":{"rendered":"<p>Sidrunikaste kanale<\/p>","protected":false},"featured_media":471,"template":"","meta":[],"product_brand":[266],"product_cat":[308],"product_tag":[],"class_list":{"0":"post-441","1":"product","2":"type-product","3":"status-publish","4":"has-post-thumbnail","6":"product_brand-ahg","7":"product_cat-maitseaine-pastad-kastmed","9":"first","10":"instock","11":"taxable","12":"shipping-taxable","13":"purchasable","14":"product-type-simple"},"_links":{"self":[{"href":"https:\/\/pipraveski.ee\/en\/wp-json\/wp\/v2\/product\/441","targetHints":{"allow":["GET"]}}],"collection":[{"href":"https:\/\/pipraveski.ee\/en\/wp-json\/wp\/v2\/product"}],"about":[{"href":"https:\/\/pipraveski.ee\/en\/wp-json\/wp\/v2\/types\/product"}],"wp:featuredmedia":[{"embeddable":true,"href":"https:\/\/pipraveski.ee\/en\/wp-json\/wp\/v2\/media\/471"}],"wp:attachment":[{"href":"https:\/\/pipraveski.ee\/en\/wp-json\/wp\/v2\/media?parent=441"}],"wp:term":[{"taxonomy":"product_brand","embeddable":true,"href":"https:\/\/pipraveski.ee\/en\/wp-json\/wp\/v2\/product_brand?post=441"},{"taxonomy":"product_cat","embeddable":true,"href":"https:\/\/pipraveski.ee\/en\/wp-json\/wp\/v2\/product_cat?post=441"},{"taxonomy":"product_tag","embeddable":true,"href":"https:\/\/pipraveski.ee\/en\/wp-json\/wp\/v2\/product_tag?post=441"}],"curies":[{"name":"wp","href":"https:\/\/api.w.org\/{rel}","templated":true}]}}