{"id":440,"date":"2025-10-22T19:02:15","date_gmt":"2025-10-22T16:02:15","guid":{"rendered":"https:\/\/pipraveski.ee\/?post_type=product&#038;p=440"},"modified":"2026-04-17T11:31:42","modified_gmt":"2026-04-17T08:31:42","slug":"taimne-wok-kaste-pilseniga-510ml","status":"publish","type":"product","link":"https:\/\/pipraveski.ee\/en\/product\/taimne-wok-kaste-pilseniga-510ml\/","title":{"rendered":"Vegetable Wok Sauce with Mushrooms, 510ml"},"content":{"rendered":"<p style=\"font-size: 0.975rem;line-height: 1.5rem;margin: 0rem 0rem 1.25rem;, sans-serif\">Taimetoitlaste maitseainekaste seentega on spetsiaalselt v\u00e4lja t\u00f6\u00f6tatud taimetoitlaste ja vegantoitude jaoks. See on alternatiiv austrikastmele, on sarnase tekstuuriga ja annab roogadele&nbsp;austrikastmega v\u00f5rreldava maitse.<\/p>\n<p style=\"line-height: 1.5rem;margin: 0rem 0rem 1.25rem;, sans-serif\"><span style=\"font-size: 0.975rem\">Lee Kum Kee kasutab tootmiseks shiitake seeni, seenemaitse pole siiski liiga domineeriv, nii et kaste harmoneerub h\u00e4sti paljude erinevate Hiina roogadega ja seda saab kasutada ka dipikastmena.<\/p>\n<p><font style=\", sans-serif;font-size: 15px\"><strong>Ingredients: <\/strong>Vesi, suhkur, SOJAkaste (vesi, SOJAoad, sool, maisit\u00e4rklis), sool, modifitseeritud maisit\u00e4rklis, p\u00e4rmiekstrakt (p\u00e4rmiekstrakt, sool, vesi), v\u00e4rvus: karamell (E150A); kuivatatud shiitake (0,3%).<\/font>&nbsp;<br \/>\n<strong>Allergens:<\/strong> SOJA<\/span><span style=\"font-size: 15px\">&nbsp;<\/span><\/p>\n<p><strong><span style=\"font-size: 0.975rem\">Toitumisalane&nbsp;teave&nbsp;100g kohta,<\/span><\/strong><br \/>\n<span style=\"font-size: 0.975rem\">Energiasisaldus&nbsp;&nbsp;576 kJ \/136 kcal<\/span><br \/>\n<span style=\"font-size: 0.975rem\">Fats 0,5g<\/span><br \/>\n<span style=\"font-size: 0.975rem\">K\u00fcllastunud rasvhappeid 0,1g<\/span><br \/>\n<span style=\"font-size: 0.975rem\">S\u00fcsivesikuid 32,0g<\/span><br \/>\n<span style=\"font-size: 0.975rem\">Suhkruid 27,0g<\/span><br \/>\n<span style=\"font-size: 0.975rem\">Valgud&nbsp;1,9g<\/span><br \/>\n<span style=\"font-size: 0.975rem\">Salt 11,1g<\/span><\/p>","protected":false},"excerpt":{"rendered":"<p>Taimetoitlaste maitseainekaste seentega on spetsiaalselt v\u00e4lja t\u00f6\u00f6tatud taimetoitlaste ja vegantoitude jaoks. See on alternatiiv austrikastmele, on sarnase tekstuuriga ja annab roogadele&nbsp;austrikastmega v\u00f5rreldava maitse. Lee Kum Kee kasutab tootmiseks shiitake seeni, seenemaitse pole siiski liiga domineeriv, nii et kaste harmoneerub h\u00e4sti paljude erinevate Hiina roogadega ja seda saab kasutada ka dipikastmena. Koostisosad: Vesi, suhkur, SOJAkaste (vesi, [&hellip;]<\/p>\n","protected":false},"featured_media":470,"template":"","meta":[],"product_brand":[],"product_cat":[317],"product_tag":[],"class_list":{"0":"post-440","1":"product","2":"type-product","3":"status-publish","4":"has-post-thumbnail","6":"product_cat-kastmed-sinepid-tsatnid","8":"first","9":"instock","10":"taxable","11":"shipping-taxable","12":"purchasable","13":"product-type-simple"},"_links":{"self":[{"href":"https:\/\/pipraveski.ee\/en\/wp-json\/wp\/v2\/product\/440","targetHints":{"allow":["GET"]}}],"collection":[{"href":"https:\/\/pipraveski.ee\/en\/wp-json\/wp\/v2\/product"}],"about":[{"href":"https:\/\/pipraveski.ee\/en\/wp-json\/wp\/v2\/types\/product"}],"wp:featuredmedia":[{"embeddable":true,"href":"https:\/\/pipraveski.ee\/en\/wp-json\/wp\/v2\/media\/470"}],"wp:attachment":[{"href":"https:\/\/pipraveski.ee\/en\/wp-json\/wp\/v2\/media?parent=440"}],"wp:term":[{"taxonomy":"product_brand","embeddable":true,"href":"https:\/\/pipraveski.ee\/en\/wp-json\/wp\/v2\/product_brand?post=440"},{"taxonomy":"product_cat","embeddable":true,"href":"https:\/\/pipraveski.ee\/en\/wp-json\/wp\/v2\/product_cat?post=440"},{"taxonomy":"product_tag","embeddable":true,"href":"https:\/\/pipraveski.ee\/en\/wp-json\/wp\/v2\/product_tag?post=440"}],"curies":[{"name":"wp","href":"https:\/\/api.w.org\/{rel}","templated":true}]}}