{"id":437,"date":"2025-10-22T19:02:15","date_gmt":"2025-10-22T16:02:15","guid":{"rendered":"https:\/\/pipraveski.ee\/?post_type=product&#038;p=437"},"modified":"2026-04-17T11:31:38","modified_gmt":"2026-04-17T08:31:38","slug":"toddy-palmi-seemned-siirupis-twinelephant-565g","status":"publish","type":"product","link":"https:\/\/pipraveski.ee\/en\/product\/toddy-palmi-seemned-siirupis-twinelephant-565g\/","title":{"rendered":"Toddy palm seeds in syrup, TwinElephant, 565g"},"content":{"rendered":"<p>Toddy palmi seemned sobivad tarbimiseks kuumutatult kui ka otse purgist.<br \/>\nLisa n\u00e4iteks riisipudingute, magustoitude, puuviljasalatite, j\u00e4\u00e4tise vms juurde.<\/p>\n<p>Tekstuurilt on Toddy palmi seemned lit\u0161ile sarnased, maitselt meenutavad rohkem kookost.<\/p>\n<p>Koostisosad: palmiseemned 41%, vesi, suhkur 24%, happesuse regulaator: sidrunhape.<\/p>\n<p>Nutrition information per 100g:<br \/>\nEnergiasisaldus 262kJ\/62kcal<br \/>\nFats 0g<br \/>\nof which saturated fatty acids 0g<br \/>\nS\u00fcsivesikud 15g<br \/>\nof which sugars 14g<br \/>\nValgud 0,1g<br \/>\nSalt 0g<\/p>","protected":false},"excerpt":{"rendered":"<p>Troopiline lisand pudingutele, magustoitudele, salatitele, j\u00e4\u00e4tisele<\/p>","protected":false},"featured_media":467,"template":"","meta":[],"product_brand":[241],"product_cat":[322],"product_tag":[],"class_list":{"0":"post-437","1":"product","2":"type-product","3":"status-publish","4":"has-post-thumbnail","6":"product_brand-twin-elephants","7":"product_cat-magusad-hoidised","9":"first","10":"outofstock","11":"taxable","12":"shipping-taxable","13":"purchasable","14":"product-type-simple"},"_links":{"self":[{"href":"https:\/\/pipraveski.ee\/en\/wp-json\/wp\/v2\/product\/437","targetHints":{"allow":["GET"]}}],"collection":[{"href":"https:\/\/pipraveski.ee\/en\/wp-json\/wp\/v2\/product"}],"about":[{"href":"https:\/\/pipraveski.ee\/en\/wp-json\/wp\/v2\/types\/product"}],"wp:featuredmedia":[{"embeddable":true,"href":"https:\/\/pipraveski.ee\/en\/wp-json\/wp\/v2\/media\/467"}],"wp:attachment":[{"href":"https:\/\/pipraveski.ee\/en\/wp-json\/wp\/v2\/media?parent=437"}],"wp:term":[{"taxonomy":"product_brand","embeddable":true,"href":"https:\/\/pipraveski.ee\/en\/wp-json\/wp\/v2\/product_brand?post=437"},{"taxonomy":"product_cat","embeddable":true,"href":"https:\/\/pipraveski.ee\/en\/wp-json\/wp\/v2\/product_cat?post=437"},{"taxonomy":"product_tag","embeddable":true,"href":"https:\/\/pipraveski.ee\/en\/wp-json\/wp\/v2\/product_tag?post=437"}],"curies":[{"name":"wp","href":"https:\/\/api.w.org\/{rel}","templated":true}]}}