{"id":4361,"date":"2025-12-01T14:43:14","date_gmt":"2025-12-01T12:43:14","guid":{"rendered":"https:\/\/pipraveski.ee\/toode\/rooibos-tee-orgaaniline-50g\/"},"modified":"2026-05-13T12:45:56","modified_gmt":"2026-05-13T09:45:56","slug":"rooibos-tee-orgaaniline-50g","status":"publish","type":"product","link":"https:\/\/pipraveski.ee\/en\/product\/rooibos-tee-orgaaniline-50g\/","title":{"rendered":"Rooibos tee, Orgaaniline, 50g"},"content":{"rendered":"<p>Rooibose p\u00e4ritolumaa on L\u00f5una-Aafrika Vabariik. Kohalikud elanikud kasutasid rooibose teed puuviljase ja magusa tee valmistamiseks juba ammu enne eurooplasi. P\u00f5\u00f5sa oksi kuivatatakse p\u00e4ikese k\u00e4es ja l\u00f5igatakse seej\u00e4rel v\u00e4ikesteks t\u00fckkideks. Tee eksporditi kaugetesse riikidesse esmakordselt 19. sajandil ja sellest ajast alates on selle eksport kasvanud. Selle tulemusel hakati seda kunagi metsikult kasvanud p\u00f5\u00f5sast kontrollitult kasvatama. Kvaliteetset rooibose teed saab \u00e4ra tunda rubiinpunase v\u00e4rvuse ja pehme, magusa, iseloomuliku ja aromaatse maitse j\u00e4rgi. Lehel on \u00fcsna pikad okkad.<\/p>\n<p>Koostisosad:Rooibose tee, mahep\u00f5llumajanduslikult kasvatatud.<br \/>\n&nbsp;<\/p>\n<div style=\"margin-right: 5px;display: inline-block;font-size: 0.75em\"><span style=\"font-size: 12px\"><img decoding=\"async\" src=\"https:\/\/www.dethlefsen-balk.de\/images\/property\/Zeit.jpg\" style=\"max-width: 100%;height: auto;vertical-align: middle;border-style: none\" \/>&nbsp;8-10 minutit keetmisaega<\/span><\/div>\n<div style=\"margin-right: 5px;display: inline-block;font-size: 0.75em\"><span style=\"font-size: 12px\"><img decoding=\"async\" src=\"https:\/\/www.dethlefsen-balk.de\/images\/property\/temp.jpg\" style=\"max-width: 100%;height: auto;vertical-align: middle;border-style: none\" \/>&nbsp;100 \u00b0C vee temperatur<\/span><\/div>\n<div style=\"display: inline-block;font-size: 0.75em\"><span style=\"font-size: 12px\"><img decoding=\"async\" src=\"https:\/\/www.dethlefsen-balk.de\/images\/property\/loef.jpg\" style=\"max-width: 100%;height: auto;vertical-align: middle;border-style: none\" \/>&nbsp;4-5 teelusikat\u00e4is 1L kohta.<\/span><\/div>","protected":false},"excerpt":{"rendered":"<p>Rooibose p\u00e4ritolumaa on L\u00f5una-Aafrika Vabariik. Kohalikud elanikud kasutasid rooibose teed puuviljase ja magusa tee valmistamiseks juba ammu enne eurooplasi. P\u00f5\u00f5sa oksi kuivatatakse p\u00e4ikese k\u00e4es ja l\u00f5igatakse seej\u00e4rel v\u00e4ikesteks t\u00fckkideks. Tee eksporditi kaugetesse riikidesse esmakordselt 19. sajandil ja sellest ajast alates on selle eksport kasvanud. Selle tulemusel hakati seda kunagi metsikult kasvanud p\u00f5\u00f5sast kontrollitult kasvatama. Kvaliteetset [&hellip;]<\/p>\n","protected":false},"featured_media":4360,"template":"","meta":[],"product_brand":[],"product_cat":[15],"product_tag":[],"class_list":{"0":"post-4361","1":"product","2":"type-product","3":"status-publish","4":"has-post-thumbnail","6":"product_cat-maaramata","8":"first","9":"instock","10":"taxable","11":"shipping-taxable","12":"purchasable","13":"product-type-simple"},"_links":{"self":[{"href":"https:\/\/pipraveski.ee\/en\/wp-json\/wp\/v2\/product\/4361","targetHints":{"allow":["GET"]}}],"collection":[{"href":"https:\/\/pipraveski.ee\/en\/wp-json\/wp\/v2\/product"}],"about":[{"href":"https:\/\/pipraveski.ee\/en\/wp-json\/wp\/v2\/types\/product"}],"wp:featuredmedia":[{"embeddable":true,"href":"https:\/\/pipraveski.ee\/en\/wp-json\/wp\/v2\/media\/4360"}],"wp:attachment":[{"href":"https:\/\/pipraveski.ee\/en\/wp-json\/wp\/v2\/media?parent=4361"}],"wp:term":[{"taxonomy":"product_brand","embeddable":true,"href":"https:\/\/pipraveski.ee\/en\/wp-json\/wp\/v2\/product_brand?post=4361"},{"taxonomy":"product_cat","embeddable":true,"href":"https:\/\/pipraveski.ee\/en\/wp-json\/wp\/v2\/product_cat?post=4361"},{"taxonomy":"product_tag","embeddable":true,"href":"https:\/\/pipraveski.ee\/en\/wp-json\/wp\/v2\/product_tag?post=4361"}],"curies":[{"name":"wp","href":"https:\/\/api.w.org\/{rel}","templated":true}]}}