{"id":436,"date":"2025-10-22T19:02:15","date_gmt":"2025-10-22T16:02:15","guid":{"rendered":"https:\/\/pipraveski.ee\/?post_type=product&#038;p=436"},"modified":"2026-04-17T11:31:40","modified_gmt":"2026-04-17T08:31:40","slug":"yuzu-ponzu-tsitruse-sojakaste-kikkoman-1l","status":"publish","type":"product","link":"https:\/\/pipraveski.ee\/en\/product\/yuzu-ponzu-tsitruse-sojakaste-kikkoman-1l\/","title":{"rendered":"Yuzu Ponzu citrus soy sauce, Kikkoman, 1L"},"content":{"rendered":"<p>Kerge tsitruseline sojakaste toitude maitsestamiseks, dippimiseks, salatikastmeks, marinaadiks jm.<br \/>\nYuzu Ponzu kastet kasutatakse palju jaapani toitude juures.<\/p>\n<p>Koostisosad: vesi, SOJAkaste (vesi, SOJAoad, NISU, sool), suhkur, \u00e4\u00e4dikas, sidrunikontsentraat, sool, naturaalne sidruni maitseaine, p\u00e4rmiekstrakt.&nbsp;<\/p>\n<p>Nutrition information per 100g&nbsp;<br \/>\nEnergiasisaldus 520 kJ \/ 122 kcal<br \/>\nFats 0g<br \/>\nof which saturated fatty acids 0g<br \/>\nS\u00fcsivesikud 23g<br \/>\nmillest suhkrud 23g<br \/>\nProtein 3,3g<br \/>\nSalt 6,6g<\/p>","protected":false},"excerpt":{"rendered":"<p>Kerge tsitruseline sojakaste toitude maitsestamiseks, dippimiseks, salatikastmeks jm.<\/p>","protected":false},"featured_media":466,"template":"","meta":[],"product_brand":[294],"product_cat":[317],"product_tag":[],"class_list":{"0":"post-436","1":"product","2":"type-product","3":"status-publish","4":"has-post-thumbnail","6":"product_brand-kikkoman","7":"product_cat-kastmed-sinepid-tsatnid","9":"first","10":"outofstock","11":"taxable","12":"shipping-taxable","13":"purchasable","14":"product-type-simple"},"_links":{"self":[{"href":"https:\/\/pipraveski.ee\/en\/wp-json\/wp\/v2\/product\/436","targetHints":{"allow":["GET"]}}],"collection":[{"href":"https:\/\/pipraveski.ee\/en\/wp-json\/wp\/v2\/product"}],"about":[{"href":"https:\/\/pipraveski.ee\/en\/wp-json\/wp\/v2\/types\/product"}],"wp:featuredmedia":[{"embeddable":true,"href":"https:\/\/pipraveski.ee\/en\/wp-json\/wp\/v2\/media\/466"}],"wp:attachment":[{"href":"https:\/\/pipraveski.ee\/en\/wp-json\/wp\/v2\/media?parent=436"}],"wp:term":[{"taxonomy":"product_brand","embeddable":true,"href":"https:\/\/pipraveski.ee\/en\/wp-json\/wp\/v2\/product_brand?post=436"},{"taxonomy":"product_cat","embeddable":true,"href":"https:\/\/pipraveski.ee\/en\/wp-json\/wp\/v2\/product_cat?post=436"},{"taxonomy":"product_tag","embeddable":true,"href":"https:\/\/pipraveski.ee\/en\/wp-json\/wp\/v2\/product_tag?post=436"}],"curies":[{"name":"wp","href":"https:\/\/api.w.org\/{rel}","templated":true}]}}