{"id":431,"date":"2025-10-22T19:02:14","date_gmt":"2025-10-22T16:02:14","guid":{"rendered":"https:\/\/pipraveski.ee\/?post_type=product&#038;p=431"},"modified":"2026-04-17T11:33:01","modified_gmt":"2026-04-17T08:33:01","slug":"scorpion-inferno-kaste-bio-40ml","status":"publish","type":"product","link":"https:\/\/pipraveski.ee\/en\/product\/scorpion-inferno-kaste-bio-40ml\/","title":{"rendered":"Scorpion Inferno sauce, organic, 40ml"},"content":{"rendered":"<p>Scorpion Inferno terav kaste on v\u00f5itnud rahvusvahelisel konkursil &#8220;The Hot Pepper Awards&#8221; 2. koha \u2013 ja seda m\u00f5juval p\u00f5hjusel: kaste koosneb 50% kurikuulsast &#8220;Trinidad Scorpion Yellow Chili&#8221;, mille kogus v\u00f5ib ulatuda kuni 1 000 000. Scoville! Mahlakale astelpajule ja aprikoosidele tuginedes on selle \u00fcli\u00e4geda t\u0161illi lillelised toonid esile t\u00f5stetud ja kui raevukas kuumus sind tabab, toimub maitsemeelte plahvatus.<\/p>\n<p>&#8220;Trinidad Scorpion Yellow Chili&#8221;, \u00fcli\u00e4ge kollane t\u0161illi, tekitab tarbimisel koheselt magusa sidrunimaitse, millele j\u00e4rgneb \u00e4\u00e4rmiselt intensiivne kuumus. Kastme kuumusaste on 800 000\u20131 000 000 Scoville\u2019i ja seet\u00f5ttu tuleks seda kasutada v\u00e4ga ettevaatlikult ja s\u00e4\u00e4stlikult. Vaatamata sellele erakordsele kuumusele maitseb Scorpion Inferno Hot Sauce endiselt selgelt k\u00f5iki oma aroome.<\/p>\n<p>Sk\u00e5nski t\u0161illikastmed on kirgliku orgaanilise t\u0161illi kasvatamise ja kvaliteetse toidu tootmise tulemus. Sk\u00e5nsk Chili ei taha toota ainult v\u00f5imalikult v\u00fcrtsikaid t\u0161illikasteid, vaid ka erineva kuumusastme ja tugeva iseloomuga, eriti rikkaliku maitse ja k\u00f5rge \u00e4ratundmisv\u00e4\u00e4rtusega t\u0161illikastmeid.<\/p>\n<p><strong>Shelf life \/ Storage<\/strong><br \/>\nEnne kasutamist loksutada. P\u00e4rast avamist hoida jahedas.<\/p>\n<p><strong>Ingredients:&nbsp;<\/strong>Yellow Scorpion &#8211; t\u0161illi* (50%), vesi, astelpaju*, marineeritud aprikoosid* (aprikoosid*, suhkur, sidrunimahl*), sibul*, sidrunimahl*, ingver*, sool*.<br \/>\n&#8211; *Maheviljelusest<\/p>\n<p><strong>Nutrition information per 100 g:<\/strong><br \/>\nEnergiasisaldus 260KJ \/ 42kcal<br \/>\nRasvad 0,9 g<br \/>\nof which saturated fatty acids 0,2g<br \/>\nS\u00fcsivesikud 11,7g<br \/>\nmillest suhkurud 5g<br \/>\nProtein 1,2g<br \/>\nSool 1,3 g<\/p>","protected":false},"excerpt":{"rendered":"<p>&#8220;Trinidad Scorpion Yellow Chili&#8221;, \u00fcli\u00e4ge kollane t\u0161illi, tekitab tarbimisel koheselt magusa sidrunimaitse, millele j\u00e4rgneb \u00e4\u00e4rmiselt intensiivne kuumus. <\/p>","protected":false},"featured_media":461,"template":"","meta":[],"product_brand":[],"product_cat":[317],"product_tag":[],"class_list":{"0":"post-431","1":"product","2":"type-product","3":"status-publish","4":"has-post-thumbnail","6":"product_cat-kastmed-sinepid-tsatnid","8":"first","9":"outofstock","10":"taxable","11":"shipping-taxable","12":"purchasable","13":"product-type-simple"},"_links":{"self":[{"href":"https:\/\/pipraveski.ee\/en\/wp-json\/wp\/v2\/product\/431","targetHints":{"allow":["GET"]}}],"collection":[{"href":"https:\/\/pipraveski.ee\/en\/wp-json\/wp\/v2\/product"}],"about":[{"href":"https:\/\/pipraveski.ee\/en\/wp-json\/wp\/v2\/types\/product"}],"wp:featuredmedia":[{"embeddable":true,"href":"https:\/\/pipraveski.ee\/en\/wp-json\/wp\/v2\/media\/461"}],"wp:attachment":[{"href":"https:\/\/pipraveski.ee\/en\/wp-json\/wp\/v2\/media?parent=431"}],"wp:term":[{"taxonomy":"product_brand","embeddable":true,"href":"https:\/\/pipraveski.ee\/en\/wp-json\/wp\/v2\/product_brand?post=431"},{"taxonomy":"product_cat","embeddable":true,"href":"https:\/\/pipraveski.ee\/en\/wp-json\/wp\/v2\/product_cat?post=431"},{"taxonomy":"product_tag","embeddable":true,"href":"https:\/\/pipraveski.ee\/en\/wp-json\/wp\/v2\/product_tag?post=431"}],"curies":[{"name":"wp","href":"https:\/\/api.w.org\/{rel}","templated":true}]}}