{"id":427,"date":"2025-10-22T19:02:14","date_gmt":"2025-10-22T16:02:14","guid":{"rendered":"https:\/\/pipraveski.ee\/?post_type=product&#038;p=427"},"modified":"2026-04-17T11:32:24","modified_gmt":"2026-04-17T08:32:24","slug":"vurtsikas-riisikreekerite-mix-175g","status":"publish","type":"product","link":"https:\/\/pipraveski.ee\/en\/product\/vurtsikas-riisikreekerite-mix-175g\/","title":{"rendered":"Spicy rice cracker mix, 175g"},"content":{"rendered":"<p>See v\u00fcrtsikas segu sobib ideaalselt pidudele, kontorisse, suupisteks filmi\u00f5htutel&nbsp; v\u00f5i maitsvaks vahepalaks.&nbsp;<\/p>\n<p>Koostisained: Riis 38%, maisipulber 18%, maisit\u00e4rklis 12%, palmi\u00f5li, suhkur, p\u00e4evalille\u00f5li, SOJAkaste (SOJAuba, NISU (gluteen), sool, vesi), modifitseeritud tapiokit\u00e4rklis, praetud t\u0161illipulber (suhkur, v\u00fcrtsid (k\u00fc\u00fcslauk, sibul, t\u0161illi, \u0161alottsibul), sool, SOJAkastmepulber (SOJAuba, NISU (gluteen), sool), l\u00f5hna- ja maitseained (KREVETID), tapiokk maltodekstriin, E160c, E635, E330, E306 (SOJA), maitseained (PIIM) (sool, suhkur, tomatipulber, juustupulber (PIIM)) (cheddari juust (PIIM), palmi\u00f5li, PIIMaavalk, maltodekstriin, p\u00e4rmiekstrakt, sool, l\u00f5hna- ja maitseained,E555, sidrunhape (E330); maisivalk 0,04%, vadak (PIIM), sibulapulber,piimhape (E270); piprapulber, PIIMapulber, l\u00f5hna- ja maitseained, v\u00e4rvaine: kapsaitsiin (E160c); paakumisvastane aine: r\u00e4nidioksiid (E551)), sool, l\u00f5hna- ja maitseained, k\u00fc\u00fcslaugupulber, sibulapulber, v\u00fcrtside ja \u00fcrtide segu, punane t\u0161illipulber, t\u0161illipulber. SOJAkastme pulber (SOJAuba, NISU (gluteen), sool, maltodekstriin), tomatimaitseainepulber (dekstroos, suhkur, sool, tomatipulber, v\u00fcrtsid, maltodekstriin, maitsetugevdaja: (E635); maltodekstriin (maisist, tapiokist), l\u00f5hna- ja maitseained (hikkoripuu l\u00f5hna- ja maitseained), l\u00f5hna- ja maitseained (suitsuaroom), punepulber, piprapulber, sibulahelbed, v\u00e4rvained: kapsaitsiin (E160c), ammoniaakkaramell (E150c); maitsetugevdajad: dinaatriumguan\u00fclaat (E627), dinaatriuminosinaat (E631); happesuse regulaator: sidrunhape (E330)<\/p>\n<p><span style=\"font-size: 13px\">Nutrition information per 100g:<\/span><br style=\"font-size: 13px\" \/><br \/>\n<span style=\"font-size: 13px\">Energiasisaldus 1901 kJ \/ 454kcal<\/span><br style=\"font-size: 13px\" \/><br \/>\n<span style=\"font-size: 13px\">Fats 15g<\/span><br style=\"font-size: 13px\" \/><br \/>\n<span style=\"font-size: 13px\">millest k\u00fcllastunud rasvhapped 4,3g<\/span><br style=\"font-size: 13px\" \/><br \/>\n<span style=\"font-size: 13px\">S\u00fcsivesikud 74 g<\/span><br style=\"font-size: 13px\" \/><br \/>\n<span style=\"font-size: 13px\">millest suhkrud 7,6 g<\/span><br style=\"font-size: 13px\" \/><br \/>\n<span style=\"font-size: 13px\">Valgud 5 g<\/span><br style=\"font-size: 13px\" \/><br \/>\n<span style=\"font-size: 13px\">Sool 1,7 g<\/p>\n<p>Country of origin: Netherlands<\/span><\/p>","protected":false},"excerpt":{"rendered":"<p>Kr\u00f5mpsuv ja v\u00fcrtsikas Golden Turtle riisikreekerite  segu on ideaalne suupiste.<\/p>","protected":false},"featured_media":457,"template":"","meta":[],"product_brand":[],"product_cat":[324],"product_tag":[],"class_list":{"0":"post-427","1":"product","2":"type-product","3":"status-publish","4":"has-post-thumbnail","6":"product_cat-maiustused-snakid","8":"first","9":"instock","10":"taxable","11":"shipping-taxable","12":"purchasable","13":"product-type-simple"},"_links":{"self":[{"href":"https:\/\/pipraveski.ee\/en\/wp-json\/wp\/v2\/product\/427","targetHints":{"allow":["GET"]}}],"collection":[{"href":"https:\/\/pipraveski.ee\/en\/wp-json\/wp\/v2\/product"}],"about":[{"href":"https:\/\/pipraveski.ee\/en\/wp-json\/wp\/v2\/types\/product"}],"wp:featuredmedia":[{"embeddable":true,"href":"https:\/\/pipraveski.ee\/en\/wp-json\/wp\/v2\/media\/457"}],"wp:attachment":[{"href":"https:\/\/pipraveski.ee\/en\/wp-json\/wp\/v2\/media?parent=427"}],"wp:term":[{"taxonomy":"product_brand","embeddable":true,"href":"https:\/\/pipraveski.ee\/en\/wp-json\/wp\/v2\/product_brand?post=427"},{"taxonomy":"product_cat","embeddable":true,"href":"https:\/\/pipraveski.ee\/en\/wp-json\/wp\/v2\/product_cat?post=427"},{"taxonomy":"product_tag","embeddable":true,"href":"https:\/\/pipraveski.ee\/en\/wp-json\/wp\/v2\/product_tag?post=427"}],"curies":[{"name":"wp","href":"https:\/\/api.w.org\/{rel}","templated":true}]}}