{"id":426,"date":"2025-10-22T19:02:14","date_gmt":"2025-10-22T16:02:14","guid":{"rendered":"https:\/\/pipraveski.ee\/?post_type=product&#038;p=426"},"modified":"2026-04-17T11:32:59","modified_gmt":"2026-04-17T08:32:59","slug":"armeenia-maitseaine-80g","status":"publish","type":"product","link":"https:\/\/pipraveski.ee\/en\/product\/armeenia-maitseaine-80g\/","title":{"rendered":"Armenian seasoning, 80g"},"content":{"rendered":"<p>Spice mix for Armenian dishes - lamb, chickpea, lentils, vegetables.<\/p>\n<p>Ingredients: salt, PINE NUTS, paprika, onion flakes, garlic, marjoram, black pepper, sugar, nutmeg, ginger, chilli, coriander, spice.<\/p>","protected":false},"excerpt":{"rendered":"<p>V\u00fcrtsisegu armeeniap\u00e4rastele roogadele &#8211; lamba, kikerherne, l\u00e4\u00e4tse, juurvilja. Koostisosad: sool, SINEPIseemned, paprika, sibulahelbed, k\u00fc\u00fcslauk, majoraan, must pipar, suhkur, muskaatp\u00e4hkel, ingver, t\u0161illi, koriander, v\u00fcrts.<\/p>","protected":false},"featured_media":456,"template":"","meta":[],"product_brand":[],"product_cat":[307],"product_tag":[],"class_list":{"0":"post-426","1":"product","2":"type-product","3":"status-publish","4":"has-post-thumbnail","6":"product_cat-maitseainesegud","8":"first","9":"instock","10":"sale","11":"taxable","12":"shipping-taxable","13":"purchasable","14":"product-type-simple"},"_links":{"self":[{"href":"https:\/\/pipraveski.ee\/en\/wp-json\/wp\/v2\/product\/426","targetHints":{"allow":["GET"]}}],"collection":[{"href":"https:\/\/pipraveski.ee\/en\/wp-json\/wp\/v2\/product"}],"about":[{"href":"https:\/\/pipraveski.ee\/en\/wp-json\/wp\/v2\/types\/product"}],"wp:featuredmedia":[{"embeddable":true,"href":"https:\/\/pipraveski.ee\/en\/wp-json\/wp\/v2\/media\/456"}],"wp:attachment":[{"href":"https:\/\/pipraveski.ee\/en\/wp-json\/wp\/v2\/media?parent=426"}],"wp:term":[{"taxonomy":"product_brand","embeddable":true,"href":"https:\/\/pipraveski.ee\/en\/wp-json\/wp\/v2\/product_brand?post=426"},{"taxonomy":"product_cat","embeddable":true,"href":"https:\/\/pipraveski.ee\/en\/wp-json\/wp\/v2\/product_cat?post=426"},{"taxonomy":"product_tag","embeddable":true,"href":"https:\/\/pipraveski.ee\/en\/wp-json\/wp\/v2\/product_tag?post=426"}],"curies":[{"name":"wp","href":"https:\/\/api.w.org\/{rel}","templated":true}]}}