{"id":4086,"date":"2025-11-18T15:31:34","date_gmt":"2025-11-18T13:31:34","guid":{"rendered":"https:\/\/pipraveski.ee\/toode\/kingipakk-teesoojus-150g\/"},"modified":"2026-04-17T11:32:00","modified_gmt":"2026-04-17T08:32:00","slug":"kingipakk-teesoojus-150g","status":"publish","type":"product","link":"https:\/\/pipraveski.ee\/en\/product\/kingipakk-teesoojus-150g\/","title":{"rendered":"Gift pack \u201cTea Heat\u201d 150g"},"content":{"rendered":"<p>The gift pack includes:<br \/>\nRooibos tea blend Orange\/Grepef\/Peppermint 50g<br \/>\nTea cups \u201cEat and drink\u201d cranberry-vanilla 100g<br \/>\nBlessed Mature 1pc<\/p>","protected":false},"excerpt":{"rendered":"<p>Kingipakk sisaldab: Rooibos teesegu Apelsin\/Greip\/Piparm\u00fcnt 50g Teekarud &#8220;S\u00f6\u00f6 v\u00e4i joo&#8221; j\u00f5hvika- vanilje 100g \u00d5nnek\u00fcpsis 1tk<\/p>","protected":false},"featured_media":4085,"template":"","meta":[],"product_brand":[],"product_cat":[333],"product_tag":[],"class_list":{"0":"post-4086","1":"product","2":"type-product","3":"status-publish","4":"has-post-thumbnail","6":"product_cat-kingiks","8":"first","9":"instock","10":"taxable","11":"shipping-taxable","12":"purchasable","13":"product-type-simple"},"_links":{"self":[{"href":"https:\/\/pipraveski.ee\/en\/wp-json\/wp\/v2\/product\/4086","targetHints":{"allow":["GET"]}}],"collection":[{"href":"https:\/\/pipraveski.ee\/en\/wp-json\/wp\/v2\/product"}],"about":[{"href":"https:\/\/pipraveski.ee\/en\/wp-json\/wp\/v2\/types\/product"}],"wp:featuredmedia":[{"embeddable":true,"href":"https:\/\/pipraveski.ee\/en\/wp-json\/wp\/v2\/media\/4085"}],"wp:attachment":[{"href":"https:\/\/pipraveski.ee\/en\/wp-json\/wp\/v2\/media?parent=4086"}],"wp:term":[{"taxonomy":"product_brand","embeddable":true,"href":"https:\/\/pipraveski.ee\/en\/wp-json\/wp\/v2\/product_brand?post=4086"},{"taxonomy":"product_cat","embeddable":true,"href":"https:\/\/pipraveski.ee\/en\/wp-json\/wp\/v2\/product_cat?post=4086"},{"taxonomy":"product_tag","embeddable":true,"href":"https:\/\/pipraveski.ee\/en\/wp-json\/wp\/v2\/product_tag?post=4086"}],"curies":[{"name":"wp","href":"https:\/\/api.w.org\/{rel}","templated":true}]}}