{"id":391,"date":"2025-10-22T19:01:59","date_gmt":"2025-10-22T16:01:59","guid":{"rendered":"https:\/\/pipraveski.ee\/?post_type=product&#038;p=391"},"modified":"2026-04-07T15:46:19","modified_gmt":"2026-04-07T12:46:19","slug":"vanillisuhkur-natural-50g","status":"publish","type":"product","link":"https:\/\/pipraveski.ee\/en\/product\/vanillisuhkur-natural-50g\/","title":{"rendered":"Vanilla sugar (natural), HELA, 50g"},"content":{"rendered":"<p>Ingredients: sugar, vanilla pod.<\/p>\n<p>Vanilla originated in tropical Central America, specifically in the jungles of Mexico, where it is still cultivated in large quantities. The Maya were already cultivating vanilla, and the Spanish explorer Cort\u00e9s was the first European in the 16th century to whom the Aztecs offered their special cocoa drink, spiced with vanilla among other ingredients. Today, vanilla is also cultivated in Tahiti, Uganda, Madagascar, La R\u00e9union, Mauritius, the Seychelles and the Comoros, as well as in Sri Lanka and Java.&nbsp; &nbsp; &nbsp;<\/p>","protected":false},"excerpt":{"rendered":"<p>Koostisosad: suhkur, vaniljekaun. Vanilje on algselt p\u00e4rit troopilisest Kesk-Ameerikast, t\u00e4psemalt Mehhiko d\u017eunglitest, kus seda kasvatatakse t\u00e4nap\u00e4evalgi suurtes kogustes. Maiad kasvatasid juba vanilli ja Hispaania maadeavastaja Cort\u00e9s oli esimene eurooplane 16. sajandil, kellele asteegid pakkusid oma erilist kakaojooki, mida v\u00fcrtsitati muu hulgas vanilliga. T\u00e4nap\u00e4eval kasvatatakse vanilli ka Tahitil, Ugandas, Madagaskaril, La R\u00e9unionil, Mauritiusel, Sei\u0161ellidel ja Komooridel, [&hellip;]<\/p>\n","protected":false},"featured_media":421,"template":"","meta":[],"product_brand":[244],"product_cat":[309],"product_tag":[],"class_list":{"0":"post-391","1":"product","2":"type-product","3":"status-publish","4":"has-post-thumbnail","6":"product_brand-hela","7":"product_cat-suhkur-sool","9":"first","10":"outofstock","11":"taxable","12":"shipping-taxable","13":"purchasable","14":"product-type-simple"},"_links":{"self":[{"href":"https:\/\/pipraveski.ee\/en\/wp-json\/wp\/v2\/product\/391","targetHints":{"allow":["GET"]}}],"collection":[{"href":"https:\/\/pipraveski.ee\/en\/wp-json\/wp\/v2\/product"}],"about":[{"href":"https:\/\/pipraveski.ee\/en\/wp-json\/wp\/v2\/types\/product"}],"wp:featuredmedia":[{"embeddable":true,"href":"https:\/\/pipraveski.ee\/en\/wp-json\/wp\/v2\/media\/421"}],"wp:attachment":[{"href":"https:\/\/pipraveski.ee\/en\/wp-json\/wp\/v2\/media?parent=391"}],"wp:term":[{"taxonomy":"product_brand","embeddable":true,"href":"https:\/\/pipraveski.ee\/en\/wp-json\/wp\/v2\/product_brand?post=391"},{"taxonomy":"product_cat","embeddable":true,"href":"https:\/\/pipraveski.ee\/en\/wp-json\/wp\/v2\/product_cat?post=391"},{"taxonomy":"product_tag","embeddable":true,"href":"https:\/\/pipraveski.ee\/en\/wp-json\/wp\/v2\/product_tag?post=391"}],"curies":[{"name":"wp","href":"https:\/\/api.w.org\/{rel}","templated":true}]}}