{"id":389,"date":"2025-10-22T19:01:59","date_gmt":"2025-10-22T16:01:59","guid":{"rendered":"https:\/\/pipraveski.ee\/?post_type=product&#038;p=389"},"modified":"2026-04-17T11:32:13","modified_gmt":"2026-04-17T08:32:13","slug":"koogivilja-maitseainesegu-magic-71g","status":"publish","type":"product","link":"https:\/\/pipraveski.ee\/en\/product\/koogivilja-maitseainesegu-magic-71g\/","title":{"rendered":"Vegetable Seasoning, Magic, 71g"},"content":{"rendered":"<p><span style=\"font-size:14px\"><span style=\"font-family: Roboto, sans-serif\">A spice blend with specially selected spices that go well with all kinds of vegetables -<\/span><br style=\"font-family: Roboto, sans-serif;font-size: 18px\" \/><br \/>\n<span style=\"font-family: Roboto, sans-serif\">fried or cooked. Try it on French fries, potato slices or green salad.<\/p>\n<p><strong>Ingredients:<\/strong> Salt, onion, spices (paprika, black pepper, white pepper,<\/span><br style=\"font-family: Roboto, sans-serif;font-size: 18px\" \/><br \/>\n<span style=\"font-family: Roboto, sans-serif\">chilli pepper), garlic.<\/span><\/span><\/p>\n<p><span style=\"font-family: Roboto, sans-serif;font-size: 14px\">Nutrition information per 100g:<\/span><br \/>\n<span style=\"font-size:14px\"><span style=\"font-family: Roboto, sans-serif\">Energy content <\/span><span style=\"font-family: Roboto, sans-serif\">837kj\/ 200kcal<\/span><br style=\"font-family: Roboto, sans-serif;font-size: 18px\" \/><br \/>\n<span style=\"font-family: Roboto, sans-serif\">Fats 1,6g<\/span><br style=\"font-family: Roboto, sans-serif;font-size: 18px\" \/><br \/>\n<span style=\"font-family: Roboto, sans-serif\">of which saturated fatty acids 0,4g<\/span><br style=\"font-family: Roboto, sans-serif;font-size: 18px\" \/><br \/>\n<span style=\"font-family: Roboto, sans-serif\">Carbohydrates 44g<\/span><br style=\"font-family: Roboto, sans-serif;font-size: 18px\" \/><br \/>\n<span style=\"font-family: Roboto, sans-serif\">of which sugars 9,6g<\/span><br style=\"font-family: Roboto, sans-serif;font-size: 18px\" \/><br \/>\n<span style=\"font-family: Roboto, sans-serif\">Fibre 9,5g<\/span><br style=\"font-family: Roboto, sans-serif;font-size: 18px\" \/><br \/>\n<span style=\"font-family: Roboto, sans-serif\">Protein 7,3g<\/span><br style=\"font-family: Roboto, sans-serif;font-size: 18px\" \/><br \/>\n<span style=\"font-family: Roboto, sans-serif\">Salt 36,9g<\/p>\n<p>Country of origin: LA<\/span><\/span><\/p>","protected":false},"excerpt":{"rendered":"<p>V\u00fcrtsisegu spetsiaalselt valitud v\u00fcrtsidega, mis sobivad h\u00e4sti igasuguste k\u00f6\u00f6giviljadega- praetud v\u00f5i keedetud. Proovige ka friikartulitele, kartuliviiludele v\u00f5i rohelisele salatile. Koostisosad: Sool, sibul, v\u00fcrtsid (paprika, must pipar, valge pipar, t\u0161illipipar), k\u00fc\u00fcslauk. Toitumisalane teave 100g kohta: Energiasisaldus 837kj\/ 200kcal Rasvad 1,6g millest k\u00fcllastunud rasvhapped 0,4g S\u00fcsivesikuid 44g millest suhkruid 9,6g Kiudaineid 9,5g Valgud 7,3g Sool 36,9g P\u00e4ritolumaa: [&hellip;]<\/p>\n","protected":false},"featured_media":419,"template":"","meta":[],"product_brand":[],"product_cat":[307],"product_tag":[],"class_list":{"0":"post-389","1":"product","2":"type-product","3":"status-publish","4":"has-post-thumbnail","6":"product_cat-maitseainesegud","8":"first","9":"instock","10":"taxable","11":"shipping-taxable","12":"purchasable","13":"product-type-simple"},"_links":{"self":[{"href":"https:\/\/pipraveski.ee\/en\/wp-json\/wp\/v2\/product\/389","targetHints":{"allow":["GET"]}}],"collection":[{"href":"https:\/\/pipraveski.ee\/en\/wp-json\/wp\/v2\/product"}],"about":[{"href":"https:\/\/pipraveski.ee\/en\/wp-json\/wp\/v2\/types\/product"}],"wp:featuredmedia":[{"embeddable":true,"href":"https:\/\/pipraveski.ee\/en\/wp-json\/wp\/v2\/media\/419"}],"wp:attachment":[{"href":"https:\/\/pipraveski.ee\/en\/wp-json\/wp\/v2\/media?parent=389"}],"wp:term":[{"taxonomy":"product_brand","embeddable":true,"href":"https:\/\/pipraveski.ee\/en\/wp-json\/wp\/v2\/product_brand?post=389"},{"taxonomy":"product_cat","embeddable":true,"href":"https:\/\/pipraveski.ee\/en\/wp-json\/wp\/v2\/product_cat?post=389"},{"taxonomy":"product_tag","embeddable":true,"href":"https:\/\/pipraveski.ee\/en\/wp-json\/wp\/v2\/product_tag?post=389"}],"curies":[{"name":"wp","href":"https:\/\/api.w.org\/{rel}","templated":true}]}}