{"id":388,"date":"2025-10-22T19:01:59","date_gmt":"2025-10-22T16:01:59","guid":{"rendered":"https:\/\/pipraveski.ee\/?post_type=product&#038;p=388"},"modified":"2026-04-17T11:31:49","modified_gmt":"2026-04-17T08:31:49","slug":"toiduvarv-punane-heera-25g","status":"publish","type":"product","link":"https:\/\/pipraveski.ee\/en\/product\/toiduvarv-punane-heera-25g\/","title":{"rendered":"Food colouring, red, Heera, 25g"},"content":{"rendered":"<p>Punane toiduv\u00e4rv, pulber.<\/p>\n<p>Koostisosad: naatriumkloriid (84,5%), Toiduv\u00e4rvid: punane v\u00e4rv E129 (2,5%),&nbsp;tartrasiin E102 (1%),&nbsp; karmoisiin E122(1%).<\/p>\n<p>Kasutamine: Lahusta 14g pulbrit 1l tulises vees. Jahtumisel sega vedelikku pisut. Kasuta max 10ml toiduv\u00e4rvivedelikku 1kg toote kohta.<br \/>\nToiduv\u00e4rvid E102;E122 ja E129: v\u00f5ivad avaldada kahjulikku m\u00f5ju laste aktiivsusele ja t\u00e4helepanu v\u00f5imele.<\/p>","protected":false},"excerpt":{"rendered":"<p>Punane toiduv\u00e4rv, pulber. Koostisosad: naatriumkloriid (84,5%), Toiduv\u00e4rvid: punane v\u00e4rv E129 (2,5%),&nbsp;tartrasiin E102 (1%),&nbsp; karmoisiin E122(1%). Kasutamine: Lahusta 14g pulbrit 1l tulises vees. Jahtumisel sega vedelikku pisut. Kasuta max 10ml toiduv\u00e4rvivedelikku 1kg toote kohta. Toiduv\u00e4rvid E102;E122 ja E129: v\u00f5ivad avaldada kahjulikku m\u00f5ju laste aktiivsusele ja t\u00e4helepanu v\u00f5imele.<\/p>","protected":false},"featured_media":0,"template":"","meta":[],"product_brand":[240],"product_cat":[339],"product_tag":[],"class_list":{"0":"post-388","1":"product","2":"type-product","3":"status-publish","5":"product_brand-heera","6":"product_cat-toiduvarvid","8":"first","9":"outofstock","10":"taxable","11":"shipping-taxable","12":"purchasable","13":"product-type-simple"},"_links":{"self":[{"href":"https:\/\/pipraveski.ee\/en\/wp-json\/wp\/v2\/product\/388","targetHints":{"allow":["GET"]}}],"collection":[{"href":"https:\/\/pipraveski.ee\/en\/wp-json\/wp\/v2\/product"}],"about":[{"href":"https:\/\/pipraveski.ee\/en\/wp-json\/wp\/v2\/types\/product"}],"wp:attachment":[{"href":"https:\/\/pipraveski.ee\/en\/wp-json\/wp\/v2\/media?parent=388"}],"wp:term":[{"taxonomy":"product_brand","embeddable":true,"href":"https:\/\/pipraveski.ee\/en\/wp-json\/wp\/v2\/product_brand?post=388"},{"taxonomy":"product_cat","embeddable":true,"href":"https:\/\/pipraveski.ee\/en\/wp-json\/wp\/v2\/product_cat?post=388"},{"taxonomy":"product_tag","embeddable":true,"href":"https:\/\/pipraveski.ee\/en\/wp-json\/wp\/v2\/product_tag?post=388"}],"curies":[{"name":"wp","href":"https:\/\/api.w.org\/{rel}","templated":true}]}}