{"id":3875,"date":"2025-11-07T13:55:23","date_gmt":"2025-11-07T11:55:23","guid":{"rendered":"https:\/\/pipraveski.ee\/toode\/kingipakk-maitseainete-mix-hela-240g\/"},"modified":"2026-04-17T11:32:09","modified_gmt":"2026-04-17T08:32:09","slug":"kingipakk-maitseainete-mix-hela-240g","status":"publish","type":"product","link":"https:\/\/pipraveski.ee\/en\/product\/kingipakk-maitseainete-mix-hela-240g\/","title":{"rendered":"Gift pack \u201cSpice Mix\u201d, 240g"},"content":{"rendered":"<p>The gift pack includes:<\/p>\n<p>Peha 60g&nbsp; &nbsp; ( P<span style=\"font-size: 13px\">rae- ja grill-lihale (sea-, veise-, vasika- ja linnuliha))<\/span><br \/>\nPutela 60g&nbsp; &nbsp; &nbsp;( K<span style=\"font-size: 13px\">alkunitoidud, linnuliha, vasikaliha)<\/span><br \/>\nPescador , 60g&nbsp; &nbsp; &nbsp; ( K<span style=\"font-size: 13px\">ala praadimiseks, grillimiseks ja hautamiseks)<\/span><br \/>\nChimichurri 40g&nbsp; &nbsp; &nbsp;( K<span style=\"font-size: 13px\">uulsa chimichurri \u00fcrdikastme valmistamiseks, sobib h\u00e4sti ka loomalihale, k\u00f6\u00f6giviljadele, pitsale v\u00f5i salatikastmetele)<\/span><br \/>\nArgentinia C , 60g&nbsp; &nbsp; &nbsp; (&nbsp;V\u00fcrtsikas segu grill- ja ahjuliha, praadide ning marinaadide maitsestamiseks)<\/p>","protected":false},"excerpt":{"rendered":"<p>\u00dcllata oma l\u00e4hedasi ja jaga m\u00f5nusaid maitseelamusi l\u00e4bi meie suurep\u00e4rase maitseainete mixi!  Sobilik nii kodukokkadele  kui ka  erilistele gurmees\u00f5pradele.<\/p>","protected":false},"featured_media":3874,"template":"","meta":[],"product_brand":[],"product_cat":[333],"product_tag":[],"class_list":{"0":"post-3875","1":"product","2":"type-product","3":"status-publish","4":"has-post-thumbnail","6":"product_cat-kingiks","8":"first","9":"outofstock","10":"taxable","11":"shipping-taxable","12":"purchasable","13":"product-type-simple"},"_links":{"self":[{"href":"https:\/\/pipraveski.ee\/en\/wp-json\/wp\/v2\/product\/3875","targetHints":{"allow":["GET"]}}],"collection":[{"href":"https:\/\/pipraveski.ee\/en\/wp-json\/wp\/v2\/product"}],"about":[{"href":"https:\/\/pipraveski.ee\/en\/wp-json\/wp\/v2\/types\/product"}],"wp:featuredmedia":[{"embeddable":true,"href":"https:\/\/pipraveski.ee\/en\/wp-json\/wp\/v2\/media\/3874"}],"wp:attachment":[{"href":"https:\/\/pipraveski.ee\/en\/wp-json\/wp\/v2\/media?parent=3875"}],"wp:term":[{"taxonomy":"product_brand","embeddable":true,"href":"https:\/\/pipraveski.ee\/en\/wp-json\/wp\/v2\/product_brand?post=3875"},{"taxonomy":"product_cat","embeddable":true,"href":"https:\/\/pipraveski.ee\/en\/wp-json\/wp\/v2\/product_cat?post=3875"},{"taxonomy":"product_tag","embeddable":true,"href":"https:\/\/pipraveski.ee\/en\/wp-json\/wp\/v2\/product_tag?post=3875"}],"curies":[{"name":"wp","href":"https:\/\/api.w.org\/{rel}","templated":true}]}}