{"id":387,"date":"2025-10-22T19:01:59","date_gmt":"2025-10-22T16:01:59","guid":{"rendered":"https:\/\/pipraveski.ee\/?post_type=product&#038;p=387"},"modified":"2026-04-17T11:33:18","modified_gmt":"2026-04-17T08:33:18","slug":"maitsetee-vanaema-aia-maasikad-40g","status":"publish","type":"product","link":"https:\/\/pipraveski.ee\/en\/product\/maitsetee-vanaema-aia-maasikad-40g\/","title":{"rendered":"Flavoured tea \u201cStrawberries from grandmother's garden\u201d, 40g"},"content":{"rendered":"<p>Who doesn't remember their grandparents' colourful and inviting garden? The big rhubarb leaves in pink, the coarse stalks unfurling in summer. Tasty strawberries, plucked surreptitiously from the bush and eaten immediately. Blue-black blackberries that left coloured teeth after being stolen secretly from the bush. All these aromatic treasures of sweet, sharp and delicious fruits and berries mixed with a colourful and appetising fruit tea will make childhood dreams come alive again!<\/p>\n<p><span style=\"font-size:14px\"><strong>Ingredients:<\/strong> lime berries, hibiscus blossoms, apple pieces, blackcurrants, flavourings, freeze-dried whole blackberries, freeze-dried strawberry pieces, freeze-dried raspberry pieces, wild strawberry leaves.<\/span><br \/>\n&nbsp;<\/p>\n<div style=\"margin-right: 5px;display: inline-block;font-size: 0.75em\"><span style=\"font-size:14px\"><img decoding=\"async\" src=\"https:\/\/www.dethlefsen-balk.de\/images\/property\/Zeit.jpg\" style=\"max-width: 100%;height: auto;vertical-align: middle;border-style: none\" \/>&nbsp;10-12 min brewing time<\/span><\/div>\n<div style=\"margin-right: 5px;display: inline-block;font-size: 0.75em\"><span style=\"font-size:14px\"><img decoding=\"async\" src=\"https:\/\/www.dethlefsen-balk.de\/images\/property\/temp.jpg\" style=\"max-width: 100%;height: auto;vertical-align: middle;border-style: none\" \/>&nbsp;100 \u00b0C water temperature<\/span><\/div>\n<div style=\"display: inline-block;font-size: 0.75em\"><span style=\"font-size:14px\"><img decoding=\"async\" src=\"https:\/\/www.dethlefsen-balk.de\/images\/property\/loef.jpg\" style=\"max-width: 100%;height: auto;vertical-align: middle;border-style: none\" \/>&nbsp;4-5 tl\/L<\/span><\/div>","protected":false},"excerpt":{"rendered":"<p>Kes ei m\u00e4letaks vanaema ja vanaisa v\u00e4rvilist ahvatlevat aeda? Suured rabarberi lehed roosadel, j\u00e4medad varred, mis suvel lahti rulluvad. Maitsvad maasikad, mis salaja p\u00f5\u00f5sast nopitud ja kohe \u00e4ra s\u00f6\u00f6dud. Sini-mustad murakad, mis p\u00e4rast salaja p\u00f5\u00f5sast varastamist j\u00e4tsid v\u00e4rvilised hambad. K\u00f5ik need magusate, teravate ja maitsvate puuviljade ja marjade aromaatsed aarded v\u00e4rvilisel ja isu\u00e4ratava puuviljatee segul [&hellip;]<\/p>\n","protected":false},"featured_media":418,"template":"","meta":[],"product_brand":[],"product_cat":[327],"product_tag":[],"class_list":{"0":"post-387","1":"product","2":"type-product","3":"status-publish","4":"has-post-thumbnail","6":"product_cat-kohv-tee","8":"first","9":"instock","10":"taxable","11":"shipping-taxable","12":"purchasable","13":"product-type-simple"},"_links":{"self":[{"href":"https:\/\/pipraveski.ee\/en\/wp-json\/wp\/v2\/product\/387","targetHints":{"allow":["GET"]}}],"collection":[{"href":"https:\/\/pipraveski.ee\/en\/wp-json\/wp\/v2\/product"}],"about":[{"href":"https:\/\/pipraveski.ee\/en\/wp-json\/wp\/v2\/types\/product"}],"wp:featuredmedia":[{"embeddable":true,"href":"https:\/\/pipraveski.ee\/en\/wp-json\/wp\/v2\/media\/418"}],"wp:attachment":[{"href":"https:\/\/pipraveski.ee\/en\/wp-json\/wp\/v2\/media?parent=387"}],"wp:term":[{"taxonomy":"product_brand","embeddable":true,"href":"https:\/\/pipraveski.ee\/en\/wp-json\/wp\/v2\/product_brand?post=387"},{"taxonomy":"product_cat","embeddable":true,"href":"https:\/\/pipraveski.ee\/en\/wp-json\/wp\/v2\/product_cat?post=387"},{"taxonomy":"product_tag","embeddable":true,"href":"https:\/\/pipraveski.ee\/en\/wp-json\/wp\/v2\/product_tag?post=387"}],"curies":[{"name":"wp","href":"https:\/\/api.w.org\/{rel}","templated":true}]}}