{"id":382,"date":"2025-10-22T19:01:59","date_gmt":"2025-10-22T16:01:59","guid":{"rendered":"https:\/\/pipraveski.ee\/?post_type=product&#038;p=382"},"modified":"2026-04-17T11:33:18","modified_gmt":"2026-04-17T08:33:18","slug":"tsilliseemned-thai-hot-birds-eye-10tk","status":"publish","type":"product","link":"https:\/\/pipraveski.ee\/en\/product\/tsilliseemned-thai-hot-birds-eye-10tk\/","title":{"rendered":"Chilli seeds, Thai Hot Bird's Eye, 10pcs"},"content":{"rendered":"<p>Info: Thai Hot Birds Eye Chili on USA-st p\u00e4rit kasv. Taimed kasvavad p\u00f5\u00f5sasteks ja kompaktseteks (80 cm k\u00f5rgused) ning sobivad h\u00e4sti potis kasvatamiseks &#8211; kaunid taimed edenevad h\u00e4sti aknalaudadel, terrassidel ja r\u00f5dudel. Taimed kannavad massiliselt v\u00e4ikeseid p\u00fcstiseid ja erkpunaseid t\u0161illi. Need on umbes 1 x 5 cm pikad ja \u00f5hukese seinaga, tulikuumad ja aromaatsed. Neil on k\u00f6\u00f6gis palju kasutusv\u00f5imalusi, olgu siis toiduvalmistamiseks (mitte ainult Aasia roogade jaoks), kuivatamiseks v\u00f5i marineerimiseks.<\/p>\n<p>Hooldus: Idanemistemperatuur on vahemikus 22\u00b0C kuni 28\u00b0C (idanemisperiood: 8-20 p\u00e4eva); seet\u00f5ttu on soovitatav kasutada kasvuhoonet ja k\u00fcttematti. Taimed vajavad v\u00e4rsket, h\u00e4sti v\u00e4etatud, vett l\u00e4bilaskvat mulda ega talu vettimist. Need tuleks asetada p\u00e4ikesepaistelisse, kaitstud kohta, kus on v\u00e4hemalt 6 tundi p\u00e4ikesevalgust \u2013 eelistatavalt rohkem. Kuna taimedel on eriti pikk laagerdumisaeg, on soovitatav neid kasvatada potis, et saaksite taimi h\u00f5lpsasti sisse tuua, kui temperatuur langeb p\u00e4eval alla 12\u00b0C, v\u00f5imaldades k\u00f5igil viljadel valmida. Taime \u00fcletalve s\u00e4ilitamiseks l\u00f5igake see p\u00e4rast koristamist 20 cm v\u00f5rra tagasi ja asetage valgusk\u00fcllasesse kohta, kus on v\u00e4hemalt 15 \u00b0C.<\/p>","protected":false},"excerpt":{"rendered":"<p>Info: Thai Hot Birds Eye Chili on USA-st p\u00e4rit kasv. Taimed kasvavad p\u00f5\u00f5sasteks ja kompaktseteks (80 cm k\u00f5rgused) ning sobivad h\u00e4sti potis kasvatamiseks &#8211; kaunid taimed edenevad h\u00e4sti aknalaudadel, terrassidel ja r\u00f5dudel. Taimed kannavad massiliselt v\u00e4ikeseid p\u00fcstiseid ja erkpunaseid t\u0161illi. Need on umbes 1 x 5 cm pikad ja \u00f5hukese seinaga, tulikuumad ja aromaatsed. Neil on k\u00f6\u00f6gis palju kasutusv\u00f5imalusi, olgu siis toiduvalmistamiseks (mitte ainult Aasia roogade jaoks), kuivatamiseks v\u00f5i marineerimiseks.<\/p>","protected":false},"featured_media":5790,"template":"","meta":[],"product_brand":[],"product_cat":[329],"product_tag":[],"class_list":{"0":"post-382","1":"product","2":"type-product","3":"status-publish","4":"has-post-thumbnail","6":"product_cat-tsillikasvatus","8":"first","9":"instock","10":"taxable","11":"shipping-taxable","12":"purchasable","13":"product-type-simple"},"_links":{"self":[{"href":"https:\/\/pipraveski.ee\/en\/wp-json\/wp\/v2\/product\/382","targetHints":{"allow":["GET"]}}],"collection":[{"href":"https:\/\/pipraveski.ee\/en\/wp-json\/wp\/v2\/product"}],"about":[{"href":"https:\/\/pipraveski.ee\/en\/wp-json\/wp\/v2\/types\/product"}],"wp:featuredmedia":[{"embeddable":true,"href":"https:\/\/pipraveski.ee\/en\/wp-json\/wp\/v2\/media\/5790"}],"wp:attachment":[{"href":"https:\/\/pipraveski.ee\/en\/wp-json\/wp\/v2\/media?parent=382"}],"wp:term":[{"taxonomy":"product_brand","embeddable":true,"href":"https:\/\/pipraveski.ee\/en\/wp-json\/wp\/v2\/product_brand?post=382"},{"taxonomy":"product_cat","embeddable":true,"href":"https:\/\/pipraveski.ee\/en\/wp-json\/wp\/v2\/product_cat?post=382"},{"taxonomy":"product_tag","embeddable":true,"href":"https:\/\/pipraveski.ee\/en\/wp-json\/wp\/v2\/product_tag?post=382"}],"curies":[{"name":"wp","href":"https:\/\/api.w.org\/{rel}","templated":true}]}}