{"id":380,"date":"2025-10-22T19:01:59","date_gmt":"2025-10-22T16:01:59","guid":{"rendered":"https:\/\/pipraveski.ee\/?post_type=product&#038;p=380"},"modified":"2026-04-17T11:32:36","modified_gmt":"2026-04-17T08:32:36","slug":"kinkekaart-20","status":"publish","type":"product","link":"https:\/\/pipraveski.ee\/en\/product\/kinkekaart-20\/","title":{"rendered":"Gift card, 20.-"},"content":{"rendered":"<p>Kinkekaart on suurep\u00e4rane kingitus ja sobitub ideaalselt igasse k\u00f6\u00f6ki.<\/p>\n<p><span style=\", sans-serif\">Kinkekaarte saab ka osta meie Pipraveski v\u00fcrtsipoest kohapealt.&nbsp;<\/span><br \/>\nKinkekaart on \u00fchekordseks kasutamiseks.<br \/>\nKinkekaart kehtib v\u00e4ljastamise hetkest aasta aega.&nbsp;<br \/>\nKinkekaardi kasutamine e-poes- edasta meie meilile oma tellimus ja kinkekaardi number; epood@pipraveski.ee<\/p>","protected":false},"excerpt":{"rendered":"<p>Kinkekaart on suurep\u00e4rane kingitus ja sobitub ideaalselt igasse k\u00f6\u00f6ki. Kinkekaarte saab ka osta meie Pipraveski v\u00fcrtsipoest kohapealt.&nbsp; Kinkekaart on \u00fchekordseks kasutamiseks. Kinkekaart kehtib v\u00e4ljastamise hetkest aasta aega.&nbsp; Kinkekaardi kasutamine e-poes- edasta meie meilile oma tellimus ja kinkekaardi number; epood@pipraveski.ee<\/p>","protected":false},"featured_media":411,"template":"","meta":[],"product_brand":[],"product_cat":[333],"product_tag":[],"class_list":{"0":"post-380","1":"product","2":"type-product","3":"status-publish","4":"has-post-thumbnail","6":"product_cat-kingiks","8":"first","9":"instock","10":"taxable","11":"shipping-taxable","12":"purchasable","13":"product-type-simple"},"_links":{"self":[{"href":"https:\/\/pipraveski.ee\/en\/wp-json\/wp\/v2\/product\/380","targetHints":{"allow":["GET"]}}],"collection":[{"href":"https:\/\/pipraveski.ee\/en\/wp-json\/wp\/v2\/product"}],"about":[{"href":"https:\/\/pipraveski.ee\/en\/wp-json\/wp\/v2\/types\/product"}],"wp:featuredmedia":[{"embeddable":true,"href":"https:\/\/pipraveski.ee\/en\/wp-json\/wp\/v2\/media\/411"}],"wp:attachment":[{"href":"https:\/\/pipraveski.ee\/en\/wp-json\/wp\/v2\/media?parent=380"}],"wp:term":[{"taxonomy":"product_brand","embeddable":true,"href":"https:\/\/pipraveski.ee\/en\/wp-json\/wp\/v2\/product_brand?post=380"},{"taxonomy":"product_cat","embeddable":true,"href":"https:\/\/pipraveski.ee\/en\/wp-json\/wp\/v2\/product_cat?post=380"},{"taxonomy":"product_tag","embeddable":true,"href":"https:\/\/pipraveski.ee\/en\/wp-json\/wp\/v2\/product_tag?post=380"}],"curies":[{"name":"wp","href":"https:\/\/api.w.org\/{rel}","templated":true}]}}