{"id":378,"date":"2025-10-22T19:01:59","date_gmt":"2025-10-22T16:01:59","guid":{"rendered":"https:\/\/pipraveski.ee\/?post_type=product&#038;p=378"},"modified":"2026-04-17T11:32:36","modified_gmt":"2026-04-17T08:32:36","slug":"teriyaki-kastmesuge-ribidele-lobo-50g","status":"publish","type":"product","link":"https:\/\/pipraveski.ee\/en\/product\/teriyaki-kastmesuge-ribidele-lobo-50g\/","title":{"rendered":"Teriyaki Kastmesegu ribidele,  Lobo, 50g"},"content":{"rendered":"<p>Teriyaki refers to a special cooking method from Japan where meat, fish and vegetables are marinated and then grilled or stewed. The Teriyaki marinade for Lobo spare ribs is specially formulated for pork ribs marinated in a delicious teriyaki sauce.<\/p>\n<p>Marinade for the preparation of teriyaki-flavoured pork ribs.<br \/>\nDilute the contents of the packet in 1\/2 cup (125 ml) of red wine. Marinate 1 kg of ribs in this paste for about 45 minutes. Grill in the oven for 45-60 minutes at 190\u00b0C.<\/p>\n<p>Ingredients: SOYCOAST POWDER (SOYCOAST, WHEAT, salt, maltodextrin, SOYCOAST [SOYCOAST, WHEAT, salt, water), flavour enhancer: E621, E635, colour: E150a), sugar, dextrose (contains SULPHITE), tomato powder, salt, corn starch (contains SULPHITE), anti-caking agent: E551, spices, flavouring (contains antioxidants: E320, E301), acidity regulator: E296, colour: E150c<\/p>\n<p>Nutrition information per 100g<br \/>\nCalorific value\/energy 1122 kJ \/ 264 kcal<br \/>\nFat 0,00g<br \/>\n- of which: saturated fatty acids 0,00g<br \/>\ncarbohydrates 59,00g<br \/>\n- of which sugar 24,00g<br \/>\nprotein 6,20g<br \/>\nSalt 23,70g<\/p>","protected":false},"excerpt":{"rendered":"<p>Teriyaki viitab Jaapanist p\u00e4rit spetsiaalsele valmistamismeetodile, kus liha, kala ja k\u00f6\u00f6giviljad marineeritakse ja seej\u00e4rel grillitakse v\u00f5i hautatakse. Lobo kaubam\u00e4rgi varuribide jaoks m\u00f5eldud Teriyaki marinaadisegu on spetsiaalselt loodud maitsvas teriyaki kastmes marineeritud searibide jaoks Marinaadi teriyaki maitsega ribide (searibide) valmistamiseks. Lahustage paki sisu 1\/2 tassi (125 ml) punases veinis. Marineerige selles pastas 1 kg ribisid\/ribisid u. [&hellip;]<\/p>\n","protected":false},"featured_media":409,"template":"","meta":[],"product_brand":[263],"product_cat":[307],"product_tag":[],"class_list":{"0":"post-378","1":"product","2":"type-product","3":"status-publish","4":"has-post-thumbnail","6":"product_brand-lobo","7":"product_cat-maitseainesegud","9":"first","10":"instock","11":"taxable","12":"shipping-taxable","13":"purchasable","14":"product-type-simple"},"_links":{"self":[{"href":"https:\/\/pipraveski.ee\/en\/wp-json\/wp\/v2\/product\/378","targetHints":{"allow":["GET"]}}],"collection":[{"href":"https:\/\/pipraveski.ee\/en\/wp-json\/wp\/v2\/product"}],"about":[{"href":"https:\/\/pipraveski.ee\/en\/wp-json\/wp\/v2\/types\/product"}],"wp:featuredmedia":[{"embeddable":true,"href":"https:\/\/pipraveski.ee\/en\/wp-json\/wp\/v2\/media\/409"}],"wp:attachment":[{"href":"https:\/\/pipraveski.ee\/en\/wp-json\/wp\/v2\/media?parent=378"}],"wp:term":[{"taxonomy":"product_brand","embeddable":true,"href":"https:\/\/pipraveski.ee\/en\/wp-json\/wp\/v2\/product_brand?post=378"},{"taxonomy":"product_cat","embeddable":true,"href":"https:\/\/pipraveski.ee\/en\/wp-json\/wp\/v2\/product_cat?post=378"},{"taxonomy":"product_tag","embeddable":true,"href":"https:\/\/pipraveski.ee\/en\/wp-json\/wp\/v2\/product_tag?post=378"}],"curies":[{"name":"wp","href":"https:\/\/api.w.org\/{rel}","templated":true}]}}