{"id":377,"date":"2025-10-22T19:01:59","date_gmt":"2025-10-22T16:01:59","guid":{"rendered":"https:\/\/pipraveski.ee\/?post_type=product&#038;p=377"},"modified":"2026-04-17T11:32:42","modified_gmt":"2026-04-17T08:32:42","slug":"loorberilehed-jahvatatud-50g","status":"publish","type":"product","link":"https:\/\/pipraveski.ee\/en\/product\/loorberilehed-jahvatatud-50g\/","title":{"rendered":"Bay leaves, ground, 50g"},"content":{"rendered":"<p><span style=\"font-size:14px\">Loorberilehte jahvatatud kujul kasutatakse suppides, hautistes, liharoogades, mereandide ja k\u00f6\u00f6giviljatoitudega.<\/p>\n<p><span style=\"font-family: Martel, sans-serif\">Loorberilehed sisaldavad 2\u20133,5% eeterlikke \u00f5lisid (\u00fclekaalus pineen ja tsineool), \u00e4\u00e4dik-, palderjan- ja kapronhapet. \u00d5li m\u00f5jub tasakaalustavalt ja taastavalt n\u00e4rvis\u00fcsteemile ning takistab p\u00e4rmseente, bakterite ja viiruste levikut.<\/span><\/span><\/p>","protected":false},"excerpt":{"rendered":"<p>Loorberilehte jahvatatud kujul kasutatakse suppides, hautistes, liharoogades, mereandide ja k\u00f6\u00f6giviljatoitudega. Loorberilehed sisaldavad 2\u20133,5% eeterlikke \u00f5lisid (\u00fclekaalus pineen ja tsineool), \u00e4\u00e4dik-, palderjan- ja kapronhapet. \u00d5li m\u00f5jub tasakaalustavalt ja taastavalt n\u00e4rvis\u00fcsteemile ning takistab p\u00e4rmseente, bakterite ja viiruste levikut.<\/p>","protected":false},"featured_media":408,"template":"","meta":[],"product_brand":[],"product_cat":[305],"product_tag":[],"class_list":{"0":"post-377","1":"product","2":"type-product","3":"status-publish","4":"has-post-thumbnail","6":"product_cat-urdid-kulmkuivatatud-urdid","8":"first","9":"instock","10":"sale","11":"taxable","12":"shipping-taxable","13":"purchasable","14":"product-type-simple"},"_links":{"self":[{"href":"https:\/\/pipraveski.ee\/en\/wp-json\/wp\/v2\/product\/377","targetHints":{"allow":["GET"]}}],"collection":[{"href":"https:\/\/pipraveski.ee\/en\/wp-json\/wp\/v2\/product"}],"about":[{"href":"https:\/\/pipraveski.ee\/en\/wp-json\/wp\/v2\/types\/product"}],"wp:featuredmedia":[{"embeddable":true,"href":"https:\/\/pipraveski.ee\/en\/wp-json\/wp\/v2\/media\/408"}],"wp:attachment":[{"href":"https:\/\/pipraveski.ee\/en\/wp-json\/wp\/v2\/media?parent=377"}],"wp:term":[{"taxonomy":"product_brand","embeddable":true,"href":"https:\/\/pipraveski.ee\/en\/wp-json\/wp\/v2\/product_brand?post=377"},{"taxonomy":"product_cat","embeddable":true,"href":"https:\/\/pipraveski.ee\/en\/wp-json\/wp\/v2\/product_cat?post=377"},{"taxonomy":"product_tag","embeddable":true,"href":"https:\/\/pipraveski.ee\/en\/wp-json\/wp\/v2\/product_tag?post=377"}],"curies":[{"name":"wp","href":"https:\/\/api.w.org\/{rel}","templated":true}]}}