{"id":376,"date":"2025-10-22T19:01:59","date_gmt":"2025-10-22T16:01:59","guid":{"rendered":"https:\/\/pipraveski.ee\/?post_type=product&#038;p=376"},"modified":"2026-04-17T11:32:08","modified_gmt":"2026-04-17T08:32:08","slug":"tsilliseemned-carolina-reaper-10tk","status":"publish","type":"product","link":"https:\/\/pipraveski.ee\/en\/product\/tsilliseemned-carolina-reaper-10tk\/","title":{"rendered":"Chilli seeds, Carolina Reaper, 10pcs"},"content":{"rendered":"<p>Teave: Carolina Reaper on olnud maailma kuumima t\u0161illi rekord alates 2013. aasta novembrist. Sordi kasvatas L\u00f5una-Carolina (USA) PuckerButt Pepper Company t\u0161illikallur Ed Currie. Nimi on viide surma personifikatsioonile Grim Reaperile ja Carolina Reaper on t\u00f5esti saatuslikult kuum. Ka t\u0161illis\u00f5pradel soovitatakse tervet paprikat korraga mitte s\u00fc\u00fca (kasvataja soovitab neid s\u00fc\u00fca ka ainult teise t\u00e4iskasvanu juuresolekul). Inimesed, kes pole harjunud kuuma t\u0161illipipra s\u00f6\u00f6misega, ei tohiks seda proovida.<br \/>\nT\u0161iili piprainstituudi testitud v\u00fcrtside keskmine hinnang oli 1 569 300 Scoville&#8217;i soojus\u00fchikut, samas kui \u00fcksikud isendid ulatusid kuni 2,2 miljoni SHU-ni.<\/p>\n<p>Taim on p\u00f5\u00f5sastiku kasvuvormiga ja kasvab kuni 90 cm k\u00f5rguseks. Viljad valmivad rohelisest oran\u017eiks ja seej\u00e4rel punaseks, arenedes v\u00e4ga silmapaistva teravatipulise naela ja eba\u00fchtlase pinnaga. Neil on aromaatne puuviljane-magus maitse \u0161okolaadi-kirsi nootidega, tsitruseliste nootidega ja loomulikult on need \u00e4\u00e4rmiselt kuumad. Need on peaaegu liiga kuumad, et neid eraldi s\u00fc\u00fca, kuid neid saab kuivatada, marineerida, k\u00fclmutada v\u00f5i kasutada t\u0161illikastmete valmistamiseks.<\/p>\n<p>Hooldus: Idanemistemperatuur on vahemikus 24\u00b0C kuni 30\u00b0C (idanemisperiood: 10-20 p\u00e4eva); seet\u00f5ttu on soovitatav kasutada kasvuhoonet ja k\u00fcttematti. Taimed vajavad v\u00e4rsket, h\u00e4sti v\u00e4etatud, vett l\u00e4bilaskvat mulda ega talu vettimist. Need tuleks istutada p\u00e4ikesepaistelisse, kaitstud kohta, kus on v\u00e4hemalt 6 tundi p\u00e4ikesevalgust \u2013 soovitavalt rohkem. Kuna taimedel on eriti pikk laagerdumisaeg, on soovitatav neid kasvatada potis, et saaksite taime h\u00f5lpsalt sisse tuua, kui temperatuur langeb p\u00e4eval alla 12\u00b0C, v\u00f5imaldades k\u00f5igil viljadel valmida. Taime \u00fcletalve s\u00e4ilitamiseks l\u00f5igake see p\u00e4rast koristamist 20 cm v\u00f5rra tagasi ja asetage valgusk\u00fcllasesse kohta, kus on v\u00e4hemalt 15 \u00b0C.<\/p>","protected":false},"excerpt":{"rendered":"<p> Carolina Reaper on olnud maailma kuumima t\u0161illi rekord alates 2013. aasta novembrist. Sordi kasvatas L\u00f5una-Carolina (USA) PuckerButt Pepper Company t\u0161illikallur Ed Currie. Nimi on viide surma personifikatsioonile Grim Reaperile ja Carolina Reaper on t\u00f5esti saatuslikult kuum. Ka t\u0161illis\u00f5pradel soovitatakse tervet paprikat korraga mitte s\u00fc\u00fca (kasvataja soovitab neid s\u00fc\u00fca ka ainult teise t\u00e4iskasvanu juuresolekul). Inimesed, kes pole harjunud kuuma t\u0161illipipra s\u00f6\u00f6misega, ei tohiks seda proovida.<\/p>","protected":false},"featured_media":407,"template":"","meta":[],"product_brand":[],"product_cat":[329],"product_tag":[],"class_list":{"0":"post-376","1":"product","2":"type-product","3":"status-publish","4":"has-post-thumbnail","6":"product_cat-tsillikasvatus","8":"first","9":"outofstock","10":"taxable","11":"shipping-taxable","12":"purchasable","13":"product-type-simple"},"_links":{"self":[{"href":"https:\/\/pipraveski.ee\/en\/wp-json\/wp\/v2\/product\/376","targetHints":{"allow":["GET"]}}],"collection":[{"href":"https:\/\/pipraveski.ee\/en\/wp-json\/wp\/v2\/product"}],"about":[{"href":"https:\/\/pipraveski.ee\/en\/wp-json\/wp\/v2\/types\/product"}],"wp:featuredmedia":[{"embeddable":true,"href":"https:\/\/pipraveski.ee\/en\/wp-json\/wp\/v2\/media\/407"}],"wp:attachment":[{"href":"https:\/\/pipraveski.ee\/en\/wp-json\/wp\/v2\/media?parent=376"}],"wp:term":[{"taxonomy":"product_brand","embeddable":true,"href":"https:\/\/pipraveski.ee\/en\/wp-json\/wp\/v2\/product_brand?post=376"},{"taxonomy":"product_cat","embeddable":true,"href":"https:\/\/pipraveski.ee\/en\/wp-json\/wp\/v2\/product_cat?post=376"},{"taxonomy":"product_tag","embeddable":true,"href":"https:\/\/pipraveski.ee\/en\/wp-json\/wp\/v2\/product_tag?post=376"}],"curies":[{"name":"wp","href":"https:\/\/api.w.org\/{rel}","templated":true}]}}