{"id":3754,"date":"2025-11-04T18:15:37","date_gmt":"2025-11-04T16:15:37","guid":{"rendered":"https:\/\/pipraveski.ee\/toode\/teekarud-mangomaitselised-100g\/"},"modified":"2026-04-17T11:32:07","modified_gmt":"2026-04-17T08:32:07","slug":"teekarud-mangomaitselised-100g","status":"publish","type":"product","link":"https:\/\/pipraveski.ee\/en\/product\/teekarud-mangomaitselised-100g\/","title":{"rendered":"Mango flavoured tea cakes, 100g"},"content":{"rendered":"<p>Koostisosad: suhkur, gl\u00fckoosisiirup, \u017eelatiin, vesi, kontsentreeritud valge viinamarjamahl, hapendaja: sidrunhape, l\u00f5hna- ja maitseaine, valge tee ekstrakt, puuvilja magusaine kontsentreeritud \u00f5unamahlast, taimeekstraktid (punane redis, safloor), \u00f5unamahla kontsentraat, kontsentreeritud aprikoosimahl, kontsentreeritud pirnimahl, glasuuriaine: karnaubavaha<\/p>\n<p>Kuuma joogi valmistamiseks segage \u00fcks kuni kaks karu kruusis kuumas vees. Alternatiivina v\u00f5ib Teekarusid nautida ka eriti maitsva puuviljakummina!<\/p>\n<p>Nutrition information per 100 g<br \/>\nEnergiasisaldus 1521 kj\/ 358kcal<br \/>\nFats 0,5 g<br \/>\nof which saturated fatty acids 0,3g<br \/>\nCarbohydrates 84g<br \/>\nmillest suhkrud 73g<br \/>\nValgud 4,9g<br \/>\nSalt 0,09g<\/p>","protected":false},"excerpt":{"rendered":"<p>Our tea carts are uniquely versatile and very popular! <\/p>","protected":false},"featured_media":3753,"template":"","meta":[],"product_brand":[],"product_cat":[327],"product_tag":[],"class_list":{"0":"post-3754","1":"product","2":"type-product","3":"status-publish","4":"has-post-thumbnail","6":"product_cat-kohv-tee","8":"first","9":"outofstock","10":"taxable","11":"shipping-taxable","12":"purchasable","13":"product-type-simple"},"_links":{"self":[{"href":"https:\/\/pipraveski.ee\/en\/wp-json\/wp\/v2\/product\/3754","targetHints":{"allow":["GET"]}}],"collection":[{"href":"https:\/\/pipraveski.ee\/en\/wp-json\/wp\/v2\/product"}],"about":[{"href":"https:\/\/pipraveski.ee\/en\/wp-json\/wp\/v2\/types\/product"}],"wp:featuredmedia":[{"embeddable":true,"href":"https:\/\/pipraveski.ee\/en\/wp-json\/wp\/v2\/media\/3753"}],"wp:attachment":[{"href":"https:\/\/pipraveski.ee\/en\/wp-json\/wp\/v2\/media?parent=3754"}],"wp:term":[{"taxonomy":"product_brand","embeddable":true,"href":"https:\/\/pipraveski.ee\/en\/wp-json\/wp\/v2\/product_brand?post=3754"},{"taxonomy":"product_cat","embeddable":true,"href":"https:\/\/pipraveski.ee\/en\/wp-json\/wp\/v2\/product_cat?post=3754"},{"taxonomy":"product_tag","embeddable":true,"href":"https:\/\/pipraveski.ee\/en\/wp-json\/wp\/v2\/product_tag?post=3754"}],"curies":[{"name":"wp","href":"https:\/\/api.w.org\/{rel}","templated":true}]}}