{"id":3752,"date":"2025-11-04T18:15:36","date_gmt":"2025-11-04T16:15:36","guid":{"rendered":"https:\/\/pipraveski.ee\/toode\/teekarud-mustika-jogurti-maitselised-100g\/"},"modified":"2026-04-17T11:32:43","modified_gmt":"2026-04-17T08:32:43","slug":"teekarud-mustika-jogurti-maitselised-100g","status":"publish","type":"product","link":"https:\/\/pipraveski.ee\/en\/product\/teekarud-mustika-jogurti-maitselised-100g\/","title":{"rendered":"Tea Bears, Blueberry yoghurt flavoured, 100g"},"content":{"rendered":"<p>To make a hot drink, mix one to three bears in a mug of hot water. Alternatively, Tea Bears can also be enjoyed as a particularly delicious fruit drink!<\/p>\n<p>Koostisosad:&nbsp;suhkur, gl\u00fckoosisiirup, \u017eelatiin, vesi, hapendaja: sidrunhape, l\u00f5hna- ja maitseaine, valge tee ekstrakt, taimeekstrakti v\u00e4rvaine (redis, bataat, kirss, \u00f5un), glasuuriaine: karnaubavaha, v\u00e4rvaine: E133<\/p>\n<p><span style=\"font-size: 13px\">Nutrition information per 100 g<\/span><br style=\"font-size: 13px\" \/><br \/>\n<span style=\"font-size: 13px\">Energiasisaldus 1510 kj\/ 355kcal<\/span><br style=\"font-size: 13px\" \/><br \/>\n<span style=\"font-size: 13px\">Fats 0,5 g<\/span><br style=\"font-size: 13px\" \/><br \/>\n<span style=\"font-size: 13px\">of which saturated fatty acids 0,3g<\/span><br style=\"font-size: 13px\" \/><br \/>\n<span style=\"font-size: 13px\">S\u00fcsivesikud 82g<\/span><br style=\"font-size: 13px\" \/><br \/>\n<span style=\"font-size: 13px\">of which sugars 72g<\/span><br style=\"font-size: 13px\" \/><br \/>\n<span style=\"font-size: 13px\">Protein 4,8 g<\/span><br style=\"font-size: 13px\" \/><br \/>\n<span style=\"font-size: 13px\">Salt 0,09g<\/span><\/p>","protected":false},"excerpt":{"rendered":"<p>Our tea carts are uniquely versatile and very popular! <\/p>","protected":false},"featured_media":3751,"template":"","meta":[],"product_brand":[],"product_cat":[327],"product_tag":[],"class_list":{"0":"post-3752","1":"product","2":"type-product","3":"status-publish","4":"has-post-thumbnail","6":"product_cat-kohv-tee","8":"first","9":"instock","10":"taxable","11":"shipping-taxable","12":"purchasable","13":"product-type-simple"},"_links":{"self":[{"href":"https:\/\/pipraveski.ee\/en\/wp-json\/wp\/v2\/product\/3752","targetHints":{"allow":["GET"]}}],"collection":[{"href":"https:\/\/pipraveski.ee\/en\/wp-json\/wp\/v2\/product"}],"about":[{"href":"https:\/\/pipraveski.ee\/en\/wp-json\/wp\/v2\/types\/product"}],"wp:featuredmedia":[{"embeddable":true,"href":"https:\/\/pipraveski.ee\/en\/wp-json\/wp\/v2\/media\/3751"}],"wp:attachment":[{"href":"https:\/\/pipraveski.ee\/en\/wp-json\/wp\/v2\/media?parent=3752"}],"wp:term":[{"taxonomy":"product_brand","embeddable":true,"href":"https:\/\/pipraveski.ee\/en\/wp-json\/wp\/v2\/product_brand?post=3752"},{"taxonomy":"product_cat","embeddable":true,"href":"https:\/\/pipraveski.ee\/en\/wp-json\/wp\/v2\/product_cat?post=3752"},{"taxonomy":"product_tag","embeddable":true,"href":"https:\/\/pipraveski.ee\/en\/wp-json\/wp\/v2\/product_tag?post=3752"}],"curies":[{"name":"wp","href":"https:\/\/api.w.org\/{rel}","templated":true}]}}