{"id":3750,"date":"2025-11-04T17:45:35","date_gmt":"2025-11-04T15:45:35","guid":{"rendered":"https:\/\/pipraveski.ee\/toode\/tume-sokolaad-57-vaarikatega-90g\/"},"modified":"2026-04-17T11:32:14","modified_gmt":"2026-04-17T08:32:14","slug":"tume-sokolaad-57-vaarikatega-90g","status":"publish","type":"product","link":"https:\/\/pipraveski.ee\/en\/product\/tume-sokolaad-57-vaarikatega-90g\/","title":{"rendered":"Dark chocolate, 57%, with raspberries, 90g"},"content":{"rendered":"<p><span style=\"font-size:14px\">Kim&#8217;s Chocolate&#8217;i Cachet&#8217; mahe\u0161okolaad on valmistatud ainult Tansaaniast p\u00e4rit kakaoubadest.<br \/>\nSee \u0161okolaad pakub r\u00f5\u00f5mu mitte ainult oma maitse ja disainiga, vaid on seotud ka abiprojektiga &#8220;Kakao koolidele&#8221;. Millega soovitakse toetada Tansaania p\u00f5llumehi ja peresid.<\/p>\n<p><strong>Ingredients:&nbsp;<\/strong>kakaomass, roosuhkur, kakaov\u00f5i, vaarikad (2%), emulgaator: sojaletsitiin, looduslik vaarikamaitseaine.<\/span><br \/>\nBE-BIO-01<\/p>\n<p>Nutrition information per 100g<br \/>\nEnergiasisaldus 2250kJ \/ 540kcl<br \/>\nRasv 35 g<br \/>\nmillest k\u00fcllastunud rasvhapped 21 g<br \/>\nS\u00fcsivesikud 47 g<br \/>\nmillest suhkrud 44 g<br \/>\nValgud 5,7 g<br \/>\nSalt 0 g<br \/>\n&nbsp;<\/p>","protected":false},"excerpt":{"rendered":"<p>Kim&#8217;s Chocolate&#8217;i Cachet&#8217; mahe\u0161okolaad on valmistatud ainult Tansaaniast p\u00e4rit kakaoubadest. See \u0161okolaad pakub r\u00f5\u00f5mu mitte ainult oma maitse ja disainiga, vaid on seotud ka abiprojektiga &#8220;Kakao koolidele&#8221;. Millega soovitakse toetada Tansaania p\u00f5llumehi ja peresid. Koostisosad:&nbsp;kakaomass, roosuhkur, kakaov\u00f5i, vaarikad (2%), emulgaator: sojaletsitiin, looduslik vaarikamaitseaine. BE-BIO-01 Toitumisalane teave 100g kohta Energiasisaldus 2250kJ \/ 540kcl Rasv 35 g [&hellip;]<\/p>\n","protected":false},"featured_media":3749,"template":"","meta":[],"product_brand":[],"product_cat":[324],"product_tag":[],"class_list":{"0":"post-3750","1":"product","2":"type-product","3":"status-publish","4":"has-post-thumbnail","6":"product_cat-maiustused-snakid","8":"first","9":"outofstock","10":"taxable","11":"shipping-taxable","12":"purchasable","13":"product-type-simple"},"_links":{"self":[{"href":"https:\/\/pipraveski.ee\/en\/wp-json\/wp\/v2\/product\/3750","targetHints":{"allow":["GET"]}}],"collection":[{"href":"https:\/\/pipraveski.ee\/en\/wp-json\/wp\/v2\/product"}],"about":[{"href":"https:\/\/pipraveski.ee\/en\/wp-json\/wp\/v2\/types\/product"}],"wp:featuredmedia":[{"embeddable":true,"href":"https:\/\/pipraveski.ee\/en\/wp-json\/wp\/v2\/media\/3749"}],"wp:attachment":[{"href":"https:\/\/pipraveski.ee\/en\/wp-json\/wp\/v2\/media?parent=3750"}],"wp:term":[{"taxonomy":"product_brand","embeddable":true,"href":"https:\/\/pipraveski.ee\/en\/wp-json\/wp\/v2\/product_brand?post=3750"},{"taxonomy":"product_cat","embeddable":true,"href":"https:\/\/pipraveski.ee\/en\/wp-json\/wp\/v2\/product_cat?post=3750"},{"taxonomy":"product_tag","embeddable":true,"href":"https:\/\/pipraveski.ee\/en\/wp-json\/wp\/v2\/product_tag?post=3750"}],"curies":[{"name":"wp","href":"https:\/\/api.w.org\/{rel}","templated":true}]}}