{"id":375,"date":"2025-10-22T19:01:59","date_gmt":"2025-10-22T16:01:59","guid":{"rendered":"https:\/\/pipraveski.ee\/?post_type=product&#038;p=375"},"modified":"2026-04-17T11:33:19","modified_gmt":"2026-04-17T08:33:19","slug":"misopasta-punane-hikari-400g","status":"publish","type":"product","link":"https:\/\/pipraveski.ee\/en\/product\/misopasta-punane-hikari-400g\/","title":{"rendered":"Miso paste, red, Hikari, 400g"},"content":{"rendered":"<p>&nbsp;<strong>Parim enne: 30.11.2025<\/strong><\/p>\n<p>Misopasta on fermenteeritud sojaoa pasta.<br \/>\nTraditsiooniline Jaapani maitseaine suppide, kastmete, hautiste jp roogade rikastamiseks.<\/p>\n<p>Punane misopasta on pisut tugevam ja v\u00fcrtsikam v\u00f5rreldes valgega &#8211; sobib eriti h\u00e4sti suppidesse, hautistesse jms.<br \/>\nPunane miso v\u00f5ib kergematele kastmetele (nt salatikaste) olla liiga tugeva maitsega &#8211; kasutage seal valget misopastat.<\/p>\n<p>Kasutamine: segada kuuma vee v\u00f5i puljongiga.<br \/>\nMiso-supp: 200ml hondashi puljongile lisada 20g misopastat.<br \/>\nMaitsestada wakame vetika, tofu v\u00f5i rohelise sibulaga.<\/p>\n<p>Koostisosad: vesi, SOJAuba, riis, sool, alkohol.<br \/>\nStore in the refrigerator after opening.<\/p>\n<p>Nutrition information per 100g:<br \/>\nEnergiasisaldus 810kJ\/194kcal<br \/>\nRasvad 5,8g<br \/>\nof which saturated fatty acids 0,9g<br \/>\nCarbohydrates 25g<br \/>\nof which sugars 11g<br \/>\nProtein 10g<br \/>\nSool 11,3g<\/p>\n<p>Country of origin: Japan<\/p>","protected":false},"excerpt":{"rendered":"<p>Jaapanip\u00e4rane fermenteeritud sojaoa pasta suppidele, kastmetele, hautistele jms<\/p>","protected":false},"featured_media":406,"template":"","meta":[],"product_brand":[274],"product_cat":[308],"product_tag":[],"class_list":{"0":"post-375","1":"product","2":"type-product","3":"status-publish","4":"has-post-thumbnail","6":"product_brand-hikari","7":"product_cat-maitseaine-pastad-kastmed","9":"first","10":"instock","11":"sale","12":"taxable","13":"shipping-taxable","14":"purchasable","15":"product-type-simple"},"_links":{"self":[{"href":"https:\/\/pipraveski.ee\/en\/wp-json\/wp\/v2\/product\/375","targetHints":{"allow":["GET"]}}],"collection":[{"href":"https:\/\/pipraveski.ee\/en\/wp-json\/wp\/v2\/product"}],"about":[{"href":"https:\/\/pipraveski.ee\/en\/wp-json\/wp\/v2\/types\/product"}],"wp:featuredmedia":[{"embeddable":true,"href":"https:\/\/pipraveski.ee\/en\/wp-json\/wp\/v2\/media\/406"}],"wp:attachment":[{"href":"https:\/\/pipraveski.ee\/en\/wp-json\/wp\/v2\/media?parent=375"}],"wp:term":[{"taxonomy":"product_brand","embeddable":true,"href":"https:\/\/pipraveski.ee\/en\/wp-json\/wp\/v2\/product_brand?post=375"},{"taxonomy":"product_cat","embeddable":true,"href":"https:\/\/pipraveski.ee\/en\/wp-json\/wp\/v2\/product_cat?post=375"},{"taxonomy":"product_tag","embeddable":true,"href":"https:\/\/pipraveski.ee\/en\/wp-json\/wp\/v2\/product_tag?post=375"}],"curies":[{"name":"wp","href":"https:\/\/api.w.org\/{rel}","templated":true}]}}