{"id":3748,"date":"2025-11-04T16:45:37","date_gmt":"2025-11-04T14:45:37","guid":{"rendered":"https:\/\/pipraveski.ee\/toode\/must-tee-sokolaadi-truhvli-noodiga-40g\/"},"modified":"2026-04-17T11:31:59","modified_gmt":"2026-04-17T08:31:59","slug":"must-tee-sokolaadi-truhvli-noodiga-40g","status":"publish","type":"product","link":"https:\/\/pipraveski.ee\/en\/product\/must-tee-sokolaadi-truhvli-noodiga-40g\/","title":{"rendered":"Black tea with chocolate truffle flavour, 40g"},"content":{"rendered":"<p>Koostisosad, mis maitseb nii h\u00e4sti, kui nimigi \u00fctleb. Sulanud kreemjas- magusa \u0161okolaadi maitse, n\u00e4puotsaga v\u00e4rskelt k\u00fchveldatud koore ja \u00f5hulise kerge biskviiditainas, millest v\u00f5lub v\u00e4lja tume kreemjas tr\u00fchvlimass, rullub lahti mahedal mustal teel. See teeloom paneb iga magusas\u00f5bra unustama k\u00fclmikus olevad kreemjad magustoidud ja laual olevad peened \u0161okolaadid!<\/p>\n<p><strong>Ingredients:<\/strong> must tee (91%), kakaonibsid, kookoshelbed, \u0161okolaadit\u00fckid (suhkur, jahvatatud kakaooad kakaov\u00f5iga, kakaopulber, emulgaator: sojaletsitiin), l\u00f5hna- ja maitseained.<\/p>\n<p>&nbsp;3-5 minutit leotusaeg 100 \u00b0C veetemperatuur 4-5 teelusikat\u00e4it liitri kohta<\/p>","protected":false},"excerpt":{"rendered":"<p>Koostisosad, mis maitseb nii h\u00e4sti, kui nimigi \u00fctleb. Sulanud kreemjas- magusa \u0161okolaadi maitse, n\u00e4puotsaga v\u00e4rskelt k\u00fchveldatud koore ja \u00f5hulise kerge biskviiditainas, millest v\u00f5lub v\u00e4lja tume kreemjas tr\u00fchvlimass, rullub lahti mahedal mustal teel. See teeloom paneb iga magusas\u00f5bra unustama k\u00fclmikus olevad kreemjad magustoidud ja laual olevad peened \u0161okolaadid! Koostisosad: must tee (91%), kakaonibsid, kookoshelbed, \u0161okolaadit\u00fckid (suhkur, [&hellip;]<\/p>\n","protected":false},"featured_media":3747,"template":"","meta":[],"product_brand":[],"product_cat":[327],"product_tag":[],"class_list":{"0":"post-3748","1":"product","2":"type-product","3":"status-publish","4":"has-post-thumbnail","6":"product_cat-kohv-tee","8":"first","9":"instock","10":"taxable","11":"shipping-taxable","12":"purchasable","13":"product-type-simple"},"_links":{"self":[{"href":"https:\/\/pipraveski.ee\/en\/wp-json\/wp\/v2\/product\/3748","targetHints":{"allow":["GET"]}}],"collection":[{"href":"https:\/\/pipraveski.ee\/en\/wp-json\/wp\/v2\/product"}],"about":[{"href":"https:\/\/pipraveski.ee\/en\/wp-json\/wp\/v2\/types\/product"}],"wp:featuredmedia":[{"embeddable":true,"href":"https:\/\/pipraveski.ee\/en\/wp-json\/wp\/v2\/media\/3747"}],"wp:attachment":[{"href":"https:\/\/pipraveski.ee\/en\/wp-json\/wp\/v2\/media?parent=3748"}],"wp:term":[{"taxonomy":"product_brand","embeddable":true,"href":"https:\/\/pipraveski.ee\/en\/wp-json\/wp\/v2\/product_brand?post=3748"},{"taxonomy":"product_cat","embeddable":true,"href":"https:\/\/pipraveski.ee\/en\/wp-json\/wp\/v2\/product_cat?post=3748"},{"taxonomy":"product_tag","embeddable":true,"href":"https:\/\/pipraveski.ee\/en\/wp-json\/wp\/v2\/product_tag?post=3748"}],"curies":[{"name":"wp","href":"https:\/\/api.w.org\/{rel}","templated":true}]}}